{"id":3,"date":"2023-01-11T09:31:55","date_gmt":"2023-01-11T09:31:55","guid":{"rendered":"https:\/\/www.hotelquintadomarco.com\/?page_id=3"},"modified":"2025-06-05T12:27:57","modified_gmt":"2025-06-05T12:27:57","slug":"politica-de-privacidade-e-cookies","status":"publish","type":"page","link":"https:\/\/www.hotelquintadomarco.com\/en\/privacy-and-cookies-policy\/","title":{"rendered":"Privacy Policy &amp; Cookies"},"content":{"rendered":"<section class=\"section main-wrapper\" id=\"section_1421741722\">\n\t\t<div class=\"bg section-bg fill bg-fill  bg-loaded\" >\n\n\t\t\t\n\t\t\t\n\t\t\t\n\n\t\t<\/div>\n\n\t\t\n\n\t\t<div class=\"section-content relative\">\n\t\t\t\n\n<div class=\"slider-wrapper relative\" id=\"slider-1424583463\" style=\"background-color:rgb(255,255,255);\">\n    <div class=\"slider slider-nav-simple slider-nav-normal slider-nav-light slider-style-normal\"\n        data-flickity-options='{            \"cellAlign\": \"center\",            \"imagesLoaded\": true,            \"lazyLoad\": 1,            \"freeScroll\": false,            \"wrapAround\": false,            \"autoPlay\": false,            \"pauseAutoPlayOnHover\" : false,            \"prevNextButtons\": false,            \"contain\" : true,            \"adaptiveHeight\" : true,            \"dragThreshold\" : 10,            \"percentPosition\": true,            \"pageDots\": false,            \"rightToLeft\": false,            \"draggable\": false,            \"selectedAttraction\": 0.1,            \"parallax\" : 2,            \"friction\": 0.6        }'\n        >\n        \n\n\n  <div class=\"banner has-hover\" id=\"banner-2087384346\">\n          <div class=\"banner-inner fill\">\n        <div class=\"banner-bg fill\" >\n            <div class=\"bg fill bg-fill\"><\/div>\n                        <div class=\"overlay\"><\/div>            \n                    <\/div>\n\t\t\n        <div class=\"banner-layers container\">\n            <div class=\"fill banner-link\"><\/div>            \n\n   <div id=\"text-box-2093868949\" class=\"text-box banner-layer x0 md-x0 lg-x0 y70 md-y95 lg-y95 res-text\">\n                                <div class=\"text-box-content text dark\">\n              \n              <div class=\"text-inner text-center\">\n                  \n\n\t<div id=\"text-3008557125\" class=\"text cover-title\">\n\t\t\n\n<h1>Privacy Policy<\/h1>\n\t\t\n<style>\n#text-3008557125 {\n  font-size: 0.75rem;\n  line-height: 0.75;\n  text-align: left;\n}\n@media (min-width:550px) {\n  #text-3008557125 {\n    font-size: 1rem;\n  }\n}\n<\/style>\n\t<\/div>\n\t\n\t<div id=\"gap-1251924050\" class=\"gap-element clearfix\" style=\"display:block; height:auto;\">\n\t\t\n<style>\n#gap-1251924050 {\n  padding-top: 60px;\n}\n@media (min-width:550px) {\n  #gap-1251924050 {\n    padding-top: 100px;\n  }\n}\n<\/style>\n\t<\/div>\n\t\n\n\n              <\/div>\n           <\/div>\n                            \n<style>\n#text-box-2093868949 .text-inner {\n  padding: 0px 15px 0px 15px;\n}\n#text-box-2093868949 {\n  width: 100%;\n}\n#text-box-2093868949 .text-box-content {\n  font-size: 100%;\n}\n@media (min-width:550px) {\n  #text-box-2093868949 {\n    width: 63%;\n  }\n}\n<\/style>\n    <\/div>\n \n\n        <\/div>\n      <\/div>\n\n            \n<style>\n#banner-2087384346 {\n  padding-top: 515px;\n}\n#banner-2087384346 .bg.bg-loaded {\n  background-image: url(https:\/\/www.hotelquintadomarco.com\/wp-content\/uploads\/2023\/02\/Captura-de-ecra-2023-02-22-as-14.38.03.jpg);\n}\n#banner-2087384346 .overlay {\n  background-color: rgba(0, 0, 0, 0.6);\n}\n#banner-2087384346 .bg {\n  background-position: 0% 44%;\n}\n#banner-2087384346 .ux-shape-divider--top svg {\n  height: 150px;\n  --divider-top-width: 100%;\n}\n#banner-2087384346 .ux-shape-divider--bottom svg {\n  height: 150px;\n  --divider-width: 100%;\n}\n<\/style>\n  <\/div>\n\n\n\n     <\/div>\n\n     <div class=\"loading-spin dark large centered\"><\/div>\n\n     \t<\/div>\n\n\n\n\t\t<\/div>\n\n\t\t\n<style>\n#section_1421741722 {\n  padding-top: 0px;\n  padding-bottom: 0px;\n}\n#section_1421741722 .ux-shape-divider--top svg {\n  height: 150px;\n  --divider-top-width: 100%;\n}\n#section_1421741722 .ux-shape-divider--bottom svg {\n  height: 150px;\n  --divider-width: 100%;\n}\n<\/style>\n\t<\/section>\n\t\n\n\t<section class=\"section main-wrapper booking-section\" id=\"section_1074484692\">\n\t\t<div class=\"bg section-bg fill bg-fill  bg-loaded\" >\n\n\t\t\t\n\t\t\t\n\t\t\t\n\n\t\t<\/div>\n\n\t\t\n\n\t\t<div class=\"section-content relative\">\n\t\t\t\n\n<div class=\"row\"  id=\"row-847576157\">\n\n\n\t<div id=\"col-243173744\" class=\"col small-12 large-12\"  >\n\t\t\t\t<div class=\"col-inner\"  >\n\t\t\t\n\t\t\t\n\n<p><span style=\"font-weight: 400;\">A privacidade dos nossos Clientes \u00e9 um dos principais pilares da pol\u00edtica da empresa InoHotels LDA.<\/span><\/p>\n<p>\u00a0<\/p>\n<p><span style=\"font-weight: 400;\">De acordo com as obriga\u00e7\u00f5es inerentes ao Regulamento Geral de Prote\u00e7\u00e3o de Dados (RGPD), a InoHotels LDA<\/span><span style=\"font-size: 14.4px;\">\u00a0compromete-se, na presente Pol\u00edtica de Privacidade, a inform\u00e1-lo sobre os objetivos e a forma como s\u00e3o tratados os seus dados pessoais (i.e. recolha, armazenamento, processamento, transmiss\u00e3o e elimina\u00e7\u00e3o), garantindo que os seus dados s\u00e3o recolhidos e guardados, tendo como refer\u00eancia as melhores pr\u00e1ticas no dom\u00ednio da seguran\u00e7a e da prote\u00e7\u00e3o dos dados pessoais.\u00a0<\/span><\/p>\n<p>\u00a0<\/p>\n<p><span style=\"font-weight: 400;\">No compromisso de garantir a seguran\u00e7a dos dados pessoais dos seus clientes e funcion\u00e1rios, a InoHotels LDA, implementou medidas de seguran\u00e7a t\u00e9cnicas e organizacionais consideradas necess\u00e1rias \u00e0s atividades de processamento.\u00a0<\/span><\/p>\n<p><span style=\"font-weight: 400;\">The data collected is not transferred to third parties without your prior consent. Personal data may also be shared with other entities in accordance with: a) applicable legislation, b) compliance with legal obligations, c) or in response to requests from public and government authorities.\u00a0<\/span><\/p>\n<p>\u00a0<\/p>\n<p><span style=\"font-weight: 400;\">A InoHotels LDA assume o compromisso de utilizar os seus dados pessoais apenas para os fins que lhe foram comunicados, e sempre de uma forma segura e respons\u00e1vel.\u00a0<\/span><\/p>\n<p>\u00a0<\/p>\n<p><span style=\"font-weight: 400;\">In this Privacy Policy, the term \"Personal Data\" means the collection of information relating to you that allows us to identify you, directly or indirectly. Your Personal Data may include, for example, your name, your tax identification number, your contact details, your transactions and your interactions with us.\u00a0<\/span><\/p>\n<p>\u00a0<\/p>\n<p><span style=\"font-weight: 400;\">A InoHotels LDA poder\u00e1 recolher as seguintes categorias de dados pessoais:\u00a0<\/span><\/p>\n<p>\u00a0<\/p>\n<ol>\n<li><span style=\"font-weight: 400;\"> User identification data - name, age, e-mail, address, tax identification number, date of birth, contact, among others.\u00a0<\/span><\/li>\n<li><span style=\"font-weight: 400;\"> Information about the children: name, date of birth, age, among others.\u00a0<\/span><\/li>\n<\/ol>\n<p><span style=\"font-weight: 400;\">Customers must ensure that children and young people under the age of 18 do not send personal data without their permission.\u00a0<\/span><\/p>\n<ol>\n<li><span style=\"font-weight: 400;\"> Credit card details - cardholder's name, card number, its validity and its security code.\u00a0<\/span><\/li>\n<li><span style=\"font-weight: 400;\"> Services provided - name, address, telephone, e-mail, date of birth, service identification.\u00a0<\/span><\/li>\n<li><span style=\"font-weight: 400;\"> Interests and preferences: such as preferred room location, smoking\/non-smoking room, preferred room type and bed requested, desired newspaper, among others.\u00a0<\/span><\/li>\n<li><span style=\"font-weight: 400;\"> Possible comments during or after your stay at Hotel Quinta do Marco<\/span><\/li>\n<\/ol>\n<p>\u00a0<\/p>\n<p><span style=\"font-weight: 400;\">We do not ask for sensitive information such as: religious or philosophical beliefs, political opinions, health information, race or ethnicity, sexual orientation or trade union membership.\u00a0<\/span><\/p>\n<p><span style=\"font-weight: 400;\">We use your personal data for the following purposes:\u00a0<\/span><\/p>\n<ol>\n<li><span style=\"font-weight: 400;\"> Customer Management - to enable us to provide you with the service for which you have contracted us and to improve the services provided in our hotel, in order to understand our customers' needs and exceed their expectations\u00a0<\/span><\/li>\n<li><span style=\"font-weight: 400;\"> Invoice Management - for issuing invoices for the acquisition of goods and services.\u00a0<\/span><\/li>\n<li><span style=\"font-weight: 400;\"> Warranties and after-sales support - to enable you to access after-sales and warranty services.\u00a0<\/span><\/li>\n<li><span style=\"font-weight: 400;\"> Marketing and Communication - for market research, participation in advertising programmes (to receive offers\/promotions; collaboration in customer surveys and\/or comments, competitions).<\/span><\/li>\n<\/ol>\n<p>\u00a0<\/p>\n<p><span style=\"font-weight: 400;\">Under the terms of the legislation in force, you are guaranteed access, rectification, alteration, opposition to treatment, portability and elimination of your personal data, by contacting the company's Human Resources.\u00a0<\/span><\/p>\n<p><span style=\"font-weight: 400;\">A InoHotels LDA pode solicitar uma c\u00f3pia de um documento de identifica\u00e7\u00e3o v\u00e1lido para proteger a privacidade do cliente e confirmar a sua identidade, antes de efetuar quaisquer altera\u00e7\u00f5es.\u00a0<\/span><\/p>\n<p>\u00a0<\/p>\n<p><span style=\"font-weight: 400;\">Clients may request the portability of their personal data contained in the automated systems of the group or files thereof, provided that they supply a medium to which they can be transferred from that medium.\u00a0<\/span><\/p>\n<p>\u00a0<\/p>\n<p><span style=\"font-weight: 400;\">The Clients consent that photocopies of their citizen card, identity card, taxpayer card and social security card, passport, residence permit, community citizen registration certificate be extracted in order to better fulfil their declarative and contractual obligations.\u00a0<\/span><\/p>\n<p>\u00a0<\/p>\n<p><span style=\"font-weight: 400;\">The storage period of personal data complies with the Law. Personal data, for the purposes of managing the customer file, is kept for the duration of the stay and also for as long as the company is legally obliged to keep such data, plus a period of one month to delete it.\u00a0<\/span><\/p>\n<p><span style=\"font-weight: 400;\">To find out how long your data will be kept, please see the document on your right to information entitled \"Information on the Processing of your Personal Data\".\u00a0<\/span><\/p>\n<p>\u00a0<\/p>\n<p><span style=\"font-weight: 400;\">O cliente tem igualmente direito a apresentar uma reclama\u00e7\u00e3o \u00e0 CNPD ou a outra autoridade de controlo competente nos termos da lei, caso entenda que o tratamento dos seus dados pela InoHotels LDA viola o regime legal em vigor a cada momento. A remo\u00e7\u00e3o do consentimento n\u00e3o invalida o tratamento efetuado at\u00e9 essa data com base no consentimento anteriormente prestado.<\/span><\/p>\n\n\t\t<\/div>\n\t\t\t\t\t<\/div>\n\n\t\n\n<\/div>\n\n\t\t<\/div>\n\n\t\t\n<style>\n#section_1074484692 {\n  padding-top: 60px;\n  padding-bottom: 60px;\n  background-color: rgb(255,255,255);\n}\n#section_1074484692 .ux-shape-divider--top svg {\n  height: 150px;\n  --divider-top-width: 100%;\n}\n#section_1074484692 .ux-shape-divider--bottom svg {\n  height: 150px;\n  --divider-width: 100%;\n}\n<\/style>\n\t<\/section>","protected":false},"excerpt":{"rendered":"","protected":false},"author":2,"featured_media":0,"parent":0,"menu_order":0,"comment_status":"closed","ping_status":"closed","template":"page-transparent-header-light.php","meta":{"footnotes":""},"class_list":["post-3","page","type-page","status-publish","hentry"],"yoast_head":"<!-- This site is optimized with the Yoast SEO Premium plugin v20.2.1 (Yoast SEO v26.6) - https:\/\/yoast.com\/wordpress\/plugins\/seo\/ -->\n<title>Pol\u00edtica de privacidade - Hotel Rural Quinta do Marco<\/title>\n<meta name=\"description\" content=\"No Hotel Rural Quinta do Marco, estamos empenhados em proteger a sua privacidade. Saiba mais sobre as nossas pol\u00edticas de prote\u00e7\u00e3o de dados e muito mais.\" \/>\n<meta name=\"robots\" content=\"index, follow, max-snippet:-1, max-image-preview:large, max-video-preview:-1\" \/>\n<link rel=\"canonical\" href=\"https:\/\/www.hotelquintadomarco.com\/en\/privacy-and-cookies-policy\/\" \/>\n<meta property=\"og:locale\" content=\"en_GB\" \/>\n<meta property=\"og:type\" content=\"article\" \/>\n<meta property=\"og:title\" content=\"Pol\u00edtica de Privacidade &amp; Cookies\" \/>\n<meta property=\"og:description\" content=\"No Hotel Rural Quinta do Marco, estamos empenhados em proteger a sua privacidade. Saiba mais sobre as nossas pol\u00edticas de prote\u00e7\u00e3o de dados e muito mais.\" \/>\n<meta property=\"og:url\" content=\"https:\/\/www.hotelquintadomarco.com\/en\/privacy-and-cookies-policy\/\" \/>\n<meta property=\"og:site_name\" content=\"Quinta do Marco\" \/>\n<meta property=\"article:modified_time\" content=\"2025-06-05T12:27:57+00:00\" \/>\n<meta name=\"twitter:card\" content=\"summary_large_image\" \/>\n<meta name=\"twitter:label1\" content=\"Estimated reading time\" \/>\n\t<meta name=\"twitter:data1\" content=\"6 minutes\" \/>\n<script type=\"application\/ld+json\" class=\"yoast-schema-graph\">{\"@context\":\"https:\/\/schema.org\",\"@graph\":[{\"@type\":\"WebPage\",\"@id\":\"https:\/\/www.hotelquintadomarco.com\/politica-de-privacidade-e-cookies\/\",\"url\":\"https:\/\/www.hotelquintadomarco.com\/politica-de-privacidade-e-cookies\/\",\"name\":\"Pol\u00edtica de privacidade - Hotel Rural Quinta do Marco\",\"isPartOf\":{\"@id\":\"https:\/\/www.hotelquintadomarco.com\/#website\"},\"datePublished\":\"2023-01-11T09:31:55+00:00\",\"dateModified\":\"2025-06-05T12:27:57+00:00\",\"description\":\"No Hotel Rural Quinta do Marco, estamos empenhados em proteger a sua privacidade. Saiba mais sobre as nossas pol\u00edticas de prote\u00e7\u00e3o de dados e muito mais.\",\"breadcrumb\":{\"@id\":\"https:\/\/www.hotelquintadomarco.com\/politica-de-privacidade-e-cookies\/#breadcrumb\"},\"inLanguage\":\"en-GB\",\"potentialAction\":[{\"@type\":\"ReadAction\",\"target\":[\"https:\/\/www.hotelquintadomarco.com\/politica-de-privacidade-e-cookies\/\"]}]},{\"@type\":\"BreadcrumbList\",\"@id\":\"https:\/\/www.hotelquintadomarco.com\/politica-de-privacidade-e-cookies\/#breadcrumb\",\"itemListElement\":[{\"@type\":\"ListItem\",\"position\":1,\"name\":\"In\u00edcio\",\"item\":\"https:\/\/www.hotelquintadomarco.com\/\"},{\"@type\":\"ListItem\",\"position\":2,\"name\":\"Pol\u00edtica de Privacidade &#038; Cookies\"}]},{\"@type\":\"WebSite\",\"@id\":\"https:\/\/www.hotelquintadomarco.com\/#website\",\"url\":\"https:\/\/www.hotelquintadomarco.com\/\",\"name\":\"Quinta do Marco\",\"description\":\"Ecoturismo\",\"potentialAction\":[{\"@type\":\"SearchAction\",\"target\":{\"@type\":\"EntryPoint\",\"urlTemplate\":\"https:\/\/www.hotelquintadomarco.com\/?s={search_term_string}\"},\"query-input\":{\"@type\":\"PropertyValueSpecification\",\"valueRequired\":true,\"valueName\":\"search_term_string\"}}],\"inLanguage\":\"en-GB\"}]}<\/script>\n<!-- \/ Yoast SEO Premium plugin. -->","yoast_head_json":{"title":"Pol\u00edtica de privacidade - Hotel Rural Quinta do Marco","description":"No Hotel Rural Quinta do Marco, estamos empenhados em proteger a sua privacidade. Saiba mais sobre as nossas pol\u00edticas de prote\u00e7\u00e3o de dados e muito mais.","robots":{"index":"index","follow":"follow","max-snippet":"max-snippet:-1","max-image-preview":"max-image-preview:large","max-video-preview":"max-video-preview:-1"},"canonical":"https:\/\/www.hotelquintadomarco.com\/en\/privacy-and-cookies-policy\/","og_locale":"en_GB","og_type":"article","og_title":"Pol\u00edtica de Privacidade & Cookies","og_description":"No Hotel Rural Quinta do Marco, estamos empenhados em proteger a sua privacidade. Saiba mais sobre as nossas pol\u00edticas de prote\u00e7\u00e3o de dados e muito mais.","og_url":"https:\/\/www.hotelquintadomarco.com\/en\/privacy-and-cookies-policy\/","og_site_name":"Quinta do Marco","article_modified_time":"2025-06-05T12:27:57+00:00","twitter_card":"summary_large_image","twitter_misc":{"Estimated reading time":"6 minutes"},"schema":{"@context":"https:\/\/schema.org","@graph":[{"@type":"WebPage","@id":"https:\/\/www.hotelquintadomarco.com\/politica-de-privacidade-e-cookies\/","url":"https:\/\/www.hotelquintadomarco.com\/politica-de-privacidade-e-cookies\/","name":"Pol\u00edtica de privacidade - Hotel Rural Quinta do Marco","isPartOf":{"@id":"https:\/\/www.hotelquintadomarco.com\/#website"},"datePublished":"2023-01-11T09:31:55+00:00","dateModified":"2025-06-05T12:27:57+00:00","description":"No Hotel Rural Quinta do Marco, estamos empenhados em proteger a sua privacidade. Saiba mais sobre as nossas pol\u00edticas de prote\u00e7\u00e3o de dados e muito mais.","breadcrumb":{"@id":"https:\/\/www.hotelquintadomarco.com\/politica-de-privacidade-e-cookies\/#breadcrumb"},"inLanguage":"en-GB","potentialAction":[{"@type":"ReadAction","target":["https:\/\/www.hotelquintadomarco.com\/politica-de-privacidade-e-cookies\/"]}]},{"@type":"BreadcrumbList","@id":"https:\/\/www.hotelquintadomarco.com\/politica-de-privacidade-e-cookies\/#breadcrumb","itemListElement":[{"@type":"ListItem","position":1,"name":"In\u00edcio","item":"https:\/\/www.hotelquintadomarco.com\/"},{"@type":"ListItem","position":2,"name":"Pol\u00edtica de Privacidade &#038; Cookies"}]},{"@type":"WebSite","@id":"https:\/\/www.hotelquintadomarco.com\/#website","url":"https:\/\/www.hotelquintadomarco.com\/","name":"Quinta do Marco","description":"Ecoturismo","potentialAction":[{"@type":"SearchAction","target":{"@type":"EntryPoint","urlTemplate":"https:\/\/www.hotelquintadomarco.com\/?s={search_term_string}"},"query-input":{"@type":"PropertyValueSpecification","valueRequired":true,"valueName":"search_term_string"}}],"inLanguage":"en-GB"}]}},"_links":{"self":[{"href":"https:\/\/www.hotelquintadomarco.com\/en\/wp-json\/wp\/v2\/pages\/3","targetHints":{"allow":["GET"]}}],"collection":[{"href":"https:\/\/www.hotelquintadomarco.com\/en\/wp-json\/wp\/v2\/pages"}],"about":[{"href":"https:\/\/www.hotelquintadomarco.com\/en\/wp-json\/wp\/v2\/types\/page"}],"author":[{"embeddable":true,"href":"https:\/\/www.hotelquintadomarco.com\/en\/wp-json\/wp\/v2\/users\/2"}],"replies":[{"embeddable":true,"href":"https:\/\/www.hotelquintadomarco.com\/en\/wp-json\/wp\/v2\/comments?post=3"}],"version-history":[{"count":1,"href":"https:\/\/www.hotelquintadomarco.com\/en\/wp-json\/wp\/v2\/pages\/3\/revisions"}],"predecessor-version":[{"id":8098,"href":"https:\/\/www.hotelquintadomarco.com\/en\/wp-json\/wp\/v2\/pages\/3\/revisions\/8098"}],"wp:attachment":[{"href":"https:\/\/www.hotelquintadomarco.com\/en\/wp-json\/wp\/v2\/media?parent=3"}],"curies":[{"name":"wp","href":"https:\/\/api.w.org\/{rel}","templated":true}]}}