{"id":3,"date":"2023-01-11T09:31:55","date_gmt":"2023-01-11T09:31:55","guid":{"rendered":"https:\/\/www.hotelquintadomarco.com\/?page_id=3"},"modified":"2025-06-05T12:27:57","modified_gmt":"2025-06-05T12:27:57","slug":"politica-de-privacidade-e-cookies","status":"publish","type":"page","link":"https:\/\/www.hotelquintadomarco.com\/es\/politica-de-privacidad-y-cookies\/","title":{"rendered":"Pol\u00edtica de privacidad y cookies"},"content":{"rendered":"<section class=\"section main-wrapper\" id=\"section_875973536\">\n\t\t<div class=\"bg section-bg fill bg-fill  bg-loaded\" >\n\n\t\t\t\n\t\t\t\n\t\t\t\n\n\t\t<\/div>\n\n\t\t\n\n\t\t<div class=\"section-content relative\">\n\t\t\t\n\n<div class=\"slider-wrapper relative\" id=\"slider-923544570\" style=\"background-color:rgb(255,255,255);\">\n    <div class=\"slider slider-nav-simple slider-nav-normal slider-nav-light slider-style-normal\"\n        data-flickity-options='{            \"cellAlign\": \"center\",            \"imagesLoaded\": true,            \"lazyLoad\": 1,            \"freeScroll\": false,            \"wrapAround\": false,            \"autoPlay\": false,            \"pauseAutoPlayOnHover\" : false,            \"prevNextButtons\": false,            \"contain\" : true,            \"adaptiveHeight\" : true,            \"dragThreshold\" : 10,            \"percentPosition\": true,            \"pageDots\": false,            \"rightToLeft\": false,            \"draggable\": false,            \"selectedAttraction\": 0.1,            \"parallax\" : 2,            \"friction\": 0.6        }'\n        >\n        \n\n\n  <div class=\"banner has-hover\" id=\"banner-1906041878\">\n          <div class=\"banner-inner fill\">\n        <div class=\"banner-bg fill\" >\n            <div class=\"bg fill bg-fill\"><\/div>\n                        <div class=\"overlay\"><\/div>            \n                    <\/div>\n\t\t\n        <div class=\"banner-layers container\">\n            <div class=\"fill banner-link\"><\/div>            \n\n   <div id=\"text-box-131507199\" class=\"text-box banner-layer x0 md-x0 lg-x0 y70 md-y95 lg-y95 res-text\">\n                                <div class=\"text-box-content text dark\">\n              \n              <div class=\"text-inner text-center\">\n                  \n\n\t<div id=\"text-2679850091\" class=\"text cover-title\">\n\t\t\n\n<h1>Pol\u00edtica de privacidad<\/h1>\n\t\t\n<style>\n#text-2679850091 {\n  font-size: 0.75rem;\n  line-height: 0.75;\n  text-align: left;\n}\n@media (min-width:550px) {\n  #text-2679850091 {\n    font-size: 1rem;\n  }\n}\n<\/style>\n\t<\/div>\n\t\n\t<div id=\"gap-379555981\" class=\"gap-element clearfix\" style=\"display:block; height:auto;\">\n\t\t\n<style>\n#gap-379555981 {\n  padding-top: 60px;\n}\n@media (min-width:550px) {\n  #gap-379555981 {\n    padding-top: 100px;\n  }\n}\n<\/style>\n\t<\/div>\n\t\n\n\n              <\/div>\n           <\/div>\n                            \n<style>\n#text-box-131507199 .text-inner {\n  padding: 0px 15px 0px 15px;\n}\n#text-box-131507199 {\n  width: 100%;\n}\n#text-box-131507199 .text-box-content {\n  font-size: 100%;\n}\n@media (min-width:550px) {\n  #text-box-131507199 {\n    width: 63%;\n  }\n}\n<\/style>\n    <\/div>\n \n\n        <\/div>\n      <\/div>\n\n            \n<style>\n#banner-1906041878 {\n  padding-top: 515px;\n}\n#banner-1906041878 .bg.bg-loaded {\n  background-image: url(https:\/\/www.hotelquintadomarco.com\/wp-content\/uploads\/2023\/02\/Captura-de-ecra-2023-02-22-as-14.38.03.jpg);\n}\n#banner-1906041878 .overlay {\n  background-color: rgba(0, 0, 0, 0.6);\n}\n#banner-1906041878 .bg {\n  background-position: 0% 44%;\n}\n#banner-1906041878 .ux-shape-divider--top svg {\n  height: 150px;\n  --divider-top-width: 100%;\n}\n#banner-1906041878 .ux-shape-divider--bottom svg {\n  height: 150px;\n  --divider-width: 100%;\n}\n<\/style>\n  <\/div>\n\n\n\n     <\/div>\n\n     <div class=\"loading-spin dark large centered\"><\/div>\n\n     \t<\/div>\n\n\n\n\t\t<\/div>\n\n\t\t\n<style>\n#section_875973536 {\n  padding-top: 0px;\n  padding-bottom: 0px;\n}\n#section_875973536 .ux-shape-divider--top svg {\n  height: 150px;\n  --divider-top-width: 100%;\n}\n#section_875973536 .ux-shape-divider--bottom svg {\n  height: 150px;\n  --divider-width: 100%;\n}\n<\/style>\n\t<\/section>\n\t\n\n\t<section class=\"section main-wrapper booking-section\" id=\"section_981263185\">\n\t\t<div class=\"bg section-bg fill bg-fill  bg-loaded\" >\n\n\t\t\t\n\t\t\t\n\t\t\t\n\n\t\t<\/div>\n\n\t\t\n\n\t\t<div class=\"section-content relative\">\n\t\t\t\n\n<div class=\"row\"  id=\"row-813186826\">\n\n\n\t<div id=\"col-1758287899\" class=\"col small-12 large-12\"  >\n\t\t\t\t<div class=\"col-inner\"  >\n\t\t\t\n\t\t\t\n\n<p><span style=\"font-weight: 400;\">A privacidade dos nossos Clientes \u00e9 um dos principais pilares da pol\u00edtica da empresa InoHotels LDA.<\/span><\/p>\n<p>\u00a0<\/p>\n<p><span style=\"font-weight: 400;\">De acordo com as obriga\u00e7\u00f5es inerentes ao Regulamento Geral de Prote\u00e7\u00e3o de Dados (RGPD), a InoHotels LDA<\/span><span style=\"font-size: 14.4px;\">\u00a0compromete-se, na presente Pol\u00edtica de Privacidade, a inform\u00e1-lo sobre os objetivos e a forma como s\u00e3o tratados os seus dados pessoais (i.e. recolha, armazenamento, processamento, transmiss\u00e3o e elimina\u00e7\u00e3o), garantindo que os seus dados s\u00e3o recolhidos e guardados, tendo como refer\u00eancia as melhores pr\u00e1ticas no dom\u00ednio da seguran\u00e7a e da prote\u00e7\u00e3o dos dados pessoais.\u00a0<\/span><\/p>\n<p>\u00a0<\/p>\n<p><span style=\"font-weight: 400;\">No compromisso de garantir a seguran\u00e7a dos dados pessoais dos seus clientes e funcion\u00e1rios, a InoHotels LDA, implementou medidas de seguran\u00e7a t\u00e9cnicas e organizacionais consideradas necess\u00e1rias \u00e0s atividades de processamento.\u00a0<\/span><\/p>\n<p><span style=\"font-weight: 400;\">Los datos recogidos no se transfieren a terceros sin su consentimiento previo. Los datos personales tambi\u00e9n podr\u00e1n compartirse con otras entidades de conformidad con: a) la legislaci\u00f3n aplicable, b) el cumplimiento de obligaciones legales, c) o en respuesta a solicitudes de autoridades p\u00fablicas y gubernamentales.\u00a0<\/span><\/p>\n<p>\u00a0<\/p>\n<p><span style=\"font-weight: 400;\">A InoHotels LDA assume o compromisso de utilizar os seus dados pessoais apenas para os fins que lhe foram comunicados, e sempre de uma forma segura e respons\u00e1vel.\u00a0<\/span><\/p>\n<p>\u00a0<\/p>\n<p><span style=\"font-weight: 400;\">En esta Pol\u00edtica de Privacidad, el t\u00e9rmino \"Datos Personales\" significa el conjunto de informaci\u00f3n que se refiere a usted y que nos permite identificarle, directa o indirectamente. Sus Datos Personales pueden incluir, por ejemplo, su nombre, su n\u00famero de identificaci\u00f3n fiscal, sus datos de contacto, sus transacciones y sus interacciones con nosotros.\u00a0<\/span><\/p>\n<p>\u00a0<\/p>\n<p><span style=\"font-weight: 400;\">A InoHotels LDA poder\u00e1 recolher as seguintes categorias de dados pessoais:\u00a0<\/span><\/p>\n<p>\u00a0<\/p>\n<ol>\n<li><span style=\"font-weight: 400;\"> Datos de identificaci\u00f3n del usuario: nombre, edad, correo electr\u00f3nico, direcci\u00f3n, n\u00famero de identificaci\u00f3n fiscal, fecha de nacimiento, contacto, entre otros.\u00a0<\/span><\/li>\n<li><span style=\"font-weight: 400;\"> Informaci\u00f3n sobre los ni\u00f1os: nombre, fecha de nacimiento, edad, entre otros.\u00a0<\/span><\/li>\n<\/ol>\n<p><span style=\"font-weight: 400;\">Los clientes deben asegurarse de que los ni\u00f1os y j\u00f3venes menores de 18 a\u00f1os no env\u00eden datos personales sin su permiso.\u00a0<\/span><\/p>\n<ol>\n<li><span style=\"font-weight: 400;\"> Datos de la tarjeta de cr\u00e9dito: nombre del titular, n\u00famero de tarjeta, validez y c\u00f3digo de seguridad.\u00a0<\/span><\/li>\n<li><span style=\"font-weight: 400;\"> Servicios prestados: nombre, direcci\u00f3n, tel\u00e9fono, correo electr\u00f3nico, fecha de nacimiento, identificaci\u00f3n del servicio.\u00a0<\/span><\/li>\n<li><span style=\"font-weight: 400;\"> Intereses y preferencias: como ubicaci\u00f3n preferida de la habitaci\u00f3n, habitaci\u00f3n para fumadores\/no fumadores, tipo de habitaci\u00f3n preferida y cama solicitada, peri\u00f3dico deseado, entre otros.\u00a0<\/span><\/li>\n<li><span style=\"font-weight: 400;\"> Posibles comentarios durante o despu\u00e9s de su estancia en el Hotel Quinta do Marco<\/span><\/li>\n<\/ol>\n<p>\u00a0<\/p>\n<p><span style=\"font-weight: 400;\">No solicitamos informaci\u00f3n sensible como creencias religiosas o filos\u00f3ficas, opiniones pol\u00edticas, informaci\u00f3n sanitaria, raza u origen \u00e9tnico, orientaci\u00f3n sexual o afiliaci\u00f3n sindical.\u00a0<\/span><\/p>\n<p><span style=\"font-weight: 400;\">Utilizamos sus datos personales para los siguientes fines:\u00a0<\/span><\/p>\n<ol>\n<li><span style=\"font-weight: 400;\"> Gesti\u00f3n de clientes: para poder prestarle el servicio para el que nos ha contratado y mejorar los servicios prestados en nuestro hotel, con el fin de conocer las necesidades de nuestros clientes y superar sus expectativas.\u00a0<\/span><\/li>\n<li><span style=\"font-weight: 400;\"> Gesti\u00f3n de facturas: para emitir facturas por la adquisici\u00f3n de bienes y servicios.\u00a0<\/span><\/li>\n<li><span style=\"font-weight: 400;\"> Garant\u00edas y asistencia posventa: para que pueda acceder a los servicios posventa y de garant\u00eda.\u00a0<\/span><\/li>\n<li><span style=\"font-weight: 400;\"> Marketing y Comunicaci\u00f3n - para estudios de mercado, participaci\u00f3n en programas publicitarios (para recibir ofertas\/promociones; colaboraci\u00f3n en encuestas y\/o comentarios de clientes, concursos).<\/span><\/li>\n<\/ol>\n<p>\u00a0<\/p>\n<p><span style=\"font-weight: 400;\">En los t\u00e9rminos de la legislaci\u00f3n vigente, se le garantiza el acceso, rectificaci\u00f3n, modificaci\u00f3n, oposici\u00f3n al tratamiento, portabilidad y eliminaci\u00f3n de sus datos personales, dirigi\u00e9ndose a los Recursos Humanos de la empresa.\u00a0<\/span><\/p>\n<p><span style=\"font-weight: 400;\">A InoHotels LDA pode solicitar uma c\u00f3pia de um documento de identifica\u00e7\u00e3o v\u00e1lido para proteger a privacidade do cliente e confirmar a sua identidade, antes de efetuar quaisquer altera\u00e7\u00f5es.\u00a0<\/span><\/p>\n<p>\u00a0<\/p>\n<p><span style=\"font-weight: 400;\">Los clientes podr\u00e1n solicitar la portabilidad de sus datos personales contenidos en los sistemas automatizados del grupo o ficheros del mismo, siempre que faciliten un soporte al que puedan ser transferidos desde dicho soporte.\u00a0<\/span><\/p>\n<p>\u00a0<\/p>\n<p><span style=\"font-weight: 400;\">Los Clientes consienten que se extraigan fotocopias de su tarjeta de ciudadano, tarjeta de identidad, tarjeta de contribuyente y tarjeta de seguridad social, pasaporte, permiso de residencia, certificado de registro de ciudadano comunitario para el mejor cumplimiento de sus obligaciones declarativas y contractuales.\u00a0<\/span><\/p>\n<p>\u00a0<\/p>\n<p><span style=\"font-weight: 400;\">El plazo de conservaci\u00f3n de los datos personales se ajusta a la Ley. Los datos de car\u00e1cter personal, a efectos de la gesti\u00f3n del fichero de clientes, se conservan durante el tiempo que dure la estancia y tambi\u00e9n durante el tiempo que la empresa est\u00e9 obligada legalmente a conservar dichos datos, m\u00e1s un plazo de un mes para eliminarlos.\u00a0<\/span><\/p>\n<p><span style=\"font-weight: 400;\">Para saber durante cu\u00e1nto tiempo se conservar\u00e1n sus datos, consulte el documento sobre su derecho a la informaci\u00f3n titulado \"Informaci\u00f3n sobre el tratamiento de sus datos personales\".\u00a0<\/span><\/p>\n<p>\u00a0<\/p>\n<p><span style=\"font-weight: 400;\">O cliente tem igualmente direito a apresentar uma reclama\u00e7\u00e3o \u00e0 CNPD ou a outra autoridade de controlo competente nos termos da lei, caso entenda que o tratamento dos seus dados pela InoHotels LDA viola o regime legal em vigor a cada momento. A remo\u00e7\u00e3o do consentimento n\u00e3o invalida o tratamento efetuado at\u00e9 essa data com base no consentimento anteriormente prestado.<\/span><\/p>\n\n\t\t<\/div>\n\t\t\t\t\t<\/div>\n\n\t\n\n<\/div>\n\n\t\t<\/div>\n\n\t\t\n<style>\n#section_981263185 {\n  padding-top: 60px;\n  padding-bottom: 60px;\n  background-color: rgb(255,255,255);\n}\n#section_981263185 .ux-shape-divider--top svg {\n  height: 150px;\n  --divider-top-width: 100%;\n}\n#section_981263185 .ux-shape-divider--bottom svg {\n  height: 150px;\n  --divider-width: 100%;\n}\n<\/style>\n\t<\/section>","protected":false},"excerpt":{"rendered":"","protected":false},"author":2,"featured_media":0,"parent":0,"menu_order":0,"comment_status":"closed","ping_status":"closed","template":"page-transparent-header-light.php","meta":{"footnotes":""},"class_list":["post-3","page","type-page","status-publish","hentry"],"yoast_head":"<!-- This site is optimized with the Yoast SEO Premium plugin v20.2.1 (Yoast SEO v26.6) - https:\/\/yoast.com\/wordpress\/plugins\/seo\/ -->\n<title>Pol\u00edtica de privacidade - Hotel Rural Quinta do Marco<\/title>\n<meta name=\"description\" content=\"No Hotel Rural Quinta do Marco, estamos empenhados em proteger a sua privacidade. Saiba mais sobre as nossas pol\u00edticas de prote\u00e7\u00e3o de dados e muito mais.\" \/>\n<meta name=\"robots\" content=\"index, follow, max-snippet:-1, max-image-preview:large, max-video-preview:-1\" \/>\n<link rel=\"canonical\" href=\"https:\/\/www.hotelquintadomarco.com\/es\/politica-de-privacidad-y-cookies\/\" \/>\n<meta property=\"og:locale\" content=\"es_ES\" \/>\n<meta property=\"og:type\" content=\"article\" \/>\n<meta property=\"og:title\" content=\"Pol\u00edtica de Privacidade &amp; Cookies\" \/>\n<meta property=\"og:description\" content=\"No Hotel Rural Quinta do Marco, estamos empenhados em proteger a sua privacidade. Saiba mais sobre as nossas pol\u00edticas de prote\u00e7\u00e3o de dados e muito mais.\" \/>\n<meta property=\"og:url\" content=\"https:\/\/www.hotelquintadomarco.com\/es\/politica-de-privacidad-y-cookies\/\" \/>\n<meta property=\"og:site_name\" content=\"Quinta do Marco\" \/>\n<meta property=\"article:modified_time\" content=\"2025-06-05T12:27:57+00:00\" \/>\n<meta name=\"twitter:card\" content=\"summary_large_image\" \/>\n<meta name=\"twitter:label1\" content=\"Tiempo de lectura\" \/>\n\t<meta name=\"twitter:data1\" content=\"6 minutos\" \/>\n<script type=\"application\/ld+json\" class=\"yoast-schema-graph\">{\"@context\":\"https:\/\/schema.org\",\"@graph\":[{\"@type\":\"WebPage\",\"@id\":\"https:\/\/www.hotelquintadomarco.com\/politica-de-privacidade-e-cookies\/\",\"url\":\"https:\/\/www.hotelquintadomarco.com\/politica-de-privacidade-e-cookies\/\",\"name\":\"Pol\u00edtica de privacidade - Hotel Rural Quinta do Marco\",\"isPartOf\":{\"@id\":\"https:\/\/www.hotelquintadomarco.com\/#website\"},\"datePublished\":\"2023-01-11T09:31:55+00:00\",\"dateModified\":\"2025-06-05T12:27:57+00:00\",\"description\":\"No Hotel Rural Quinta do Marco, estamos empenhados em proteger a sua privacidade. Saiba mais sobre as nossas pol\u00edticas de prote\u00e7\u00e3o de dados e muito mais.\",\"breadcrumb\":{\"@id\":\"https:\/\/www.hotelquintadomarco.com\/politica-de-privacidade-e-cookies\/#breadcrumb\"},\"inLanguage\":\"es\",\"potentialAction\":[{\"@type\":\"ReadAction\",\"target\":[\"https:\/\/www.hotelquintadomarco.com\/politica-de-privacidade-e-cookies\/\"]}]},{\"@type\":\"BreadcrumbList\",\"@id\":\"https:\/\/www.hotelquintadomarco.com\/politica-de-privacidade-e-cookies\/#breadcrumb\",\"itemListElement\":[{\"@type\":\"ListItem\",\"position\":1,\"name\":\"In\u00edcio\",\"item\":\"https:\/\/www.hotelquintadomarco.com\/\"},{\"@type\":\"ListItem\",\"position\":2,\"name\":\"Pol\u00edtica de Privacidade &#038; Cookies\"}]},{\"@type\":\"WebSite\",\"@id\":\"https:\/\/www.hotelquintadomarco.com\/#website\",\"url\":\"https:\/\/www.hotelquintadomarco.com\/\",\"name\":\"Quinta do Marco\",\"description\":\"Ecoturismo\",\"potentialAction\":[{\"@type\":\"SearchAction\",\"target\":{\"@type\":\"EntryPoint\",\"urlTemplate\":\"https:\/\/www.hotelquintadomarco.com\/?s={search_term_string}\"},\"query-input\":{\"@type\":\"PropertyValueSpecification\",\"valueRequired\":true,\"valueName\":\"search_term_string\"}}],\"inLanguage\":\"es\"}]}<\/script>\n<!-- \/ Yoast SEO Premium plugin. -->","yoast_head_json":{"title":"Pol\u00edtica de privacidade - Hotel Rural Quinta do Marco","description":"No Hotel Rural Quinta do Marco, estamos empenhados em proteger a sua privacidade. Saiba mais sobre as nossas pol\u00edticas de prote\u00e7\u00e3o de dados e muito mais.","robots":{"index":"index","follow":"follow","max-snippet":"max-snippet:-1","max-image-preview":"max-image-preview:large","max-video-preview":"max-video-preview:-1"},"canonical":"https:\/\/www.hotelquintadomarco.com\/es\/politica-de-privacidad-y-cookies\/","og_locale":"es_ES","og_type":"article","og_title":"Pol\u00edtica de Privacidade & Cookies","og_description":"No Hotel Rural Quinta do Marco, estamos empenhados em proteger a sua privacidade. Saiba mais sobre as nossas pol\u00edticas de prote\u00e7\u00e3o de dados e muito mais.","og_url":"https:\/\/www.hotelquintadomarco.com\/es\/politica-de-privacidad-y-cookies\/","og_site_name":"Quinta do Marco","article_modified_time":"2025-06-05T12:27:57+00:00","twitter_card":"summary_large_image","twitter_misc":{"Tiempo de lectura":"6 minutos"},"schema":{"@context":"https:\/\/schema.org","@graph":[{"@type":"WebPage","@id":"https:\/\/www.hotelquintadomarco.com\/politica-de-privacidade-e-cookies\/","url":"https:\/\/www.hotelquintadomarco.com\/politica-de-privacidade-e-cookies\/","name":"Pol\u00edtica de privacidade - Hotel Rural Quinta do Marco","isPartOf":{"@id":"https:\/\/www.hotelquintadomarco.com\/#website"},"datePublished":"2023-01-11T09:31:55+00:00","dateModified":"2025-06-05T12:27:57+00:00","description":"No Hotel Rural Quinta do Marco, estamos empenhados em proteger a sua privacidade. Saiba mais sobre as nossas pol\u00edticas de prote\u00e7\u00e3o de dados e muito mais.","breadcrumb":{"@id":"https:\/\/www.hotelquintadomarco.com\/politica-de-privacidade-e-cookies\/#breadcrumb"},"inLanguage":"es","potentialAction":[{"@type":"ReadAction","target":["https:\/\/www.hotelquintadomarco.com\/politica-de-privacidade-e-cookies\/"]}]},{"@type":"BreadcrumbList","@id":"https:\/\/www.hotelquintadomarco.com\/politica-de-privacidade-e-cookies\/#breadcrumb","itemListElement":[{"@type":"ListItem","position":1,"name":"In\u00edcio","item":"https:\/\/www.hotelquintadomarco.com\/"},{"@type":"ListItem","position":2,"name":"Pol\u00edtica de Privacidade &#038; Cookies"}]},{"@type":"WebSite","@id":"https:\/\/www.hotelquintadomarco.com\/#website","url":"https:\/\/www.hotelquintadomarco.com\/","name":"Quinta do Marco","description":"Ecoturismo","potentialAction":[{"@type":"SearchAction","target":{"@type":"EntryPoint","urlTemplate":"https:\/\/www.hotelquintadomarco.com\/?s={search_term_string}"},"query-input":{"@type":"PropertyValueSpecification","valueRequired":true,"valueName":"search_term_string"}}],"inLanguage":"es"}]}},"_links":{"self":[{"href":"https:\/\/www.hotelquintadomarco.com\/es\/wp-json\/wp\/v2\/pages\/3","targetHints":{"allow":["GET"]}}],"collection":[{"href":"https:\/\/www.hotelquintadomarco.com\/es\/wp-json\/wp\/v2\/pages"}],"about":[{"href":"https:\/\/www.hotelquintadomarco.com\/es\/wp-json\/wp\/v2\/types\/page"}],"author":[{"embeddable":true,"href":"https:\/\/www.hotelquintadomarco.com\/es\/wp-json\/wp\/v2\/users\/2"}],"replies":[{"embeddable":true,"href":"https:\/\/www.hotelquintadomarco.com\/es\/wp-json\/wp\/v2\/comments?post=3"}],"version-history":[{"count":1,"href":"https:\/\/www.hotelquintadomarco.com\/es\/wp-json\/wp\/v2\/pages\/3\/revisions"}],"predecessor-version":[{"id":8098,"href":"https:\/\/www.hotelquintadomarco.com\/es\/wp-json\/wp\/v2\/pages\/3\/revisions\/8098"}],"wp:attachment":[{"href":"https:\/\/www.hotelquintadomarco.com\/es\/wp-json\/wp\/v2\/media?parent=3"}],"curies":[{"name":"wp","href":"https:\/\/api.w.org\/{rel}","templated":true}]}}