{"id":1284,"date":"2023-02-09T17:38:19","date_gmt":"2023-02-09T17:38:19","guid":{"rendered":"https:\/\/www.hotelquintadomarco.com\/?page_id=1284"},"modified":"2026-04-23T08:21:53","modified_gmt":"2026-04-23T08:21:53","slug":"contactos","status":"publish","type":"page","link":"https:\/\/www.hotelquintadomarco.com\/fr\/contacts\/","title":{"rendered":"Contact"},"content":{"rendered":"<section class=\"section main-wrapper\" id=\"section_1508339370\">\n\t\t<div class=\"bg section-bg fill bg-fill  bg-loaded\" >\n\n\t\t\t\n\t\t\t\n\t\t\t\n\n\t\t<\/div>\n\n\t\t\n\n\t\t<div class=\"section-content relative\">\n\t\t\t\n\n<div class=\"slider-wrapper relative\" id=\"slider-1121476174\" style=\"background-color:rgb(255,255,255);\">\n    <div class=\"slider slider-nav-simple slider-nav-normal slider-nav-light slider-style-normal\"\n        data-flickity-options='{            \"cellAlign\": \"center\",            \"imagesLoaded\": true,            \"lazyLoad\": 1,            \"freeScroll\": false,            \"wrapAround\": false,            \"autoPlay\": false,            \"pauseAutoPlayOnHover\" : false,            \"prevNextButtons\": false,            \"contain\" : true,            \"adaptiveHeight\" : true,            \"dragThreshold\" : 10,            \"percentPosition\": true,            \"pageDots\": false,            \"rightToLeft\": false,            \"draggable\": false,            \"selectedAttraction\": 0.1,            \"parallax\" : 2,            \"friction\": 0.6        }'\n        >\n        \n\n\n  <div class=\"banner has-hover\" id=\"banner-1721836681\">\n          <div class=\"banner-inner fill\">\n        <div class=\"banner-bg fill\" >\n            <div class=\"bg fill bg-fill\"><\/div>\n                        <div class=\"overlay\"><\/div>            \n                    <\/div>\n\t\t\n        <div class=\"banner-layers container\">\n            <div class=\"fill banner-link\"><\/div>            \n\n   <div id=\"text-box-884535586\" class=\"text-box banner-layer x0 md-x0 lg-x0 y70 md-y95 lg-y95 res-text\">\n                                <div class=\"text-box-content text dark\">\n              \n              <div class=\"text-inner text-center\">\n                  \n\n\t<div id=\"text-866508478\" class=\"text cover-title\">\n\t\t\n\n<h1>Contact<\/h1>\n\t\t\n<style>\n#text-866508478 {\n  font-size: 0.75rem;\n  line-height: 0.75;\n  text-align: left;\n}\n@media (min-width:550px) {\n  #text-866508478 {\n    font-size: 1rem;\n  }\n}\n<\/style>\n\t<\/div>\n\t\n\t<div id=\"gap-1077655219\" class=\"gap-element clearfix\" style=\"display:block; height:auto;\">\n\t\t\n<style>\n#gap-1077655219 {\n  padding-top: 60px;\n}\n@media (min-width:550px) {\n  #gap-1077655219 {\n    padding-top: 100px;\n  }\n}\n<\/style>\n\t<\/div>\n\t\n\n\n              <\/div>\n           <\/div>\n                            \n<style>\n#text-box-884535586 .text-inner {\n  padding: 0px 15px 0px 15px;\n}\n#text-box-884535586 {\n  width: 100%;\n}\n#text-box-884535586 .text-box-content {\n  font-size: 100%;\n}\n@media (min-width:550px) {\n  #text-box-884535586 {\n    width: 63%;\n  }\n}\n<\/style>\n    <\/div>\n \n\n        <\/div>\n      <\/div>\n\n            \n<style>\n#banner-1721836681 {\n  padding-top: 515px;\n}\n#banner-1721836681 .bg.bg-loaded {\n  background-image: url(https:\/\/www.hotelquintadomarco.com\/wp-content\/uploads\/2023\/02\/contactos.jpg);\n}\n#banner-1721836681 .overlay {\n  background-color: rgba(0, 0, 0, 0.6);\n}\n#banner-1721836681 .bg {\n  background-position: 0% 16%;\n}\n#banner-1721836681 .ux-shape-divider--top svg {\n  height: 150px;\n  --divider-top-width: 100%;\n}\n#banner-1721836681 .ux-shape-divider--bottom svg {\n  height: 150px;\n  --divider-width: 100%;\n}\n<\/style>\n  <\/div>\n\n\n\n     <\/div>\n\n     <div class=\"loading-spin dark large centered\"><\/div>\n\n     \t<\/div>\n\n\n\n\t\t<\/div>\n\n\t\t\n<style>\n#section_1508339370 {\n  padding-top: 0px;\n  padding-bottom: 0px;\n}\n#section_1508339370 .ux-shape-divider--top svg {\n  height: 150px;\n  --divider-top-width: 100%;\n}\n#section_1508339370 .ux-shape-divider--bottom svg {\n  height: 150px;\n  --divider-width: 100%;\n}\n<\/style>\n\t<\/section>\n\t\n\t<section class=\"section about-section\" id=\"section_153378516\">\n\t\t<div class=\"bg section-bg fill bg-fill  bg-loaded\" >\n\n\t\t\t\n\t\t\t\n\t\t\t\n\n\t\t<\/div>\n\n\t\t\n\n\t\t<div class=\"section-content relative\">\n\t\t\t\n\n\t<div id=\"gap-852814680\" class=\"gap-element clearfix\" style=\"display:block; height:auto;\">\n\t\t\n<style>\n#gap-852814680 {\n  padding-top: 65px;\n}\n<\/style>\n\t<\/div>\n\t\n\n\t<div class=\"img has-hover flowers-image x md-x lg-x y md-y lg-y\" id=\"image_1142776163\">\n\t\t\t\t\t\t\t\t<div class=\"img-inner dark\" >\n\t\t\t<img loading=\"lazy\" decoding=\"async\" width=\"768\" height=\"768\" src=\"https:\/\/www.hotelquintadomarco.com\/wp-content\/uploads\/2023\/02\/flowers-768x768.png\" class=\"attachment-medium_large size-medium_large\" alt=\"\" srcset=\"https:\/\/www.hotelquintadomarco.com\/wp-content\/uploads\/2023\/02\/flowers-768x768.png 768w, https:\/\/www.hotelquintadomarco.com\/wp-content\/uploads\/2023\/02\/flowers-300x300.png 300w, https:\/\/www.hotelquintadomarco.com\/wp-content\/uploads\/2023\/02\/flowers-150x150.png 150w, https:\/\/www.hotelquintadomarco.com\/wp-content\/uploads\/2023\/02\/flowers.png 1000w\" sizes=\"auto, (max-width: 768px) 100vw, 768px\" \/>\t\t\t\t\t\t\n\t\t\t\t\t<\/div>\n\t\t\t\t\t\t\t\t\n<style>\n#image_1142776163 {\n  width: 100%;\n}\n<\/style>\n\t<\/div>\n\t\n\n<div class=\"row align-middle\" style=\"max-width:1280px\" id=\"row-1425283443\">\n\n\n\t<div id=\"col-1238521141\" class=\"col index-up medium-12 small-12 large-6\"  >\n\t\t\t\t<div class=\"col-inner\" style=\"background-color:rgb(255, 255, 255);\" >\n\t\t\t\n\t\t\t\n\n\t<div id=\"text-83128393\" class=\"text subtitle\">\n\t\t\n\n<p>RESTONS \u00c0 L'\u00c9COUTE <\/p>\n\t\t\t<\/div>\n\t\n\t<div id=\"text-3587724139\" class=\"text\">\n\t\t\n\n<h2>La Quinta do Marco<\/h2>\n\t\t\n<style>\n#text-3587724139 {\n  font-size: 1.875rem;\n}\n<\/style>\n\t<\/div>\n\t\n<p><span style=\"font-weight: 400;\">L'h\u00f4tel Quinta do Marco est le refuge parfait pour ceux qui veulent \"recharger leur \u00e9nergie\". Localis\u00e9 en plein milieu de la Serra de l\u2019Algarve, il fait partie d\u2019une propri\u00e9t\u00e9 de 18 hectares o\u00f9 monde rural et modernit\u00e9 se rejoignent.<\/span><\/p>\n\t<div id=\"gap-2039527707\" class=\"gap-element clearfix\" style=\"display:block; height:auto;\">\n\t\t\n<style>\n#gap-2039527707 {\n  padding-top: 10px;\n}\n<\/style>\n\t<\/div>\n\t\n\n<a rel=\"noopener noreferrer\" href=\"https:\/\/goo.gl\/maps\/aVJu4M3BiPohhAi58\" target=\"_blank\" class=\"button primary is-underline\"  >\n    <span>VIEW ON MAP -<\/span>\n  <\/a>\n\n\n\t<div id=\"gap-1601376674\" class=\"gap-element clearfix\" style=\"display:block; height:auto;\">\n\t\t\n<style>\n#gap-1601376674 {\n  padding-top: 30px;\n}\n<\/style>\n\t<\/div>\n\t\n\n<div class=\"row\"  id=\"row-1329462327\">\n\n\n\t<div id=\"col-160678871\" class=\"col small-12 large-12\"  >\n\t\t\t\t<div class=\"col-inner\"  >\n\t\t\t\n\t\t\t\n\n<div class=\"social-icons follow-icons\" ><a href=\"https:\/\/www.facebook.com\/quintadomarco\" target=\"_blank\" data-label=\"Facebook\" rel=\"noopener noreferrer nofollow\" class=\"icon button circle is-outline facebook tooltip\" title=\"Nous suivre sur Facebook\" aria-label=\"Nous suivre sur Facebook\"><i class=\"icon-facebook\" ><\/i><\/a><a href=\"https:\/\/www.instagram.com\/hotelquintadomarco\/\" target=\"_blank\" rel=\"noopener noreferrer nofollow\" data-label=\"Instagram\" class=\"icon button circle is-outline  instagram tooltip\" title=\"Nous suivre sur Instagram\" aria-label=\"Nous suivre sur Instagram\"><i class=\"icon-instagram\" ><\/i><\/a><\/div>\n\n\n\t\t<\/div>\n\t\t\t\t\n<style>\n#col-160678871 > .col-inner {\n  margin: 0px 0px 0px -10px;\n}\n<\/style>\n\t<\/div>\n\n\t\n\n<\/div>\n\n\t\t<\/div>\n\t\t\t\t\n<style>\n#col-1238521141 > .col-inner {\n  padding: 40px 10px 20px 10px;\n  margin: -90px 0px 0px 0px;\n}\n@media (min-width:550px) {\n  #col-1238521141 > .col-inner {\n    padding: 20% 15% 10% 15%;\n    margin: -115px 0px 0px 0px;\n  }\n}\n@media (min-width:850px) {\n  #col-1238521141 > .col-inner {\n    padding: 15% 10% 5% 10%;\n    margin: 0px 0px 0px 0px;\n  }\n}\n<\/style>\n\t<\/div>\n\n\t\n\n\t<div id=\"col-439716384\" class=\"col medium-12 small-12 large-6 medium-col-first\"  >\n\t\t\t\t<div class=\"col-inner\"  >\n\t\t\t\n\t\t\t\n\n\t<div class=\"img has-hover x md-x lg-x y md-y lg-y\" id=\"image_543952350\">\n\t\t\t\t\t\t\t\t<div class=\"img-inner image-cover dark\" style=\"padding-top:100%;\">\n\t\t\t<img loading=\"lazy\" decoding=\"async\" width=\"1024\" height=\"678\" src=\"https:\/\/www.hotelquintadomarco.com\/wp-content\/uploads\/2023\/02\/contactos-lateral.jpg\" class=\"attachment-original size-original\" alt=\"\" srcset=\"https:\/\/www.hotelquintadomarco.com\/wp-content\/uploads\/2023\/02\/contactos-lateral.jpg 1024w, https:\/\/www.hotelquintadomarco.com\/wp-content\/uploads\/2023\/02\/contactos-lateral-300x199.jpg 300w, https:\/\/www.hotelquintadomarco.com\/wp-content\/uploads\/2023\/02\/contactos-lateral-768x509.jpg 768w\" sizes=\"auto, (max-width: 1024px) 100vw, 1024px\" \/>\t\t\t\t\t\t\n\t\t\t\t\t<\/div>\n\t\t\t\t\t\t\t\t\n<style>\n#image_543952350 {\n  width: 100%;\n}\n<\/style>\n\t<\/div>\n\t\n\n\n\t\t<\/div>\n\t\t\t\t\n<style>\n#col-439716384 > .col-inner {\n  padding: 0px 0px 0px 0px;\n  margin: 0px 0px 0px 0;\n}\n@media (min-width:550px) {\n  #col-439716384 > .col-inner {\n    padding: 0px 50px 0px 50px;\n  }\n}\n@media (min-width:850px) {\n  #col-439716384 > .col-inner {\n    padding: 0px 0px 0px 0px;\n    margin: 0px 0px 0px -60px;\n  }\n}\n<\/style>\n\t<\/div>\n\n\t\n\n<\/div>\n\t<div id=\"text-490859675\" class=\"text hidden\">\n\t\t\n\n<h2>R\u00e9seaux sociaux<\/h2>\n\t\t\n<style>\n#text-490859675 {\n  font-size: 0.75rem;\n}\n<\/style>\n\t<\/div>\n\t\n\t<div id=\"gap-1987761844\" class=\"gap-element clearfix\" style=\"display:block; height:auto;\">\n\t\t\n<style>\n#gap-1987761844 {\n  padding-top: 90px;\n}\n<\/style>\n\t<\/div>\n\t\n\n\t<div class=\"img has-hover ramo-flower-image x md-x lg-x y md-y lg-y\" id=\"image_1189121730\">\n\t\t\t\t\t\t\t\t<div class=\"img-inner dark\" >\n\t\t\t<img loading=\"lazy\" decoding=\"async\" width=\"235\" height=\"465\" src=\"https:\/\/www.hotelquintadomarco.com\/wp-content\/uploads\/2023\/02\/ramo-de-folhas.png\" class=\"attachment-medium_large size-medium_large\" alt=\"\" srcset=\"https:\/\/www.hotelquintadomarco.com\/wp-content\/uploads\/2023\/02\/ramo-de-folhas.png 235w, https:\/\/www.hotelquintadomarco.com\/wp-content\/uploads\/2023\/02\/ramo-de-folhas-152x300.png 152w\" sizes=\"auto, (max-width: 235px) 100vw, 235px\" \/>\t\t\t\t\t\t\n\t\t\t\t\t<\/div>\n\t\t\t\t\t\t\t\t\n<style>\n#image_1189121730 {\n  width: 100%;\n}\n<\/style>\n\t<\/div>\n\t\n\n\n\t\t<\/div>\n\n\t\t\n<style>\n#section_153378516 {\n  padding-top: 0px;\n  padding-bottom: 0px;\n  background-color: rgb(249, 249, 242);\n}\n#section_153378516 .ux-shape-divider--top svg {\n  height: 150px;\n  --divider-top-width: 100%;\n}\n#section_153378516 .ux-shape-divider--bottom svg {\n  height: 150px;\n  --divider-width: 100%;\n}\n<\/style>\n\t<\/section>\n\t\n\n\t<section class=\"section main-wrapper booking-section\" id=\"section_585502037\">\n\t\t<div class=\"bg section-bg fill bg-fill  bg-loaded\" >\n\n\t\t\t\n\t\t\t\n\t\t\t\n\n\t\t<\/div>\n\n\t\t\n\n\t\t<div class=\"section-content relative\">\n\t\t\t\n\n<div class=\"row\"  id=\"row-1409636280\">\n\n\n\t<div id=\"col-1728714097\" class=\"col medium-2 small-12 large-2\"  >\n\t\t\t\t<div class=\"col-inner\"  >\n\t\t\t\n\t\t\t\n\n\n\t\t<\/div>\n\t\t\t\t\t<\/div>\n\n\t\n\n\t<div id=\"col-2097378373\" class=\"col medium-8 small-12 large-8\"  >\n\t\t\t\t<div class=\"col-inner\"  >\n\t\t\t\n\t\t\t\n\n\t<div id=\"text-3904515744\" class=\"text title\">\n\t\t\n\n<h2>Nous contacter<\/h2>\n\t\t\n<style>\n#text-3904515744 {\n  font-size: 3.25rem;\n}\n<\/style>\n\t<\/div>\n\t\n\t<div id=\"gap-393006744\" class=\"gap-element clearfix\" style=\"display:block; height:auto;\">\n\t\t\n<style>\n#gap-393006744 {\n  padding-top: 30px;\n}\n<\/style>\n\t<\/div>\n\t\n\n<p>Veuillez remplir tous les champs. Nous vous r\u00e9pondrons dans les meilleurs d\u00e9lais. Nous n'utilisons pas vos donn\u00e9es pour des campagnes de marketing ou \u00e0 d'autres fins.<\/p>\n\t<div id=\"gap-1149597219\" class=\"gap-element clearfix\" style=\"display:block; height:auto;\">\n\t\t\n<style>\n#gap-1149597219 {\n  padding-top: 30px;\n}\n<\/style>\n\t<\/div>\n\t\n\n\n<div class=\"wpcf7 no-js\" id=\"wpcf7-f1300-o1\" lang=\"pt-PT\" dir=\"ltr\" data-wpcf7-id=\"1300\">\n<div class=\"screen-reader-response\"><p role=\"status\" aria-live=\"polite\" aria-atomic=\"true\"><\/p> <ul><\/ul><\/div>\n<form action=\"\/fr\/wp-json\/wp\/v2\/pages\/1284#wpcf7-f1300-o1\" method=\"post\" class=\"wpcf7-form init\" aria-label=\"Formul\u00e1rio de contacto\" novalidate=\"novalidate\" data-status=\"init\" data-trp-original-action=\"\/fr\/wp-json\/wp\/v2\/pages\/1284#wpcf7-f1300-o1\">\n<fieldset class=\"hidden-fields-container\"><input type=\"hidden\" name=\"_wpcf7\" value=\"1300\" \/><input type=\"hidden\" name=\"_wpcf7_version\" value=\"6.1.4\" \/><input type=\"hidden\" name=\"_wpcf7_locale\" value=\"pt_PT\" \/><input type=\"hidden\" name=\"_wpcf7_unit_tag\" value=\"wpcf7-f1300-o1\" \/><input type=\"hidden\" name=\"_wpcf7_container_post\" value=\"0\" \/><input type=\"hidden\" name=\"_wpcf7_posted_data_hash\" value=\"\" \/>\n<\/fieldset>\n<div class=\"flex-row form-flat medium-flex-wrap\">\n\t<div class=\"flex-col flex-grow\">\n\t\t<p><span class=\"wpcf7-form-control-wrap\" data-name=\"your-name\"><input size=\"40\" maxlength=\"400\" class=\"wpcf7-form-control wpcf7-text wpcf7-validates-as-required\" aria-required=\"true\" aria-invalid=\"false\" placeholder=\"Votre nom (obligatoire)\" value=\"\" type=\"text\" name=\"your-name\" \/><\/span><br \/>\n<span class=\"wpcf7-form-control-wrap\" data-name=\"your-email\"><input size=\"40\" maxlength=\"400\" class=\"wpcf7-form-control wpcf7-email wpcf7-validates-as-required wpcf7-text wpcf7-validates-as-email\" aria-required=\"true\" aria-invalid=\"false\" placeholder=\"Votre e-mail (obligatoire)\" value=\"\" type=\"email\" name=\"your-email\" \/><\/span><br \/>\n<span class=\"wpcf7-form-control-wrap\" data-name=\"message\"><textarea cols=\"40\" rows=\"10\" maxlength=\"2000\" class=\"wpcf7-form-control wpcf7-textarea\" aria-invalid=\"false\" placeholder=\"Votre message\" name=\"message\"><\/textarea><\/span><br \/>\n<span class=\"wpcf7-form-control-wrap\" data-name=\"acceptance-671\"><span class=\"wpcf7-form-control wpcf7-acceptance\"><span class=\"wpcf7-list-item\"><label><input type=\"checkbox\" name=\"acceptance-671\" value=\"1\" aria-invalid=\"false\" \/><span class=\"wpcf7-list-item-label\">Les donn\u00e9es personnelles que nous recevons par le biais de ce formulaire seront utilis\u00e9es exclusivement pour le traitement de votre demande. Par cons\u00e9quent, vous ne recevrez aucune correspondance non sollicit\u00e9e bas\u00e9e sur les informations soumises ici. Pour plus d'informations, veuillez consulter notre \"Politique de confidentialit\u00e9\".<\/span><\/label><\/span><\/span><\/span><br \/>\n<input class=\"wpcf7-form-control wpcf7-submit has-spinner button\" type=\"submit\" value=\"Envoyer un message\" \/>\n\t\t<\/p>\n\t<\/div>\n<\/div><div class=\"wpcf7-response-output\" aria-hidden=\"true\"><\/div>\n<input type=\"hidden\" name=\"trp-form-language\" value=\"fr\"\/><\/form>\n<\/div>\n\n\n\n\t\t<\/div>\n\t\t\t\t\t<\/div>\n\n\t\n\n\t<div id=\"col-723850524\" class=\"col hide-for-small medium-2 small-12 large-2\"  >\n\t\t\t\t<div class=\"col-inner\"  >\n\t\t\t\n\t\t\t\n\n\n\t\t<\/div>\n\t\t\t\t\t<\/div>\n\n\t\n\n<\/div>\n\n\t\t<\/div>\n\n\t\t\n<style>\n#section_585502037 {\n  padding-top: 60px;\n  padding-bottom: 60px;\n  background-color: #cfd0b6;\n}\n#section_585502037 .ux-shape-divider--top svg {\n  height: 150px;\n  --divider-top-width: 100%;\n}\n#section_585502037 .ux-shape-divider--bottom svg {\n  height: 150px;\n  --divider-width: 100%;\n}\n<\/style>\n\t<\/section>","protected":false},"excerpt":{"rendered":"","protected":false},"author":2,"featured_media":0,"parent":0,"menu_order":0,"comment_status":"closed","ping_status":"closed","template":"page-transparent-header-light.php","meta":{"footnotes":""},"class_list":["post-1284","page","type-page","status-publish","hentry"],"yoast_head":"<!-- This site is optimized with the Yoast SEO Premium plugin v20.2.1 (Yoast SEO v26.6) - https:\/\/yoast.com\/wordpress\/plugins\/seo\/ -->\n<title>Contactos - Hotel Rural Quinta do Marco, Tavira<\/title>\n<meta name=\"description\" content=\"Entre em contacto com o Hotel Rural Quinta do Marco para a sua pr\u00f3xima viagem ao Algarve. Entre em contato connosco para reservas e recomenda\u00e7\u00f5es personalizadas\" \/>\n<meta name=\"robots\" content=\"index, follow, max-snippet:-1, max-image-preview:large, max-video-preview:-1\" \/>\n<link rel=\"canonical\" href=\"https:\/\/www.hotelquintadomarco.com\/fr\/contacts\/\" \/>\n<meta property=\"og:locale\" content=\"fr_FR\" \/>\n<meta property=\"og:type\" content=\"article\" \/>\n<meta property=\"og:title\" content=\"Contactos\" \/>\n<meta property=\"og:description\" content=\"Entre em contacto com o Hotel Rural Quinta do Marco para a sua pr\u00f3xima viagem ao Algarve. Entre em contato connosco para reservas e recomenda\u00e7\u00f5es personalizadas\" \/>\n<meta property=\"og:url\" content=\"https:\/\/www.hotelquintadomarco.com\/fr\/contacts\/\" \/>\n<meta property=\"og:site_name\" content=\"Quinta do Marco\" \/>\n<meta property=\"article:modified_time\" content=\"2026-04-23T08:21:53+00:00\" \/>\n<meta name=\"twitter:card\" content=\"summary_large_image\" \/>\n<meta name=\"twitter:label1\" content=\"Dur\u00e9e de lecture estim\u00e9e\" \/>\n\t<meta name=\"twitter:data1\" content=\"4 minutes\" \/>\n<script type=\"application\/ld+json\" class=\"yoast-schema-graph\">{\"@context\":\"https:\/\/schema.org\",\"@graph\":[{\"@type\":\"WebPage\",\"@id\":\"https:\/\/www.hotelquintadomarco.com\/contactos\/\",\"url\":\"https:\/\/www.hotelquintadomarco.com\/contactos\/\",\"name\":\"Contactos - Hotel Rural Quinta do Marco, Tavira\",\"isPartOf\":{\"@id\":\"https:\/\/www.hotelquintadomarco.com\/#website\"},\"datePublished\":\"2023-02-09T17:38:19+00:00\",\"dateModified\":\"2026-04-23T08:21:53+00:00\",\"description\":\"Entre em contacto com o Hotel Rural Quinta do Marco para a sua pr\u00f3xima viagem ao Algarve. Entre em contato connosco para reservas e recomenda\u00e7\u00f5es personalizadas\",\"breadcrumb\":{\"@id\":\"https:\/\/www.hotelquintadomarco.com\/contactos\/#breadcrumb\"},\"inLanguage\":\"fr-FR\",\"potentialAction\":[{\"@type\":\"ReadAction\",\"target\":[\"https:\/\/www.hotelquintadomarco.com\/contactos\/\"]}]},{\"@type\":\"BreadcrumbList\",\"@id\":\"https:\/\/www.hotelquintadomarco.com\/contactos\/#breadcrumb\",\"itemListElement\":[{\"@type\":\"ListItem\",\"position\":1,\"name\":\"In\u00edcio\",\"item\":\"https:\/\/www.hotelquintadomarco.com\/\"},{\"@type\":\"ListItem\",\"position\":2,\"name\":\"Contactos\"}]},{\"@type\":\"WebSite\",\"@id\":\"https:\/\/www.hotelquintadomarco.com\/#website\",\"url\":\"https:\/\/www.hotelquintadomarco.com\/\",\"name\":\"Quinta do Marco\",\"description\":\"Ecoturismo\",\"potentialAction\":[{\"@type\":\"SearchAction\",\"target\":{\"@type\":\"EntryPoint\",\"urlTemplate\":\"https:\/\/www.hotelquintadomarco.com\/?s={search_term_string}\"},\"query-input\":{\"@type\":\"PropertyValueSpecification\",\"valueRequired\":true,\"valueName\":\"search_term_string\"}}],\"inLanguage\":\"fr-FR\"}]}<\/script>\n<!-- \/ Yoast SEO Premium plugin. -->","yoast_head_json":{"title":"Contactos - Hotel Rural Quinta do Marco, Tavira","description":"Entre em contacto com o Hotel Rural Quinta do Marco para a sua pr\u00f3xima viagem ao Algarve. Entre em contato connosco para reservas e recomenda\u00e7\u00f5es personalizadas","robots":{"index":"index","follow":"follow","max-snippet":"max-snippet:-1","max-image-preview":"max-image-preview:large","max-video-preview":"max-video-preview:-1"},"canonical":"https:\/\/www.hotelquintadomarco.com\/fr\/contacts\/","og_locale":"fr_FR","og_type":"article","og_title":"Contactos","og_description":"Entre em contacto com o Hotel Rural Quinta do Marco para a sua pr\u00f3xima viagem ao Algarve. Entre em contato connosco para reservas e recomenda\u00e7\u00f5es personalizadas","og_url":"https:\/\/www.hotelquintadomarco.com\/fr\/contacts\/","og_site_name":"Quinta do Marco","article_modified_time":"2026-04-23T08:21:53+00:00","twitter_card":"summary_large_image","twitter_misc":{"Dur\u00e9e de lecture estim\u00e9e":"4 minutes"},"schema":{"@context":"https:\/\/schema.org","@graph":[{"@type":"WebPage","@id":"https:\/\/www.hotelquintadomarco.com\/contactos\/","url":"https:\/\/www.hotelquintadomarco.com\/contactos\/","name":"Contactos - Hotel Rural Quinta do Marco, Tavira","isPartOf":{"@id":"https:\/\/www.hotelquintadomarco.com\/#website"},"datePublished":"2023-02-09T17:38:19+00:00","dateModified":"2026-04-23T08:21:53+00:00","description":"Entre em contacto com o Hotel Rural Quinta do Marco para a sua pr\u00f3xima viagem ao Algarve. Entre em contato connosco para reservas e recomenda\u00e7\u00f5es personalizadas","breadcrumb":{"@id":"https:\/\/www.hotelquintadomarco.com\/contactos\/#breadcrumb"},"inLanguage":"fr-FR","potentialAction":[{"@type":"ReadAction","target":["https:\/\/www.hotelquintadomarco.com\/contactos\/"]}]},{"@type":"BreadcrumbList","@id":"https:\/\/www.hotelquintadomarco.com\/contactos\/#breadcrumb","itemListElement":[{"@type":"ListItem","position":1,"name":"In\u00edcio","item":"https:\/\/www.hotelquintadomarco.com\/"},{"@type":"ListItem","position":2,"name":"Contactos"}]},{"@type":"WebSite","@id":"https:\/\/www.hotelquintadomarco.com\/#website","url":"https:\/\/www.hotelquintadomarco.com\/","name":"Quinta do Marco","description":"Ecoturismo","potentialAction":[{"@type":"SearchAction","target":{"@type":"EntryPoint","urlTemplate":"https:\/\/www.hotelquintadomarco.com\/?s={search_term_string}"},"query-input":{"@type":"PropertyValueSpecification","valueRequired":true,"valueName":"search_term_string"}}],"inLanguage":"fr-FR"}]}},"_links":{"self":[{"href":"https:\/\/www.hotelquintadomarco.com\/fr\/wp-json\/wp\/v2\/pages\/1284","targetHints":{"allow":["GET"]}}],"collection":[{"href":"https:\/\/www.hotelquintadomarco.com\/fr\/wp-json\/wp\/v2\/pages"}],"about":[{"href":"https:\/\/www.hotelquintadomarco.com\/fr\/wp-json\/wp\/v2\/types\/page"}],"author":[{"embeddable":true,"href":"https:\/\/www.hotelquintadomarco.com\/fr\/wp-json\/wp\/v2\/users\/2"}],"replies":[{"embeddable":true,"href":"https:\/\/www.hotelquintadomarco.com\/fr\/wp-json\/wp\/v2\/comments?post=1284"}],"version-history":[{"count":1,"href":"https:\/\/www.hotelquintadomarco.com\/fr\/wp-json\/wp\/v2\/pages\/1284\/revisions"}],"predecessor-version":[{"id":2193,"href":"https:\/\/www.hotelquintadomarco.com\/fr\/wp-json\/wp\/v2\/pages\/1284\/revisions\/2193"}],"wp:attachment":[{"href":"https:\/\/www.hotelquintadomarco.com\/fr\/wp-json\/wp\/v2\/media?parent=1284"}],"curies":[{"name":"wp","href":"https:\/\/api.w.org\/{rel}","templated":true}]}}