{"id":1316,"date":"2023-02-09T18:34:07","date_gmt":"2023-02-09T18:34:07","guid":{"rendered":"https:\/\/www.hotelquintadomarco.com\/?page_id=1316"},"modified":"2025-06-05T12:43:53","modified_gmt":"2025-06-05T12:43:53","slug":"faqs","status":"publish","type":"page","link":"https:\/\/www.hotelquintadomarco.com\/fr\/faqs\/","title":{"rendered":"FAQ's"},"content":{"rendered":"<section class=\"section main-wrapper\" id=\"section_2126290500\">\n\t\t<div class=\"bg section-bg fill bg-fill  bg-loaded\" >\n\n\t\t\t\n\t\t\t\n\t\t\t\n\n\t\t<\/div>\n\n\t\t\n\n\t\t<div class=\"section-content relative\">\n\t\t\t\n\n<div class=\"slider-wrapper relative\" id=\"slider-428775911\" style=\"background-color:rgb(255,255,255);\">\n    <div class=\"slider slider-nav-simple slider-nav-normal slider-nav-light slider-style-normal\"\n        data-flickity-options='{            \"cellAlign\": \"center\",            \"imagesLoaded\": true,            \"lazyLoad\": 1,            \"freeScroll\": false,            \"wrapAround\": false,            \"autoPlay\": false,            \"pauseAutoPlayOnHover\" : false,            \"prevNextButtons\": false,            \"contain\" : true,            \"adaptiveHeight\" : true,            \"dragThreshold\" : 10,            \"percentPosition\": true,            \"pageDots\": false,            \"rightToLeft\": false,            \"draggable\": false,            \"selectedAttraction\": 0.1,            \"parallax\" : 2,            \"friction\": 0.6        }'\n        >\n        \n\n\n  <div class=\"banner has-hover\" id=\"banner-362615514\">\n          <div class=\"banner-inner fill\">\n        <div class=\"banner-bg fill\" >\n            <div class=\"bg fill bg-fill\"><\/div>\n                        <div class=\"overlay\"><\/div>            \n                    <\/div>\n\t\t\n        <div class=\"banner-layers container\">\n            <div class=\"fill banner-link\"><\/div>            \n\n   <div id=\"text-box-1591062785\" class=\"text-box banner-layer x0 md-x0 lg-x0 y70 md-y95 lg-y95 res-text\">\n                                <div class=\"text-box-content text dark\">\n              \n              <div class=\"text-inner text-center\">\n                  \n\n\t<div id=\"text-1517654396\" class=\"text cover-title\">\n\t\t\n\n<h1>FAQ's<\/h1>\n\t\t\n<style>\n#text-1517654396 {\n  font-size: 0.75rem;\n  line-height: 0.75;\n  text-align: left;\n}\n@media (min-width:550px) {\n  #text-1517654396 {\n    font-size: 1rem;\n  }\n}\n<\/style>\n\t<\/div>\n\t\n\t<div id=\"gap-433108600\" class=\"gap-element clearfix\" style=\"display:block; height:auto;\">\n\t\t\n<style>\n#gap-433108600 {\n  padding-top: 60px;\n}\n@media (min-width:550px) {\n  #gap-433108600 {\n    padding-top: 100px;\n  }\n}\n<\/style>\n\t<\/div>\n\t\n\n\n              <\/div>\n           <\/div>\n                            \n<style>\n#text-box-1591062785 .text-inner {\n  padding: 0px 15px 0px 15px;\n}\n#text-box-1591062785 {\n  width: 100%;\n}\n#text-box-1591062785 .text-box-content {\n  font-size: 100%;\n}\n@media (min-width:550px) {\n  #text-box-1591062785 {\n    width: 63%;\n  }\n}\n<\/style>\n    <\/div>\n \n\n        <\/div>\n      <\/div>\n\n            \n<style>\n#banner-362615514 {\n  padding-top: 515px;\n}\n#banner-362615514 .bg.bg-loaded {\n  background-image: url(https:\/\/www.hotelquintadomarco.com\/wp-content\/uploads\/2023\/02\/DJI_0133-1.jpg);\n}\n#banner-362615514 .overlay {\n  background-color: rgba(0, 0, 0, 0.6);\n}\n#banner-362615514 .bg {\n  background-position: 0% 57%;\n}\n#banner-362615514 .ux-shape-divider--top svg {\n  height: 150px;\n  --divider-top-width: 100%;\n}\n#banner-362615514 .ux-shape-divider--bottom svg {\n  height: 150px;\n  --divider-width: 100%;\n}\n<\/style>\n  <\/div>\n\n\n\n     <\/div>\n\n     <div class=\"loading-spin dark large centered\"><\/div>\n\n     \t<\/div>\n\n\n\n\t\t<\/div>\n\n\t\t\n<style>\n#section_2126290500 {\n  padding-top: 0px;\n  padding-bottom: 0px;\n}\n#section_2126290500 .ux-shape-divider--top svg {\n  height: 150px;\n  --divider-top-width: 100%;\n}\n#section_2126290500 .ux-shape-divider--bottom svg {\n  height: 150px;\n  --divider-width: 100%;\n}\n<\/style>\n\t<\/section>\n\t\n\n\t<section class=\"section main-wrapper booking-section\" id=\"section_958789694\">\n\t\t<div class=\"bg section-bg fill bg-fill  bg-loaded\" >\n\n\t\t\t\n\t\t\t\n\t\t\t\n\n\t\t<\/div>\n\n\t\t\n\n\t\t<div class=\"section-content relative\">\n\t\t\t\n\n<div class=\"row\"  id=\"row-143206760\">\n\n\n\t<div id=\"col-443838910\" class=\"col header-wrapper small-12 large-12\"  >\n\t\t\t\t<div class=\"col-inner\"  >\n\t\t\t\n\t\t\t\n\n\t<div id=\"text-3935179019\" class=\"text title\">\n\t\t\n\n<h2>Questions fr\u00e9quemment pos\u00e9es<\/h2>\n\t\t\n<style>\n#text-3935179019 {\n  font-size: 3.25rem;\n}\n<\/style>\n\t<\/div>\n\t\n\n\t\t<\/div>\n\t\t\t\t\t<\/div>\n\n\t\n\n<\/div>\n<div class=\"row\"  id=\"row-1276059138\">\n\n\n\t<div id=\"col-1676732038\" class=\"col small-12 large-12\"  >\n\t\t\t\t<div class=\"col-inner\"  >\n\t\t\t\n\t\t\t\n\n\t<div id=\"gap-954979300\" class=\"gap-element clearfix\" style=\"display:block; height:auto;\">\n\t\t\n<style>\n#gap-954979300 {\n  padding-top: 30px;\n}\n<\/style>\n\t<\/div>\n\t\n\n<div class=\"accordion\">\n\n<div id=\"accordion-2406131085\" class=\"accordion-item\"><a id=\"accordion-2406131085-label\" href=\"#\" class=\"accordion-title plain\" aria-expanded=\"false\" aria-controls=\"accordion-2406131085-content\"><button class=\"toggle\" aria-label=\"Basculer\"><i class=\"icon-angle-down\"><\/i><\/button><span>Quelles sont les heures d'ouverture de la r\u00e9ception ?<\/span><\/a><div id=\"accordion-2406131085-content\" class=\"accordion-inner\" aria-labelledby=\"accordion-2406131085-label\">\n\n<p>La r\u00e9ception est ouverte entre 8h et 21h. Cependant, pendant la basse saison, les heures d'ouverture sont garanties de 9h00 \u00e0 17h30. Il y aura toujours un membre du personnel pr\u00e9sent pour aider les clients de l'h\u00f4tel.<\/p>\n\n<\/div><\/div>\n<div id=\"accordion-3342937187\" class=\"accordion-item\"><a id=\"accordion-3342937187-label\" href=\"#\" class=\"accordion-title plain\" aria-expanded=\"false\" aria-controls=\"accordion-3342937187-content\"><button class=\"toggle\" aria-label=\"Basculer\"><i class=\"icon-angle-down\"><\/i><\/button><span>Quelles sont les heures d'arriv\u00e9e et de d\u00e9part ?<\/span><\/a><div id=\"accordion-3342937187-content\" class=\"accordion-inner\" aria-labelledby=\"accordion-3342937187-label\">\n\n<p><span style=\"font-weight: 400;\">L'heure d'arriv\u00e9e est \u00e0 partir de 15h00 et l'heure de d\u00e9part est jusqu'\u00e0 12h00.<\/span><\/p>\n\n<\/div><\/div>\n<div id=\"accordion-3594795296\" class=\"accordion-item\"><a id=\"accordion-3594795296-label\" href=\"#\" class=\"accordion-title plain\" aria-expanded=\"false\" aria-controls=\"accordion-3594795296-content\"><button class=\"toggle\" aria-label=\"Basculer\"><i class=\"icon-angle-down\"><\/i><\/button><span>Comment puis-je me rendre de l'a\u00e9roport \u00e0 l'h\u00f4tel ?<\/span><\/a><div id=\"accordion-3594795296-content\" class=\"accordion-inner\" aria-labelledby=\"accordion-3594795296-label\">\n\n<p>Il est recommand\u00e9 aux clients d'avoir leur propre voiture. Sinon, l'h\u00f4tel travaille avec une soci\u00e9t\u00e9 de transfert externe. Pour plus d'informations sur ce service, veuillez nous contacter par t\u00e9l\u00e9phone ou par e-mail.<\/p>\n\n<\/div><\/div>\n\n<\/div>\n<div class=\"accordion\">\n\n<div id=\"accordion-3684447983\" class=\"accordion-item\"><a id=\"accordion-3684447983-label\" href=\"#\" class=\"accordion-title plain\" aria-expanded=\"false\" aria-controls=\"accordion-3684447983-content\"><button class=\"toggle\" aria-label=\"Basculer\"><i class=\"icon-angle-down\"><\/i><\/button><span>L'h\u00f4tel met \u00e0 disposition des lits d'appoint et des berceaux dans les chambres et des chaises pour b\u00e9b\u00e9 dans le restaurant ?<\/span><\/a><div id=\"accordion-3684447983-content\" class=\"accordion-inner\" aria-labelledby=\"accordion-3684447983-label\">\n\n<p>Les lits d'appoint, les lits de b\u00e9b\u00e9 et les chaises de salle \u00e0 manger sont soumis \u00e0 disponibilit\u00e9. Si vous avez besoin de l'un de ces articles, veuillez ajouter la \"demande sp\u00e9ciale\" \u00e0 votre r\u00e9servation.<\/p>\n\n<\/div><\/div>\n<div id=\"accordion-3653331481\" class=\"accordion-item\"><a id=\"accordion-3653331481-label\" href=\"#\" class=\"accordion-title plain\" aria-expanded=\"false\" aria-controls=\"accordion-3653331481-content\"><button class=\"toggle\" aria-label=\"Basculer\"><i class=\"icon-angle-down\"><\/i><\/button><span>Est-il permis de fumer dans l'h\u00f4tel ?<\/span><\/a><div id=\"accordion-3653331481-content\" class=\"accordion-inner\" aria-labelledby=\"accordion-3653331481-label\">\n\n<p>Il est strictement interdit de fumer dans les espaces ferm\u00e9s de l'h\u00f4tel, quel que soit le type de cigarette. Toutefois, il est permis de fumer sur les balcons des chambres et dans tous les espaces ext\u00e9rieurs.<\/p>\n\n<\/div><\/div>\n<div id=\"accordion-2192196505\" class=\"accordion-item\"><a id=\"accordion-2192196505-label\" href=\"#\" class=\"accordion-title plain\" aria-expanded=\"false\" aria-controls=\"accordion-2192196505-content\"><button class=\"toggle\" aria-label=\"Basculer\"><i class=\"icon-angle-down\"><\/i><\/button><span>Y a-t-il des peignoirs dans les chambres ?<\/span><\/a><div id=\"accordion-2192196505-content\" class=\"accordion-inner\" aria-labelledby=\"accordion-2192196505-label\">\n\n<p>Les peignoirs ne sont pas disponibles dans les chambres. Ils seront mis \u00e0 disposition sur demande.<\/p>\n\n<\/div><\/div>\n<div id=\"accordion-2518281848\" class=\"accordion-item\"><a id=\"accordion-2518281848-label\" href=\"#\" class=\"accordion-title plain\" aria-expanded=\"false\" aria-controls=\"accordion-2518281848-content\"><button class=\"toggle\" aria-label=\"Basculer\"><i class=\"icon-angle-down\"><\/i><\/button><span>Les chambres disposent-elles d'un fer et d'une planche \u00e0 repasser ?<\/span><\/a><div id=\"accordion-2518281848-content\" class=\"accordion-inner\" aria-labelledby=\"accordion-2518281848-label\">\n\n<p>Oui, sous r\u00e9serve de disponibilit\u00e9 et sur demande pr\u00e9alable \u00e0 la r\u00e9ception.<\/p>\n\n<\/div><\/div>\n<div id=\"accordion-2781190384\" class=\"accordion-item\"><a id=\"accordion-2781190384-label\" href=\"#\" class=\"accordion-title plain\" aria-expanded=\"false\" aria-controls=\"accordion-2781190384-content\"><button class=\"toggle\" aria-label=\"Basculer\"><i class=\"icon-angle-down\"><\/i><\/button><span>Comment fonctionne l'objet perdu ?<\/span><\/a><div id=\"accordion-2781190384-content\" class=\"accordion-inner\" aria-labelledby=\"accordion-2781190384-label\">\n\n<p>Apr\u00e8s votre d\u00e9part, tout objet laiss\u00e9 dans la chambre (sauf les sous-v\u00eatements) est conserv\u00e9 \u00e0 l'h\u00f4tel pendant 1 an, 1 mois et 1 jour. Au cas o\u00f9 vous auriez laiss\u00e9 des objets personnels, veuillez contacter notre \u00e9quipe par e-mail.<\/p>\n\n<\/div><\/div>\n<div id=\"accordion-3710673473\" class=\"accordion-item\"><a id=\"accordion-3710673473-label\" href=\"#\" class=\"accordion-title plain\" aria-expanded=\"false\" aria-controls=\"accordion-3710673473-content\"><button class=\"toggle\" aria-label=\"Basculer\"><i class=\"icon-angle-down\"><\/i><\/button><span>Les animaux domestiques sont-ils accept\u00e9s ?<\/span><\/a><div id=\"accordion-3710673473-content\" class=\"accordion-inner\" aria-labelledby=\"accordion-3710673473-label\">\n\n<p>L'h\u00f4tel n'accepte plus les animaux de compagnie depuis janvier 2023. Cependant, il fournit une liste de recommandations d'h\u00f4tels pour animaux dans la r\u00e9gion.<\/p>\n\n<\/div><\/div>\n<div id=\"accordion-1788151622\" class=\"accordion-item\"><a id=\"accordion-1788151622-label\" href=\"#\" class=\"accordion-title plain\" aria-expanded=\"false\" aria-controls=\"accordion-1788151622-content\"><button class=\"toggle\" aria-label=\"Basculer\"><i class=\"icon-angle-down\"><\/i><\/button><span>Fournissez-vous des serviettes de piscine \u00e0 la r\u00e9ception ?<\/span><\/a><div id=\"accordion-1788151622-content\" class=\"accordion-inner\" aria-labelledby=\"accordion-1788151622-label\">\n\n<p>Oui, des serviettes de piscine sont disponibles sur demande. Elles peuvent \u00eatre conserv\u00e9es jusqu'\u00e0 la fin du s\u00e9jour et co\u00fbtent 2 \u20ac chacune.<\/p>\n\n<\/div><\/div>\n<div id=\"accordion-523874316\" class=\"accordion-item\"><a id=\"accordion-523874316-label\" href=\"#\" class=\"accordion-title plain\" aria-expanded=\"false\" aria-controls=\"accordion-523874316-content\"><button class=\"toggle\" aria-label=\"Basculer\"><i class=\"icon-angle-down\"><\/i><\/button><span>L'h\u00f4tel dispose-t-il de chambres et de parties communes adapt\u00e9es aux personnes \u00e0 mobilit\u00e9 r\u00e9duite ?<\/span><\/a><div id=\"accordion-523874316-content\" class=\"accordion-inner\" aria-labelledby=\"accordion-523874316-label\">\n\n<p>L'h\u00f4tel dispose de 2 chambres doubles adapt\u00e9es aux personnes \u00e0 mobilit\u00e9 r\u00e9duite. Il est possible d'acc\u00e9der au restaurant, \u00e0 la r\u00e9ception et \u00e0 la piscine par des rampes. Le restaurant propose \u00e9galement une salle de bain adapt\u00e9e.<\/p>\n\n<\/div><\/div>\n<div id=\"accordion-2048781177\" class=\"accordion-item\"><a id=\"accordion-2048781177-label\" href=\"#\" class=\"accordion-title plain\" aria-expanded=\"false\" aria-controls=\"accordion-2048781177-content\"><button class=\"toggle\" aria-label=\"Basculer\"><i class=\"icon-angle-down\"><\/i><\/button><span>L'h\u00f4tel dispose-t-il d'une salle de sport ?<\/span><\/a><div id=\"accordion-2048781177-content\" class=\"accordion-inner\" aria-labelledby=\"accordion-2048781177-label\">\n\n<p>L'h\u00f4tel ne dispose pas d'une salle de sport, il offre seulement un espace ext\u00e9rieur avec 4 machines qui peuvent \u00eatre utilis\u00e9es par les clients tout en profitant d'une vue magnifique.<\/p>\n\n<\/div><\/div>\n<div id=\"accordion-2670294287\" class=\"accordion-item\"><a id=\"accordion-2670294287-label\" href=\"#\" class=\"accordion-title plain\" aria-expanded=\"false\" aria-controls=\"accordion-2670294287-content\"><button class=\"toggle\" aria-label=\"Basculer\"><i class=\"icon-angle-down\"><\/i><\/button><span>\u00c0 quelle heure le petit-d\u00e9jeuner est-il servi ?<\/span><\/a><div id=\"accordion-2670294287-content\" class=\"accordion-inner\" aria-labelledby=\"accordion-2670294287-label\">\n\n<p>O pequeno-almo\u00e7o \u00e9 servido entre as 8h e as 10h (\u00e9poca baixa) e as 8h e as 10h30 (\u00e9poca alta).\u00a0<\/p>\n\n<\/div><\/div>\n<div id=\"accordion-2297948904\" class=\"accordion-item\"><a id=\"accordion-2297948904-label\" href=\"#\" class=\"accordion-title plain\" aria-expanded=\"false\" aria-controls=\"accordion-2297948904-content\"><button class=\"toggle\" aria-label=\"Basculer\"><i class=\"icon-angle-down\"><\/i><\/button><span>Le restaurant propose-t-il des options v\u00e9g\u00e9taliennes, sans gluten et sans produits laitiers ?<\/span><\/a><div id=\"accordion-2297948904-content\" class=\"accordion-inner\" aria-labelledby=\"accordion-2297948904-label\">\n\n<p>Oui. Cependant, les demandes sp\u00e9ciales doivent \u00eatre indiqu\u00e9es lors de la r\u00e9servation ou 48 heures avant l'enregistrement, et sont soumises \u00e0 disponibilit\u00e9.<\/p>\n\n<\/div><\/div>\n<div id=\"accordion-3021226714\" class=\"accordion-item\"><a id=\"accordion-3021226714-label\" href=\"#\" class=\"accordion-title plain\" aria-expanded=\"false\" aria-controls=\"accordion-3021226714-content\"><button class=\"toggle\" aria-label=\"Basculer\"><i class=\"icon-angle-down\"><\/i><\/button><span>Les clients qui ne s\u00e9journent pas \u00e0 l'h\u00f4tel peuvent-ils profiter de l'une des installations ?<\/span><\/a><div id=\"accordion-3021226714-content\" class=\"accordion-inner\" aria-labelledby=\"accordion-3021226714-label\">\n\n<p>Le restaurant et les massages sont disponibles pour les clients ne s\u00e9journant pas \u00e0 l'h\u00f4tel, sur r\u00e9servation pr\u00e9alable.<\/p>\n\n<\/div><\/div>\n<div id=\"accordion-4019262874\" class=\"accordion-item\"><a id=\"accordion-4019262874-label\" href=\"#\" class=\"accordion-title plain\" aria-expanded=\"false\" aria-controls=\"accordion-4019262874-content\"><button class=\"toggle\" aria-label=\"Basculer\"><i class=\"icon-angle-down\"><\/i><\/button><span>Organisez-vous des mariages et des bapt\u00eames ? Quel est le nombre maximum d'invit\u00e9s ?<\/span><\/a><div id=\"accordion-4019262874-content\" class=\"accordion-inner\" aria-labelledby=\"accordion-4019262874-label\">\n\n<p>O Hotel realiza eventos desta natureza. Para mais detalhes acerca deste servi\u00e7o contacte-nos atrav\u00e9s do <a href=\"mailto:comercial@hotelquintadomarco.com\"><span style=\"color: #333333;\">comercial@hotelquintadomarco.com<\/span><\/a><span style=\"color: #333333;\">.<\/span><\/p>\n\n<\/div><\/div>\n\n<\/div>\n\n\t\t<\/div>\n\t\t\t\t\t<\/div>\n\n\t\n\n<\/div>\n\n\t\t<\/div>\n\n\t\t\n<style>\n#section_958789694 {\n  padding-top: 60px;\n  padding-bottom: 60px;\n  background-color: rgb(255,255,255);\n}\n#section_958789694 .ux-shape-divider--top svg {\n  height: 150px;\n  --divider-top-width: 100%;\n}\n#section_958789694 .ux-shape-divider--bottom svg {\n  height: 150px;\n  --divider-width: 100%;\n}\n<\/style>\n\t<\/section>","protected":false},"excerpt":{"rendered":"","protected":false},"author":2,"featured_media":0,"parent":0,"menu_order":0,"comment_status":"closed","ping_status":"closed","template":"page-transparent-header-light.php","meta":{"footnotes":""},"class_list":["post-1316","page","type-page","status-publish","hentry"],"yoast_head":"<!-- This site is optimized with the Yoast SEO Premium plugin v20.2.1 (Yoast SEO v26.6) - https:\/\/yoast.com\/wordpress\/plugins\/seo\/ -->\n<title>Esclare\u00e7a as suas d\u00favidas: FAQ Hotel Rural Quinta do Marco<\/title>\n<meta name=\"description\" content=\"Encontre respostas \u00e0s suas d\u00favidas sobre o Hotel Rural Quinta do Marco na nossa sec\u00e7\u00e3o de FAQ. Obtenha a informa\u00e7\u00e3o de que necessita para planear a sua viagem\" \/>\n<meta name=\"robots\" content=\"index, follow, max-snippet:-1, max-image-preview:large, max-video-preview:-1\" \/>\n<link rel=\"canonical\" href=\"https:\/\/www.hotelquintadomarco.com\/fr\/faqs\/\" \/>\n<meta property=\"og:locale\" content=\"fr_FR\" \/>\n<meta property=\"og:type\" content=\"article\" \/>\n<meta property=\"og:title\" content=\"FAQ&#039;s\" \/>\n<meta property=\"og:description\" content=\"Encontre respostas \u00e0s suas d\u00favidas sobre o Hotel Rural Quinta do Marco na nossa sec\u00e7\u00e3o de FAQ. Obtenha a informa\u00e7\u00e3o de que necessita para planear a sua viagem\" \/>\n<meta property=\"og:url\" content=\"https:\/\/www.hotelquintadomarco.com\/fr\/faqs\/\" \/>\n<meta property=\"og:site_name\" content=\"Quinta do Marco\" \/>\n<meta property=\"article:modified_time\" content=\"2025-06-05T12:43:53+00:00\" \/>\n<meta name=\"twitter:card\" content=\"summary_large_image\" \/>\n<meta name=\"twitter:label1\" content=\"Dur\u00e9e de lecture estim\u00e9e\" \/>\n\t<meta name=\"twitter:data1\" content=\"6 minutes\" \/>\n<script type=\"application\/ld+json\" class=\"yoast-schema-graph\">{\"@context\":\"https:\/\/schema.org\",\"@graph\":[{\"@type\":\"WebPage\",\"@id\":\"https:\/\/www.hotelquintadomarco.com\/faqs\/\",\"url\":\"https:\/\/www.hotelquintadomarco.com\/faqs\/\",\"name\":\"Esclare\u00e7a as suas d\u00favidas: FAQ Hotel Rural Quinta do Marco\",\"isPartOf\":{\"@id\":\"https:\/\/www.hotelquintadomarco.com\/#website\"},\"datePublished\":\"2023-02-09T18:34:07+00:00\",\"dateModified\":\"2025-06-05T12:43:53+00:00\",\"description\":\"Encontre respostas \u00e0s suas d\u00favidas sobre o Hotel Rural Quinta do Marco na nossa sec\u00e7\u00e3o de FAQ. Obtenha a informa\u00e7\u00e3o de que necessita para planear a sua viagem\",\"breadcrumb\":{\"@id\":\"https:\/\/www.hotelquintadomarco.com\/faqs\/#breadcrumb\"},\"inLanguage\":\"fr-FR\",\"potentialAction\":[{\"@type\":\"ReadAction\",\"target\":[\"https:\/\/www.hotelquintadomarco.com\/faqs\/\"]}]},{\"@type\":\"BreadcrumbList\",\"@id\":\"https:\/\/www.hotelquintadomarco.com\/faqs\/#breadcrumb\",\"itemListElement\":[{\"@type\":\"ListItem\",\"position\":1,\"name\":\"In\u00edcio\",\"item\":\"https:\/\/www.hotelquintadomarco.com\/\"},{\"@type\":\"ListItem\",\"position\":2,\"name\":\"FAQ&#8217;s\"}]},{\"@type\":\"WebSite\",\"@id\":\"https:\/\/www.hotelquintadomarco.com\/#website\",\"url\":\"https:\/\/www.hotelquintadomarco.com\/\",\"name\":\"Quinta do Marco\",\"description\":\"Ecoturismo\",\"potentialAction\":[{\"@type\":\"SearchAction\",\"target\":{\"@type\":\"EntryPoint\",\"urlTemplate\":\"https:\/\/www.hotelquintadomarco.com\/?s={search_term_string}\"},\"query-input\":{\"@type\":\"PropertyValueSpecification\",\"valueRequired\":true,\"valueName\":\"search_term_string\"}}],\"inLanguage\":\"fr-FR\"}]}<\/script>\n<!-- \/ Yoast SEO Premium plugin. -->","yoast_head_json":{"title":"Esclare\u00e7a as suas d\u00favidas: FAQ Hotel Rural Quinta do Marco","description":"Encontre respostas \u00e0s suas d\u00favidas sobre o Hotel Rural Quinta do Marco na nossa sec\u00e7\u00e3o de FAQ. Obtenha a informa\u00e7\u00e3o de que necessita para planear a sua viagem","robots":{"index":"index","follow":"follow","max-snippet":"max-snippet:-1","max-image-preview":"max-image-preview:large","max-video-preview":"max-video-preview:-1"},"canonical":"https:\/\/www.hotelquintadomarco.com\/fr\/faqs\/","og_locale":"fr_FR","og_type":"article","og_title":"FAQ's","og_description":"Encontre respostas \u00e0s suas d\u00favidas sobre o Hotel Rural Quinta do Marco na nossa sec\u00e7\u00e3o de FAQ. Obtenha a informa\u00e7\u00e3o de que necessita para planear a sua viagem","og_url":"https:\/\/www.hotelquintadomarco.com\/fr\/faqs\/","og_site_name":"Quinta do Marco","article_modified_time":"2025-06-05T12:43:53+00:00","twitter_card":"summary_large_image","twitter_misc":{"Dur\u00e9e de lecture estim\u00e9e":"6 minutes"},"schema":{"@context":"https:\/\/schema.org","@graph":[{"@type":"WebPage","@id":"https:\/\/www.hotelquintadomarco.com\/faqs\/","url":"https:\/\/www.hotelquintadomarco.com\/faqs\/","name":"Esclare\u00e7a as suas d\u00favidas: FAQ Hotel Rural Quinta do Marco","isPartOf":{"@id":"https:\/\/www.hotelquintadomarco.com\/#website"},"datePublished":"2023-02-09T18:34:07+00:00","dateModified":"2025-06-05T12:43:53+00:00","description":"Encontre respostas \u00e0s suas d\u00favidas sobre o Hotel Rural Quinta do Marco na nossa sec\u00e7\u00e3o de FAQ. Obtenha a informa\u00e7\u00e3o de que necessita para planear a sua viagem","breadcrumb":{"@id":"https:\/\/www.hotelquintadomarco.com\/faqs\/#breadcrumb"},"inLanguage":"fr-FR","potentialAction":[{"@type":"ReadAction","target":["https:\/\/www.hotelquintadomarco.com\/faqs\/"]}]},{"@type":"BreadcrumbList","@id":"https:\/\/www.hotelquintadomarco.com\/faqs\/#breadcrumb","itemListElement":[{"@type":"ListItem","position":1,"name":"In\u00edcio","item":"https:\/\/www.hotelquintadomarco.com\/"},{"@type":"ListItem","position":2,"name":"FAQ&#8217;s"}]},{"@type":"WebSite","@id":"https:\/\/www.hotelquintadomarco.com\/#website","url":"https:\/\/www.hotelquintadomarco.com\/","name":"Quinta do Marco","description":"Ecoturismo","potentialAction":[{"@type":"SearchAction","target":{"@type":"EntryPoint","urlTemplate":"https:\/\/www.hotelquintadomarco.com\/?s={search_term_string}"},"query-input":{"@type":"PropertyValueSpecification","valueRequired":true,"valueName":"search_term_string"}}],"inLanguage":"fr-FR"}]}},"_links":{"self":[{"href":"https:\/\/www.hotelquintadomarco.com\/fr\/wp-json\/wp\/v2\/pages\/1316","targetHints":{"allow":["GET"]}}],"collection":[{"href":"https:\/\/www.hotelquintadomarco.com\/fr\/wp-json\/wp\/v2\/pages"}],"about":[{"href":"https:\/\/www.hotelquintadomarco.com\/fr\/wp-json\/wp\/v2\/types\/page"}],"author":[{"embeddable":true,"href":"https:\/\/www.hotelquintadomarco.com\/fr\/wp-json\/wp\/v2\/users\/2"}],"replies":[{"embeddable":true,"href":"https:\/\/www.hotelquintadomarco.com\/fr\/wp-json\/wp\/v2\/comments?post=1316"}],"version-history":[{"count":4,"href":"https:\/\/www.hotelquintadomarco.com\/fr\/wp-json\/wp\/v2\/pages\/1316\/revisions"}],"predecessor-version":[{"id":8101,"href":"https:\/\/www.hotelquintadomarco.com\/fr\/wp-json\/wp\/v2\/pages\/1316\/revisions\/8101"}],"wp:attachment":[{"href":"https:\/\/www.hotelquintadomarco.com\/fr\/wp-json\/wp\/v2\/media?parent=1316"}],"curies":[{"name":"wp","href":"https:\/\/api.w.org\/{rel}","templated":true}]}}