{"id":1447,"date":"2023-02-10T14:53:49","date_gmt":"2023-02-10T14:53:49","guid":{"rendered":"https:\/\/www.hotelquintadomarco.com\/?page_id=1447"},"modified":"2024-05-07T13:12:57","modified_gmt":"2024-05-07T13:12:57","slug":"sustentabilidade","status":"publish","type":"page","link":"https:\/\/www.hotelquintadomarco.com\/fr\/durabilite\/","title":{"rendered":"Durabilit\u00e9"},"content":{"rendered":"<section class=\"section main-wrapper\" id=\"section_1184866032\">\n\t\t<div class=\"bg section-bg fill bg-fill  bg-loaded\" >\n\n\t\t\t\n\t\t\t\n\t\t\t\n\n\t\t<\/div>\n\n\t\t\n\n\t\t<div class=\"section-content relative\">\n\t\t\t\n\n<div class=\"slider-wrapper relative\" id=\"slider-701136825\" style=\"background-color:rgb(255,255,255);\">\n    <div class=\"slider slider-nav-simple slider-nav-normal slider-nav-light slider-style-normal\"\n        data-flickity-options='{            \"cellAlign\": \"center\",            \"imagesLoaded\": true,            \"lazyLoad\": 1,            \"freeScroll\": false,            \"wrapAround\": false,            \"autoPlay\": false,            \"pauseAutoPlayOnHover\" : false,            \"prevNextButtons\": false,            \"contain\" : true,            \"adaptiveHeight\" : true,            \"dragThreshold\" : 10,            \"percentPosition\": true,            \"pageDots\": false,            \"rightToLeft\": false,            \"draggable\": false,            \"selectedAttraction\": 0.1,            \"parallax\" : 2,            \"friction\": 0.6        }'\n        >\n        \n\n\n  <div class=\"banner has-hover\" id=\"banner-500637786\">\n          <div class=\"banner-inner fill\">\n        <div class=\"banner-bg fill\" >\n            <div class=\"bg fill bg-fill\"><\/div>\n                        <div class=\"overlay\"><\/div>            \n                    <\/div>\n\t\t\n        <div class=\"banner-layers container\">\n            <div class=\"fill banner-link\"><\/div>            \n\n   <div id=\"text-box-36960010\" class=\"text-box banner-layer x0 md-x0 lg-x0 y70 md-y95 lg-y95 res-text\">\n                                <div class=\"text-box-content text dark\">\n              \n              <div class=\"text-inner text-center\">\n                  \n\n\t<div id=\"text-337167884\" class=\"text cover-title\">\n\t\t\n\n<h1>Durabilit\u00e9<\/h1>\n\t\t\n<style>\n#text-337167884 {\n  font-size: 0.75rem;\n  line-height: 0.75;\n  text-align: left;\n}\n@media (min-width:550px) {\n  #text-337167884 {\n    font-size: 1rem;\n  }\n}\n<\/style>\n\t<\/div>\n\t\n\t<div id=\"gap-2125689329\" class=\"gap-element clearfix\" style=\"display:block; height:auto;\">\n\t\t\n<style>\n#gap-2125689329 {\n  padding-top: 60px;\n}\n@media (min-width:550px) {\n  #gap-2125689329 {\n    padding-top: 100px;\n  }\n}\n<\/style>\n\t<\/div>\n\t\n\n\n              <\/div>\n           <\/div>\n                            \n<style>\n#text-box-36960010 .text-inner {\n  padding: 0px 15px 0px 15px;\n}\n#text-box-36960010 {\n  width: 100%;\n}\n#text-box-36960010 .text-box-content {\n  font-size: 100%;\n}\n@media (min-width:550px) {\n  #text-box-36960010 {\n    width: 63%;\n  }\n}\n<\/style>\n    <\/div>\n \n\n        <\/div>\n      <\/div>\n\n            \n<style>\n#banner-500637786 {\n  padding-top: 515px;\n}\n#banner-500637786 .bg.bg-loaded {\n  background-image: url(https:\/\/www.hotelquintadomarco.com\/wp-content\/uploads\/2024\/05\/DJI_0541_highres-scaled.jpg);\n}\n#banner-500637786 .overlay {\n  background-color: rgba(0, 0, 0, 0.6);\n}\n#banner-500637786 .bg {\n  background-position: 0% 60%;\n}\n#banner-500637786 .ux-shape-divider--top svg {\n  height: 150px;\n  --divider-top-width: 100%;\n}\n#banner-500637786 .ux-shape-divider--bottom svg {\n  height: 150px;\n  --divider-width: 100%;\n}\n<\/style>\n  <\/div>\n\n\n\n     <\/div>\n\n     <div class=\"loading-spin dark large centered\"><\/div>\n\n     \t<\/div>\n\n\n\n\t\t<\/div>\n\n\t\t\n<style>\n#section_1184866032 {\n  padding-top: 0px;\n  padding-bottom: 0px;\n}\n#section_1184866032 .ux-shape-divider--top svg {\n  height: 150px;\n  --divider-top-width: 100%;\n}\n#section_1184866032 .ux-shape-divider--bottom svg {\n  height: 150px;\n  --divider-width: 100%;\n}\n<\/style>\n\t<\/section>\n\t\n\n\t<section class=\"section main-wrapper booking-section\" id=\"section_701078169\">\n\t\t<div class=\"bg section-bg fill bg-fill  bg-loaded\" >\n\n\t\t\t\n\t\t\t\n\t\t\t\n\n\t\t<\/div>\n\n\t\t\n\n\t\t<div class=\"section-content relative\">\n\t\t\t\n\n<div class=\"row\"  id=\"row-369983259\">\n\n\n\t<div id=\"col-1475180975\" class=\"col header-wrapper small-12 large-12\"  >\n\t\t\t\t<div class=\"col-inner\"  >\n\t\t\t\n\t\t\t\n\n\t<div id=\"text-3365479296\" class=\"text title\">\n\t\t\n\n<h2><span style=\"font-size: 85%;\">petit,<\/span> De grands pas.<\/h2>\n\t\t\n<style>\n#text-3365479296 {\n  font-size: 3.25rem;\n}\n<\/style>\n\t<\/div>\n\t\n\n\t\t<\/div>\n\t\t\t\t\t<\/div>\n\n\t\n\n<\/div>\n<div class=\"row\"  id=\"row-1986125712\">\n\n\n\t<div id=\"col-1555523224\" class=\"col small-12 large-12\"  >\n\t\t\t\t<div class=\"col-inner\"  >\n\t\t\t\n\t\t\t\n\n<p><span style=\"font-weight: 400;\">Localis\u00e9 au milieu de la nature, l'h\u00f4tel Quinta do Marco vous proportionne des vacances durables. Le souci de la durabilit\u00e9 est transversal aux d\u00e9cisions prises par l'\u00e9quipe de l'h\u00f4tel, avec pour objectif de minimiser les impacts environnementaux, dans ce nouveau concept d'Eco Tourisme. Quelques-unes des mesures d\u00e9j\u00e0 adopt\u00e9es :<\/span><\/p>\n<p>&nbsp;<\/p>\n<ul>\n<li style=\"font-weight: 400;\" aria-level=\"1\"><span style=\"font-weight: 400; color: #3c3c3c;\">R\u00e9duction de l'utilisation du plastic;<\/span><\/li>\n<li style=\"font-weight: 400;\" aria-level=\"1\"><span style=\"font-weight: 400; color: #3c3c3c;\">Nos chers animaux, principalement les moutons, l\u2019\u00e2ne et les poules, adorent les restes de fruits et de l\u00e9gumes et collaborent dans la maintenance de nos espaces verts. Ils sont aussi une excellente source de fertilisants naturels ce qui nous permet d\u2019\u00e9viter l\u2019apport d\u2019agents chimiques dans la fertilisation de nos terrains;<\/span><\/li>\n<li style=\"font-weight: 400;\" aria-level=\"1\"><span style=\"font-weight: 400; color: #3c3c3c;\">Gestion efficace de la consommation des ressources (eau et \u00e9lectricit\u00e9) ;<\/span><\/li>\n<li style=\"font-weight: 400;\" aria-level=\"1\"><span style=\"font-weight: 400; color: #3c3c3c;\">Utilisation d\u2019\u00e9nergie solaire pour chauffer l\u2019eau;<\/span><\/li>\n<li style=\"font-weight: 400;\" aria-level=\"1\"><span style=\"font-weight: 400; color: #3c3c3c;\">Utilisation de voiture de service et buggy \u00e9lectriques;<\/span><\/li>\n<li style=\"font-weight: 400;\" aria-level=\"1\"><span style=\"font-weight: 400; color: #3c3c3c;\">Notre parking est \u00e9quip\u00e9 de prises de recharge \u00e9lectrique pour les voitures de nos clients ;<\/span><\/li>\n<li style=\"font-weight: 400;\" aria-level=\"1\"><span style=\"font-weight: 400; color: #3c3c3c;\">Toute l\u2019illumination est LED;<\/span><\/li>\n<li style=\"font-weight: 400;\" aria-level=\"1\"><span style=\"font-weight: 400; color: #3c3c3c;\">Installation de capteurs de pr\u00e9sence dans toutes les zones communes diminuant ainsi la consommation d\u2019\u00e9lectricit\u00e9;<\/span><\/li>\n<li style=\"font-weight: 400;\" aria-level=\"1\"><span style=\"font-weight: 400; color: #3c3c3c;\">Syst\u00e8me coupe courant au niveau des climatisations en cas d\u2019ouverture d\u2019une fen\u00eatre;<\/span><\/li>\n<li style=\"font-weight: 400;\" aria-level=\"1\"><span style=\"font-weight: 400; color: #3c3c3c;\">Utilisation d\u2019\u00e9quipements de classe \u00e9nerg\u00e9tique sup\u00e9rieure;<\/span><\/li>\n<li style=\"font-weight: 400;\" aria-level=\"1\"><span style=\"font-weight: 400; color: #3c3c3c;\">Installation de syst\u00e8me de r\u00e9duction de d\u00e9bit au niveau de tous les robinets;<\/span><\/li>\n<li style=\"font-weight: 400;\" aria-level=\"1\"><span style=\"font-weight: 400; color: #3c3c3c;\">Utilisation de filtres solaires au niveau de certains vitrages de l\u2019H\u00f4tel;<\/span><\/li>\n<li style=\"font-weight: 400;\" aria-level=\"1\"><span style=\"font-weight: 400; color: #3c3c3c;\">Les zones jardins sont pr\u00e9f\u00e9rentiellement agr\u00e9ment\u00e9es de plantes autochtones dont les besoins en eau sont parfaitement adapt\u00e9es au climat. En 2022 <span style=\"color: #333333;\">nous avons plant\u00e9<\/span> plus de 200 pieds de caroubiers sur la propri\u00e9t\u00e9;<\/span><\/li>\n<li style=\"font-weight: 400;\" aria-level=\"1\"><span style=\"color: #3c3c3c;\"><i><span style=\"font-weight: 400;\">Les kits de toilettes <\/span><\/i><span style=\"font-weight: 400;\">sont remplac\u00e9s par des emballages individuels rechargeables;<\/span><\/span><\/li>\n<li style=\"font-weight: 400;\" aria-level=\"1\"><span style=\"font-weight: 400; color: #3c3c3c;\">Disponibilit\u00e9 de sac pressing uniquement sur demande;<\/span><\/li>\n<li style=\"font-weight: 400;\" aria-level=\"1\"><span style=\"font-weight: 400; color: #3c3c3c;\">Achats adapt\u00e9s aux menus et doses ajust\u00e9es afin d\u2019\u00e9viter le g\u00e2chis alimentaire;<\/span><\/li>\n<li style=\"font-weight: 400;\" aria-level=\"1\"><span style=\"font-weight: 400; color: #3c3c3c;\">Sacs de d\u00e9chets de diff\u00e9rentes couleurs et codes adapt\u00e9s pour permettre le recyclage des mat\u00e9riaux;<\/span><\/li>\n<li style=\"font-weight: 400;\" aria-level=\"1\"><span style=\"font-weight: 400; color: #3c3c3c;\">Utilisation pr\u00e9f\u00e9rentielle de nos plantes aromatiques et autres poroduits agricoles de notre potager.<\/span><\/li>\n<\/ul>\n\n\t\t<\/div>\n\t\t\t\t\t<\/div>\n\n\t\n\n<\/div>\n\n\t\t<\/div>\n\n\t\t\n<style>\n#section_701078169 {\n  padding-top: 60px;\n  padding-bottom: 60px;\n  background-color: rgb(255,255,255);\n}\n#section_701078169 .ux-shape-divider--top svg {\n  height: 150px;\n  --divider-top-width: 100%;\n}\n#section_701078169 .ux-shape-divider--bottom svg {\n  height: 150px;\n  --divider-width: 100%;\n}\n<\/style>\n\t<\/section>","protected":false},"excerpt":{"rendered":"","protected":false},"author":2,"featured_media":0,"parent":0,"menu_order":0,"comment_status":"closed","ping_status":"closed","template":"page-transparent-header-light.php","meta":{"footnotes":""},"class_list":["post-1447","page","type-page","status-publish","hentry"],"yoast_head":"<!-- This site is optimized with the Yoast SEO Premium plugin v20.2.1 (Yoast SEO v26.6) - https:\/\/yoast.com\/wordpress\/plugins\/seo\/ -->\n<title>F\u00e9rias sustent\u00e1veis - Hotel Rural Quinta do Marco, Tavira<\/title>\n<meta name=\"description\" content=\"Situado no meio da natureza, o Hotel Quinta do Marco garante-lhe umas f\u00e9rias mais sustent\u00e1veis. Visite-nos e obtenha a sua experi\u00eancia\" \/>\n<meta name=\"robots\" content=\"index, follow, max-snippet:-1, max-image-preview:large, max-video-preview:-1\" \/>\n<link rel=\"canonical\" href=\"https:\/\/www.hotelquintadomarco.com\/fr\/durabilite\/\" \/>\n<meta property=\"og:locale\" content=\"fr_FR\" \/>\n<meta property=\"og:type\" content=\"article\" \/>\n<meta property=\"og:title\" content=\"Sustentabilidade\" \/>\n<meta property=\"og:description\" content=\"Situado no meio da natureza, o Hotel Quinta do Marco garante-lhe umas f\u00e9rias mais sustent\u00e1veis. Visite-nos e obtenha a sua experi\u00eancia\" \/>\n<meta property=\"og:url\" content=\"https:\/\/www.hotelquintadomarco.com\/fr\/durabilite\/\" \/>\n<meta property=\"og:site_name\" content=\"Quinta do Marco\" \/>\n<meta property=\"article:modified_time\" content=\"2024-05-07T13:12:57+00:00\" \/>\n<meta name=\"twitter:card\" content=\"summary_large_image\" \/>\n<meta name=\"twitter:label1\" content=\"Dur\u00e9e de lecture estim\u00e9e\" \/>\n\t<meta name=\"twitter:data1\" content=\"3 minutes\" \/>\n<script type=\"application\/ld+json\" class=\"yoast-schema-graph\">{\"@context\":\"https:\/\/schema.org\",\"@graph\":[{\"@type\":\"WebPage\",\"@id\":\"https:\/\/www.hotelquintadomarco.com\/sustentabilidade\/\",\"url\":\"https:\/\/www.hotelquintadomarco.com\/sustentabilidade\/\",\"name\":\"F\u00e9rias sustent\u00e1veis - Hotel Rural Quinta do Marco, Tavira\",\"isPartOf\":{\"@id\":\"https:\/\/www.hotelquintadomarco.com\/#website\"},\"datePublished\":\"2023-02-10T14:53:49+00:00\",\"dateModified\":\"2024-05-07T13:12:57+00:00\",\"description\":\"Situado no meio da natureza, o Hotel Quinta do Marco garante-lhe umas f\u00e9rias mais sustent\u00e1veis. Visite-nos e obtenha a sua experi\u00eancia\",\"breadcrumb\":{\"@id\":\"https:\/\/www.hotelquintadomarco.com\/sustentabilidade\/#breadcrumb\"},\"inLanguage\":\"fr-FR\",\"potentialAction\":[{\"@type\":\"ReadAction\",\"target\":[\"https:\/\/www.hotelquintadomarco.com\/sustentabilidade\/\"]}]},{\"@type\":\"BreadcrumbList\",\"@id\":\"https:\/\/www.hotelquintadomarco.com\/sustentabilidade\/#breadcrumb\",\"itemListElement\":[{\"@type\":\"ListItem\",\"position\":1,\"name\":\"In\u00edcio\",\"item\":\"https:\/\/www.hotelquintadomarco.com\/\"},{\"@type\":\"ListItem\",\"position\":2,\"name\":\"Sustentabilidade\"}]},{\"@type\":\"WebSite\",\"@id\":\"https:\/\/www.hotelquintadomarco.com\/#website\",\"url\":\"https:\/\/www.hotelquintadomarco.com\/\",\"name\":\"Quinta do Marco\",\"description\":\"Ecoturismo\",\"potentialAction\":[{\"@type\":\"SearchAction\",\"target\":{\"@type\":\"EntryPoint\",\"urlTemplate\":\"https:\/\/www.hotelquintadomarco.com\/?s={search_term_string}\"},\"query-input\":{\"@type\":\"PropertyValueSpecification\",\"valueRequired\":true,\"valueName\":\"search_term_string\"}}],\"inLanguage\":\"fr-FR\"}]}<\/script>\n<!-- \/ Yoast SEO Premium plugin. -->","yoast_head_json":{"title":"F\u00e9rias sustent\u00e1veis - Hotel Rural Quinta do Marco, Tavira","description":"Situado no meio da natureza, o Hotel Quinta do Marco garante-lhe umas f\u00e9rias mais sustent\u00e1veis. Visite-nos e obtenha a sua experi\u00eancia","robots":{"index":"index","follow":"follow","max-snippet":"max-snippet:-1","max-image-preview":"max-image-preview:large","max-video-preview":"max-video-preview:-1"},"canonical":"https:\/\/www.hotelquintadomarco.com\/fr\/durabilite\/","og_locale":"fr_FR","og_type":"article","og_title":"Sustentabilidade","og_description":"Situado no meio da natureza, o Hotel Quinta do Marco garante-lhe umas f\u00e9rias mais sustent\u00e1veis. Visite-nos e obtenha a sua experi\u00eancia","og_url":"https:\/\/www.hotelquintadomarco.com\/fr\/durabilite\/","og_site_name":"Quinta do Marco","article_modified_time":"2024-05-07T13:12:57+00:00","twitter_card":"summary_large_image","twitter_misc":{"Dur\u00e9e de lecture estim\u00e9e":"3 minutes"},"schema":{"@context":"https:\/\/schema.org","@graph":[{"@type":"WebPage","@id":"https:\/\/www.hotelquintadomarco.com\/sustentabilidade\/","url":"https:\/\/www.hotelquintadomarco.com\/sustentabilidade\/","name":"F\u00e9rias sustent\u00e1veis - Hotel Rural Quinta do Marco, Tavira","isPartOf":{"@id":"https:\/\/www.hotelquintadomarco.com\/#website"},"datePublished":"2023-02-10T14:53:49+00:00","dateModified":"2024-05-07T13:12:57+00:00","description":"Situado no meio da natureza, o Hotel Quinta do Marco garante-lhe umas f\u00e9rias mais sustent\u00e1veis. Visite-nos e obtenha a sua experi\u00eancia","breadcrumb":{"@id":"https:\/\/www.hotelquintadomarco.com\/sustentabilidade\/#breadcrumb"},"inLanguage":"fr-FR","potentialAction":[{"@type":"ReadAction","target":["https:\/\/www.hotelquintadomarco.com\/sustentabilidade\/"]}]},{"@type":"BreadcrumbList","@id":"https:\/\/www.hotelquintadomarco.com\/sustentabilidade\/#breadcrumb","itemListElement":[{"@type":"ListItem","position":1,"name":"In\u00edcio","item":"https:\/\/www.hotelquintadomarco.com\/"},{"@type":"ListItem","position":2,"name":"Sustentabilidade"}]},{"@type":"WebSite","@id":"https:\/\/www.hotelquintadomarco.com\/#website","url":"https:\/\/www.hotelquintadomarco.com\/","name":"Quinta do Marco","description":"Ecoturismo","potentialAction":[{"@type":"SearchAction","target":{"@type":"EntryPoint","urlTemplate":"https:\/\/www.hotelquintadomarco.com\/?s={search_term_string}"},"query-input":{"@type":"PropertyValueSpecification","valueRequired":true,"valueName":"search_term_string"}}],"inLanguage":"fr-FR"}]}},"_links":{"self":[{"href":"https:\/\/www.hotelquintadomarco.com\/fr\/wp-json\/wp\/v2\/pages\/1447","targetHints":{"allow":["GET"]}}],"collection":[{"href":"https:\/\/www.hotelquintadomarco.com\/fr\/wp-json\/wp\/v2\/pages"}],"about":[{"href":"https:\/\/www.hotelquintadomarco.com\/fr\/wp-json\/wp\/v2\/types\/page"}],"author":[{"embeddable":true,"href":"https:\/\/www.hotelquintadomarco.com\/fr\/wp-json\/wp\/v2\/users\/2"}],"replies":[{"embeddable":true,"href":"https:\/\/www.hotelquintadomarco.com\/fr\/wp-json\/wp\/v2\/comments?post=1447"}],"version-history":[{"count":1,"href":"https:\/\/www.hotelquintadomarco.com\/fr\/wp-json\/wp\/v2\/pages\/1447\/revisions"}],"predecessor-version":[{"id":3837,"href":"https:\/\/www.hotelquintadomarco.com\/fr\/wp-json\/wp\/v2\/pages\/1447\/revisions\/3837"}],"wp:attachment":[{"href":"https:\/\/www.hotelquintadomarco.com\/fr\/wp-json\/wp\/v2\/media?parent=1447"}],"curies":[{"name":"wp","href":"https:\/\/api.w.org\/{rel}","templated":true}]}}