{"id":3,"date":"2023-01-11T09:31:55","date_gmt":"2023-01-11T09:31:55","guid":{"rendered":"https:\/\/www.hotelquintadomarco.com\/?page_id=3"},"modified":"2025-06-05T12:27:57","modified_gmt":"2025-06-05T12:27:57","slug":"politica-de-privacidade-e-cookies","status":"publish","type":"page","link":"https:\/\/www.hotelquintadomarco.com\/fr\/politique-de-confidentialite-et-de-cookies\/","title":{"rendered":"Politique de confidentialit\u00e9 et cookies"},"content":{"rendered":"<section class=\"section main-wrapper\" id=\"section_330940296\">\n\t\t<div class=\"bg section-bg fill bg-fill  bg-loaded\" >\n\n\t\t\t\n\t\t\t\n\t\t\t\n\n\t\t<\/div>\n\n\t\t\n\n\t\t<div class=\"section-content relative\">\n\t\t\t\n\n<div class=\"slider-wrapper relative\" id=\"slider-118646355\" style=\"background-color:rgb(255,255,255);\">\n    <div class=\"slider slider-nav-simple slider-nav-normal slider-nav-light slider-style-normal\"\n        data-flickity-options='{            \"cellAlign\": \"center\",            \"imagesLoaded\": true,            \"lazyLoad\": 1,            \"freeScroll\": false,            \"wrapAround\": false,            \"autoPlay\": false,            \"pauseAutoPlayOnHover\" : false,            \"prevNextButtons\": false,            \"contain\" : true,            \"adaptiveHeight\" : true,            \"dragThreshold\" : 10,            \"percentPosition\": true,            \"pageDots\": false,            \"rightToLeft\": false,            \"draggable\": false,            \"selectedAttraction\": 0.1,            \"parallax\" : 2,            \"friction\": 0.6        }'\n        >\n        \n\n\n  <div class=\"banner has-hover\" id=\"banner-1376058437\">\n          <div class=\"banner-inner fill\">\n        <div class=\"banner-bg fill\" >\n            <div class=\"bg fill bg-fill\"><\/div>\n                        <div class=\"overlay\"><\/div>            \n                    <\/div>\n\t\t\n        <div class=\"banner-layers container\">\n            <div class=\"fill banner-link\"><\/div>            \n\n   <div id=\"text-box-1063406277\" class=\"text-box banner-layer x0 md-x0 lg-x0 y70 md-y95 lg-y95 res-text\">\n                                <div class=\"text-box-content text dark\">\n              \n              <div class=\"text-inner text-center\">\n                  \n\n\t<div id=\"text-1853040706\" class=\"text cover-title\">\n\t\t\n\n<h1>Politique de confidentialit\u00e9<\/h1>\n\t\t\n<style>\n#text-1853040706 {\n  font-size: 0.75rem;\n  line-height: 0.75;\n  text-align: left;\n}\n@media (min-width:550px) {\n  #text-1853040706 {\n    font-size: 1rem;\n  }\n}\n<\/style>\n\t<\/div>\n\t\n\t<div id=\"gap-78965865\" class=\"gap-element clearfix\" style=\"display:block; height:auto;\">\n\t\t\n<style>\n#gap-78965865 {\n  padding-top: 60px;\n}\n@media (min-width:550px) {\n  #gap-78965865 {\n    padding-top: 100px;\n  }\n}\n<\/style>\n\t<\/div>\n\t\n\n\n              <\/div>\n           <\/div>\n                            \n<style>\n#text-box-1063406277 .text-inner {\n  padding: 0px 15px 0px 15px;\n}\n#text-box-1063406277 {\n  width: 100%;\n}\n#text-box-1063406277 .text-box-content {\n  font-size: 100%;\n}\n@media (min-width:550px) {\n  #text-box-1063406277 {\n    width: 63%;\n  }\n}\n<\/style>\n    <\/div>\n \n\n        <\/div>\n      <\/div>\n\n            \n<style>\n#banner-1376058437 {\n  padding-top: 515px;\n}\n#banner-1376058437 .bg.bg-loaded {\n  background-image: url(https:\/\/www.hotelquintadomarco.com\/wp-content\/uploads\/2023\/02\/Captura-de-ecra-2023-02-22-as-14.38.03.jpg);\n}\n#banner-1376058437 .overlay {\n  background-color: rgba(0, 0, 0, 0.6);\n}\n#banner-1376058437 .bg {\n  background-position: 0% 44%;\n}\n#banner-1376058437 .ux-shape-divider--top svg {\n  height: 150px;\n  --divider-top-width: 100%;\n}\n#banner-1376058437 .ux-shape-divider--bottom svg {\n  height: 150px;\n  --divider-width: 100%;\n}\n<\/style>\n  <\/div>\n\n\n\n     <\/div>\n\n     <div class=\"loading-spin dark large centered\"><\/div>\n\n     \t<\/div>\n\n\n\n\t\t<\/div>\n\n\t\t\n<style>\n#section_330940296 {\n  padding-top: 0px;\n  padding-bottom: 0px;\n}\n#section_330940296 .ux-shape-divider--top svg {\n  height: 150px;\n  --divider-top-width: 100%;\n}\n#section_330940296 .ux-shape-divider--bottom svg {\n  height: 150px;\n  --divider-width: 100%;\n}\n<\/style>\n\t<\/section>\n\t\n\n\t<section class=\"section main-wrapper booking-section\" id=\"section_2133180659\">\n\t\t<div class=\"bg section-bg fill bg-fill  bg-loaded\" >\n\n\t\t\t\n\t\t\t\n\t\t\t\n\n\t\t<\/div>\n\n\t\t\n\n\t\t<div class=\"section-content relative\">\n\t\t\t\n\n<div class=\"row\"  id=\"row-223750945\">\n\n\n\t<div id=\"col-472457507\" class=\"col small-12 large-12\"  >\n\t\t\t\t<div class=\"col-inner\"  >\n\t\t\t\n\t\t\t\n\n<p><span style=\"font-weight: 400;\">A privacidade dos nossos Clientes \u00e9 um dos principais pilares da pol\u00edtica da empresa InoHotels LDA.<\/span><\/p>\n<p>\u00a0<\/p>\n<p><span style=\"font-weight: 400;\">De acordo com as obriga\u00e7\u00f5es inerentes ao Regulamento Geral de Prote\u00e7\u00e3o de Dados (RGPD), a InoHotels LDA<\/span><span style=\"font-size: 14.4px;\">\u00a0compromete-se, na presente Pol\u00edtica de Privacidade, a inform\u00e1-lo sobre os objetivos e a forma como s\u00e3o tratados os seus dados pessoais (i.e. recolha, armazenamento, processamento, transmiss\u00e3o e elimina\u00e7\u00e3o), garantindo que os seus dados s\u00e3o recolhidos e guardados, tendo como refer\u00eancia as melhores pr\u00e1ticas no dom\u00ednio da seguran\u00e7a e da prote\u00e7\u00e3o dos dados pessoais.\u00a0<\/span><\/p>\n<p>\u00a0<\/p>\n<p><span style=\"font-weight: 400;\">No compromisso de garantir a seguran\u00e7a dos dados pessoais dos seus clientes e funcion\u00e1rios, a InoHotels LDA, implementou medidas de seguran\u00e7a t\u00e9cnicas e organizacionais consideradas necess\u00e1rias \u00e0s atividades de processamento.\u00a0<\/span><\/p>\n<p><span style=\"font-weight: 400;\">Les donn\u00e9es collect\u00e9es ne sont pas transf\u00e9r\u00e9es \u00e0 des tiers sans votre consentement pr\u00e9alable. Les donn\u00e9es personnelles peuvent \u00e9galement \u00eatre partag\u00e9es avec d'autres entit\u00e9s conform\u00e9ment : a) au droit applicable, b) au respect des obligations l\u00e9gales, c) ou en r\u00e9ponse aux demandes des autorit\u00e9s publiques et gouvernementales.\u00a0<\/span><\/p>\n<p>\u00a0<\/p>\n<p><span style=\"font-weight: 400;\">A InoHotels LDA assume o compromisso de utilizar os seus dados pessoais apenas para os fins que lhe foram comunicados, e sempre de uma forma segura e respons\u00e1vel.\u00a0<\/span><\/p>\n<p>\u00a0<\/p>\n<p><span style=\"font-weight: 400;\">Dans la pr\u00e9sente Politique de confidentialit\u00e9, le terme \" Donn\u00e9es personnelles \" d\u00e9signe l'ensemble des informations qui vous concernent et qui nous permettent de vous identifier, directement ou indirectement. Vos Donn\u00e9es personnelles peuvent inclure, par exemple, votre nom, votre num\u00e9ro d'identification fiscale, vos coordonn\u00e9es, vos transactions et vos interactions avec nous.\u00a0<\/span><\/p>\n<p>\u00a0<\/p>\n<p><span style=\"font-weight: 400;\">A InoHotels LDA poder\u00e1 recolher as seguintes categorias de dados pessoais:\u00a0<\/span><\/p>\n<p>\u00a0<\/p>\n<ol>\n<li><span style=\"font-weight: 400;\"> Donn\u00e9es d'identification de l'utilisateur - nom, \u00e2ge, e-mail, adresse, num\u00e9ro d'identification fiscale, date de naissance, contact, entre autres.\u00a0<\/span><\/li>\n<li><span style=\"font-weight: 400;\"> Informations sur les enfants : nom, date de naissance, \u00e2ge, entre autres.\u00a0<\/span><\/li>\n<\/ol>\n<p><span style=\"font-weight: 400;\">Les clients doivent s'assurer que les enfants et les jeunes de moins de 18 ans n'envoient pas de donn\u00e9es personnelles sans leur permission.\u00a0<\/span><\/p>\n<ol>\n<li><span style=\"font-weight: 400;\"> Les d\u00e9tails de la carte de cr\u00e9dit - le nom du titulaire de la carte, le num\u00e9ro de la carte, sa validit\u00e9 et son code de s\u00e9curit\u00e9.\u00a0<\/span><\/li>\n<li><span style=\"font-weight: 400;\"> Services fournis - nom, adresse, t\u00e9l\u00e9phone, e-mail, date de naissance, identification du service.\u00a0<\/span><\/li>\n<li><span style=\"font-weight: 400;\"> Int\u00e9r\u00eats et pr\u00e9f\u00e9rences : tels que l'emplacement pr\u00e9f\u00e9r\u00e9 de la chambre, chambre fumeur\/non fumeur, type de chambre pr\u00e9f\u00e9r\u00e9 et lit demand\u00e9, journal souhait\u00e9, entre autres.\u00a0<\/span><\/li>\n<li><span style=\"font-weight: 400;\"> Commentaires possibles pendant ou apr\u00e8s votre s\u00e9jour \u00e0 l'h\u00f4tel Quinta do Marco<\/span><\/li>\n<\/ol>\n<p>\u00a0<\/p>\n<p><span style=\"font-weight: 400;\">Nous ne demandons pas d'informations sensibles telles que : les croyances religieuses ou philosophiques, les opinions politiques, les informations sur la sant\u00e9, la race ou l'origine ethnique, l'orientation sexuelle ou l'appartenance \u00e0 un syndicat.\u00a0<\/span><\/p>\n<p><span style=\"font-weight: 400;\">Nous utilisons vos donn\u00e9es personnelles aux fins suivantes :\u00a0<\/span><\/p>\n<ol>\n<li><span style=\"font-weight: 400;\"> Gestion des clients - pour nous permettre de vous fournir le service pour lequel vous avez pass\u00e9 un contrat avec nous et pour am\u00e9liorer les services fournis dans notre h\u00f4tel, afin de comprendre les besoins de nos clients et de d\u00e9passer leurs attentes.\u00a0<\/span><\/li>\n<li><span style=\"font-weight: 400;\"> Gestion des factures - pour l'\u00e9mission de factures pour l'acquisition de biens et de services.\u00a0<\/span><\/li>\n<li><span style=\"font-weight: 400;\"> Garanties et assistance apr\u00e8s-vente - pour vous permettre d'acc\u00e9der aux services apr\u00e8s-vente et de garantie.\u00a0<\/span><\/li>\n<li><span style=\"font-weight: 400;\"> Marketing et communication - pour les \u00e9tudes de march\u00e9, la participation \u00e0 des programmes publicitaires (pour recevoir des offres\/promotions ; collaboration \u00e0 des enqu\u00eates et\/ou commentaires de clients, concours).<\/span><\/li>\n<\/ol>\n<p>\u00a0<\/p>\n<p><span style=\"font-weight: 400;\">Aux termes de la l\u00e9gislation en vigueur, l'acc\u00e8s, la rectification, la modification, l'opposition au traitement, la portabilit\u00e9 et l'\u00e9limination de vos donn\u00e9es personnelles vous sont garantis, en vous adressant aux Ressources humaines de l'entreprise.\u00a0<\/span><\/p>\n<p><span style=\"font-weight: 400;\">A InoHotels LDA pode solicitar uma c\u00f3pia de um documento de identifica\u00e7\u00e3o v\u00e1lido para proteger a privacidade do cliente e confirmar a sua identidade, antes de efetuar quaisquer altera\u00e7\u00f5es.\u00a0<\/span><\/p>\n<p>\u00a0<\/p>\n<p><span style=\"font-weight: 400;\">Les clients peuvent demander la portabilit\u00e9 de leurs donn\u00e9es personnelles contenues dans les syst\u00e8mes automatis\u00e9s du groupe ou dans des fichiers de ceux-ci, \u00e0 condition de fournir un support sur lequel elles peuvent \u00eatre transf\u00e9r\u00e9es \u00e0 partir de ce support.\u00a0<\/span><\/p>\n<p>\u00a0<\/p>\n<p><span style=\"font-weight: 400;\">Les Clients consentent \u00e0 ce que des photocopies de leur carte de citoyen, de leur carte d'identit\u00e9, de leur carte de contribuable et de leur carte de s\u00e9curit\u00e9 sociale, de leur passeport, de leur permis de s\u00e9jour, de leur certificat d'enregistrement de citoyen communautaire soient extraites afin de mieux remplir leurs obligations d\u00e9claratives et contractuelles.\u00a0<\/span><\/p>\n<p>\u00a0<\/p>\n<p><span style=\"font-weight: 400;\">La dur\u00e9e de conservation des donn\u00e9es personnelles est conforme \u00e0 la Loi. Les donn\u00e9es personnelles, aux fins de la gestion du dossier client, sont conserv\u00e9es pendant la dur\u00e9e du s\u00e9jour et \u00e9galement pendant la dur\u00e9e pendant laquelle la soci\u00e9t\u00e9 est l\u00e9galement tenue de conserver ces donn\u00e9es, plus un d\u00e9lai d'un mois pour les supprimer.\u00a0<\/span><\/p>\n<p><span style=\"font-weight: 400;\">Pour savoir combien de temps vos donn\u00e9es seront conserv\u00e9es, veuillez consulter le document sur votre droit \u00e0 l'information intitul\u00e9 \"Information sur le traitement de vos donn\u00e9es personnelles\".\u00a0<\/span><\/p>\n<p>\u00a0<\/p>\n<p><span style=\"font-weight: 400;\">O cliente tem igualmente direito a apresentar uma reclama\u00e7\u00e3o \u00e0 CNPD ou a outra autoridade de controlo competente nos termos da lei, caso entenda que o tratamento dos seus dados pela InoHotels LDA viola o regime legal em vigor a cada momento. A remo\u00e7\u00e3o do consentimento n\u00e3o invalida o tratamento efetuado at\u00e9 essa data com base no consentimento anteriormente prestado.<\/span><\/p>\n\n\t\t<\/div>\n\t\t\t\t\t<\/div>\n\n\t\n\n<\/div>\n\n\t\t<\/div>\n\n\t\t\n<style>\n#section_2133180659 {\n  padding-top: 60px;\n  padding-bottom: 60px;\n  background-color: rgb(255,255,255);\n}\n#section_2133180659 .ux-shape-divider--top svg {\n  height: 150px;\n  --divider-top-width: 100%;\n}\n#section_2133180659 .ux-shape-divider--bottom svg {\n  height: 150px;\n  --divider-width: 100%;\n}\n<\/style>\n\t<\/section>","protected":false},"excerpt":{"rendered":"","protected":false},"author":2,"featured_media":0,"parent":0,"menu_order":0,"comment_status":"closed","ping_status":"closed","template":"page-transparent-header-light.php","meta":{"footnotes":""},"class_list":["post-3","page","type-page","status-publish","hentry"],"yoast_head":"<!-- This site is optimized with the Yoast SEO Premium plugin v20.2.1 (Yoast SEO v26.6) - https:\/\/yoast.com\/wordpress\/plugins\/seo\/ -->\n<title>Pol\u00edtica de privacidade - Hotel Rural Quinta do Marco<\/title>\n<meta name=\"description\" content=\"No Hotel Rural Quinta do Marco, estamos empenhados em proteger a sua privacidade. Saiba mais sobre as nossas pol\u00edticas de prote\u00e7\u00e3o de dados e muito mais.\" \/>\n<meta name=\"robots\" content=\"index, follow, max-snippet:-1, max-image-preview:large, max-video-preview:-1\" \/>\n<link rel=\"canonical\" href=\"https:\/\/www.hotelquintadomarco.com\/fr\/politique-de-confidentialite-et-de-cookies\/\" \/>\n<meta property=\"og:locale\" content=\"fr_FR\" \/>\n<meta property=\"og:type\" content=\"article\" \/>\n<meta property=\"og:title\" content=\"Pol\u00edtica de Privacidade &amp; Cookies\" \/>\n<meta property=\"og:description\" content=\"No Hotel Rural Quinta do Marco, estamos empenhados em proteger a sua privacidade. Saiba mais sobre as nossas pol\u00edticas de prote\u00e7\u00e3o de dados e muito mais.\" \/>\n<meta property=\"og:url\" content=\"https:\/\/www.hotelquintadomarco.com\/fr\/politique-de-confidentialite-et-de-cookies\/\" \/>\n<meta property=\"og:site_name\" content=\"Quinta do Marco\" \/>\n<meta property=\"article:modified_time\" content=\"2025-06-05T12:27:57+00:00\" \/>\n<meta name=\"twitter:card\" content=\"summary_large_image\" \/>\n<meta name=\"twitter:label1\" content=\"Dur\u00e9e de lecture estim\u00e9e\" \/>\n\t<meta name=\"twitter:data1\" content=\"6 minutes\" \/>\n<script type=\"application\/ld+json\" class=\"yoast-schema-graph\">{\"@context\":\"https:\/\/schema.org\",\"@graph\":[{\"@type\":\"WebPage\",\"@id\":\"https:\/\/www.hotelquintadomarco.com\/politica-de-privacidade-e-cookies\/\",\"url\":\"https:\/\/www.hotelquintadomarco.com\/politica-de-privacidade-e-cookies\/\",\"name\":\"Pol\u00edtica de privacidade - Hotel Rural Quinta do Marco\",\"isPartOf\":{\"@id\":\"https:\/\/www.hotelquintadomarco.com\/#website\"},\"datePublished\":\"2023-01-11T09:31:55+00:00\",\"dateModified\":\"2025-06-05T12:27:57+00:00\",\"description\":\"No Hotel Rural Quinta do Marco, estamos empenhados em proteger a sua privacidade. Saiba mais sobre as nossas pol\u00edticas de prote\u00e7\u00e3o de dados e muito mais.\",\"breadcrumb\":{\"@id\":\"https:\/\/www.hotelquintadomarco.com\/politica-de-privacidade-e-cookies\/#breadcrumb\"},\"inLanguage\":\"fr-FR\",\"potentialAction\":[{\"@type\":\"ReadAction\",\"target\":[\"https:\/\/www.hotelquintadomarco.com\/politica-de-privacidade-e-cookies\/\"]}]},{\"@type\":\"BreadcrumbList\",\"@id\":\"https:\/\/www.hotelquintadomarco.com\/politica-de-privacidade-e-cookies\/#breadcrumb\",\"itemListElement\":[{\"@type\":\"ListItem\",\"position\":1,\"name\":\"In\u00edcio\",\"item\":\"https:\/\/www.hotelquintadomarco.com\/\"},{\"@type\":\"ListItem\",\"position\":2,\"name\":\"Pol\u00edtica de Privacidade &#038; Cookies\"}]},{\"@type\":\"WebSite\",\"@id\":\"https:\/\/www.hotelquintadomarco.com\/#website\",\"url\":\"https:\/\/www.hotelquintadomarco.com\/\",\"name\":\"Quinta do Marco\",\"description\":\"Ecoturismo\",\"potentialAction\":[{\"@type\":\"SearchAction\",\"target\":{\"@type\":\"EntryPoint\",\"urlTemplate\":\"https:\/\/www.hotelquintadomarco.com\/?s={search_term_string}\"},\"query-input\":{\"@type\":\"PropertyValueSpecification\",\"valueRequired\":true,\"valueName\":\"search_term_string\"}}],\"inLanguage\":\"fr-FR\"}]}<\/script>\n<!-- \/ Yoast SEO Premium plugin. -->","yoast_head_json":{"title":"Pol\u00edtica de privacidade - Hotel Rural Quinta do Marco","description":"No Hotel Rural Quinta do Marco, estamos empenhados em proteger a sua privacidade. Saiba mais sobre as nossas pol\u00edticas de prote\u00e7\u00e3o de dados e muito mais.","robots":{"index":"index","follow":"follow","max-snippet":"max-snippet:-1","max-image-preview":"max-image-preview:large","max-video-preview":"max-video-preview:-1"},"canonical":"https:\/\/www.hotelquintadomarco.com\/fr\/politique-de-confidentialite-et-de-cookies\/","og_locale":"fr_FR","og_type":"article","og_title":"Pol\u00edtica de Privacidade & Cookies","og_description":"No Hotel Rural Quinta do Marco, estamos empenhados em proteger a sua privacidade. Saiba mais sobre as nossas pol\u00edticas de prote\u00e7\u00e3o de dados e muito mais.","og_url":"https:\/\/www.hotelquintadomarco.com\/fr\/politique-de-confidentialite-et-de-cookies\/","og_site_name":"Quinta do Marco","article_modified_time":"2025-06-05T12:27:57+00:00","twitter_card":"summary_large_image","twitter_misc":{"Dur\u00e9e de lecture estim\u00e9e":"6 minutes"},"schema":{"@context":"https:\/\/schema.org","@graph":[{"@type":"WebPage","@id":"https:\/\/www.hotelquintadomarco.com\/politica-de-privacidade-e-cookies\/","url":"https:\/\/www.hotelquintadomarco.com\/politica-de-privacidade-e-cookies\/","name":"Pol\u00edtica de privacidade - Hotel Rural Quinta do Marco","isPartOf":{"@id":"https:\/\/www.hotelquintadomarco.com\/#website"},"datePublished":"2023-01-11T09:31:55+00:00","dateModified":"2025-06-05T12:27:57+00:00","description":"No Hotel Rural Quinta do Marco, estamos empenhados em proteger a sua privacidade. Saiba mais sobre as nossas pol\u00edticas de prote\u00e7\u00e3o de dados e muito mais.","breadcrumb":{"@id":"https:\/\/www.hotelquintadomarco.com\/politica-de-privacidade-e-cookies\/#breadcrumb"},"inLanguage":"fr-FR","potentialAction":[{"@type":"ReadAction","target":["https:\/\/www.hotelquintadomarco.com\/politica-de-privacidade-e-cookies\/"]}]},{"@type":"BreadcrumbList","@id":"https:\/\/www.hotelquintadomarco.com\/politica-de-privacidade-e-cookies\/#breadcrumb","itemListElement":[{"@type":"ListItem","position":1,"name":"In\u00edcio","item":"https:\/\/www.hotelquintadomarco.com\/"},{"@type":"ListItem","position":2,"name":"Pol\u00edtica de Privacidade &#038; Cookies"}]},{"@type":"WebSite","@id":"https:\/\/www.hotelquintadomarco.com\/#website","url":"https:\/\/www.hotelquintadomarco.com\/","name":"Quinta do Marco","description":"Ecoturismo","potentialAction":[{"@type":"SearchAction","target":{"@type":"EntryPoint","urlTemplate":"https:\/\/www.hotelquintadomarco.com\/?s={search_term_string}"},"query-input":{"@type":"PropertyValueSpecification","valueRequired":true,"valueName":"search_term_string"}}],"inLanguage":"fr-FR"}]}},"_links":{"self":[{"href":"https:\/\/www.hotelquintadomarco.com\/fr\/wp-json\/wp\/v2\/pages\/3","targetHints":{"allow":["GET"]}}],"collection":[{"href":"https:\/\/www.hotelquintadomarco.com\/fr\/wp-json\/wp\/v2\/pages"}],"about":[{"href":"https:\/\/www.hotelquintadomarco.com\/fr\/wp-json\/wp\/v2\/types\/page"}],"author":[{"embeddable":true,"href":"https:\/\/www.hotelquintadomarco.com\/fr\/wp-json\/wp\/v2\/users\/2"}],"replies":[{"embeddable":true,"href":"https:\/\/www.hotelquintadomarco.com\/fr\/wp-json\/wp\/v2\/comments?post=3"}],"version-history":[{"count":1,"href":"https:\/\/www.hotelquintadomarco.com\/fr\/wp-json\/wp\/v2\/pages\/3\/revisions"}],"predecessor-version":[{"id":8098,"href":"https:\/\/www.hotelquintadomarco.com\/fr\/wp-json\/wp\/v2\/pages\/3\/revisions\/8098"}],"wp:attachment":[{"href":"https:\/\/www.hotelquintadomarco.com\/fr\/wp-json\/wp\/v2\/media?parent=3"}],"curies":[{"name":"wp","href":"https:\/\/api.w.org\/{rel}","templated":true}]}}