{"id":1284,"date":"2023-02-09T17:38:19","date_gmt":"2023-02-09T17:38:19","guid":{"rendered":"https:\/\/www.hotelquintadomarco.com\/?page_id=1284"},"modified":"2023-03-08T11:10:49","modified_gmt":"2023-03-08T11:10:49","slug":"contactos","status":"publish","type":"page","link":"https:\/\/www.hotelquintadomarco.com\/pt\/contactos\/","title":{"rendered":"Contactos"},"content":{"rendered":"\n\t<section class=\"section main-wrapper\" id=\"section_1354143500\">\n\t\t<div class=\"bg section-bg fill bg-fill  bg-loaded\" >\n\n\t\t\t\n\t\t\t\n\t\t\t\n\n\t\t<\/div>\n\n\t\t\n\n\t\t<div class=\"section-content relative\">\n\t\t\t\n\n<div class=\"slider-wrapper relative\" id=\"slider-887194738\" style=\"background-color:rgb(255,255,255);\">\n    <div class=\"slider slider-nav-simple slider-nav-normal slider-nav-light slider-style-normal\"\n        data-flickity-options='{\n            \"cellAlign\": \"center\",\n            \"imagesLoaded\": true,\n            \"lazyLoad\": 1,\n            \"freeScroll\": false,\n            \"wrapAround\": false,\n            \"autoPlay\": false,\n            \"pauseAutoPlayOnHover\" : false,\n            \"prevNextButtons\": false,\n            \"contain\" : true,\n            \"adaptiveHeight\" : true,\n            \"dragThreshold\" : 10,\n            \"percentPosition\": true,\n            \"pageDots\": false,\n            \"rightToLeft\": false,\n            \"draggable\": false,\n            \"selectedAttraction\": 0.1,\n            \"parallax\" : 2,\n            \"friction\": 0.6        }'\n        >\n        \n\n\n  <div class=\"banner has-hover\" id=\"banner-1671759686\">\n          <div class=\"banner-inner fill\">\n        <div class=\"banner-bg fill\" >\n            <div class=\"bg fill bg-fill \"><\/div>\n                        <div class=\"overlay\"><\/div>            \n                    <\/div>\n\t\t\n        <div class=\"banner-layers container\">\n            <div class=\"fill banner-link\"><\/div>            \n\n   <div id=\"text-box-388193590\" class=\"text-box banner-layer x0 md-x0 lg-x0 y70 md-y95 lg-y95 res-text\">\n                                <div class=\"text-box-content text dark\">\n              \n              <div class=\"text-inner text-center\">\n                  \n\n\t<div id=\"text-3965968179\" class=\"text cover-title\">\n\t\t\n\n<h1>Contactos<\/h1>\n\t\t\n<style>\n#text-3965968179 {\n  font-size: 0.75rem;\n  line-height: 0.75;\n  text-align: left;\n}\n@media (min-width:550px) {\n  #text-3965968179 {\n    font-size: 1rem;\n  }\n}\n<\/style>\n\t<\/div>\n\t\n\t<div id=\"gap-230316697\" class=\"gap-element clearfix\" style=\"display:block; height:auto;\">\n\t\t\n<style>\n#gap-230316697 {\n  padding-top: 60px;\n}\n@media (min-width:550px) {\n  #gap-230316697 {\n    padding-top: 100px;\n  }\n}\n<\/style>\n\t<\/div>\n\t\n\n\n              <\/div>\n           <\/div>\n                            \n<style>\n#text-box-388193590 .text-inner {\n  padding: 0px 15px 0px 15px;\n}\n#text-box-388193590 {\n  width: 100%;\n}\n#text-box-388193590 .text-box-content {\n  font-size: 100%;\n}\n@media (min-width:550px) {\n  #text-box-388193590 {\n    width: 63%;\n  }\n}\n<\/style>\n    <\/div>\n \n\n        <\/div>\n      <\/div>\n\n            \n<style>\n#banner-1671759686 {\n  padding-top: 515px;\n}\n#banner-1671759686 .bg.bg-loaded {\n  background-image: url(https:\/\/www.hotelquintadomarco.com\/wp-content\/uploads\/2023\/02\/contactos.jpg);\n}\n#banner-1671759686 .overlay {\n  background-color: rgba(0, 0, 0, 0.6);\n}\n#banner-1671759686 .bg {\n  background-position: 0% 16%;\n}\n#banner-1671759686 .ux-shape-divider--top svg {\n  height: 150px;\n  --divider-top-width: 100%;\n}\n#banner-1671759686 .ux-shape-divider--bottom svg {\n  height: 150px;\n  --divider-width: 100%;\n}\n<\/style>\n  <\/div>\n\n\n\n     <\/div>\n\n     <div class=\"loading-spin dark large centered\"><\/div>\n\n     \t<\/div>\n\n\n\n\t\t<\/div>\n\n\t\t\n<style>\n#section_1354143500 {\n  padding-top: 0px;\n  padding-bottom: 0px;\n}\n#section_1354143500 .ux-shape-divider--top svg {\n  height: 150px;\n  --divider-top-width: 100%;\n}\n#section_1354143500 .ux-shape-divider--bottom svg {\n  height: 150px;\n  --divider-width: 100%;\n}\n<\/style>\n\t<\/section>\n\t\n\t<section class=\"section about-section\" id=\"section_750453715\">\n\t\t<div class=\"bg section-bg fill bg-fill  bg-loaded\" >\n\n\t\t\t\n\t\t\t\n\t\t\t\n\n\t\t<\/div>\n\n\t\t\n\n\t\t<div class=\"section-content relative\">\n\t\t\t\n\n\t<div id=\"gap-2075193893\" class=\"gap-element clearfix\" style=\"display:block; height:auto;\">\n\t\t\n<style>\n#gap-2075193893 {\n  padding-top: 65px;\n}\n<\/style>\n\t<\/div>\n\t\n\n\t<div class=\"img has-hover flowers-image x md-x lg-x y md-y lg-y\" id=\"image_1724103956\">\n\t\t\t\t\t\t\t\t<div class=\"img-inner dark\" >\n\t\t\t<img loading=\"lazy\" decoding=\"async\" width=\"768\" height=\"768\" src=\"https:\/\/www.hotelquintadomarco.com\/wp-content\/uploads\/2023\/02\/flowers-768x768.png\" class=\"attachment-medium_large size-medium_large\" alt=\"\" srcset=\"https:\/\/www.hotelquintadomarco.com\/wp-content\/uploads\/2023\/02\/flowers-768x768.png 768w, https:\/\/www.hotelquintadomarco.com\/wp-content\/uploads\/2023\/02\/flowers-300x300.png 300w, https:\/\/www.hotelquintadomarco.com\/wp-content\/uploads\/2023\/02\/flowers-150x150.png 150w, https:\/\/www.hotelquintadomarco.com\/wp-content\/uploads\/2023\/02\/flowers.png 1000w\" sizes=\"auto, (max-width: 768px) 100vw, 768px\" \/>\t\t\t\t\t\t\n\t\t\t\t\t<\/div>\n\t\t\t\t\t\t\t\t\n<style>\n#image_1724103956 {\n  width: 100%;\n}\n<\/style>\n\t<\/div>\n\t\n\n<div class=\"row align-middle\" style=\"max-width:1280px\" id=\"row-799015310\">\n\n\n\t<div id=\"col-1769270297\" class=\"col index-up medium-12 small-12 large-6\"  >\n\t\t\t\t<div class=\"col-inner\" style=\"background-color:rgb(255, 255, 255);\" >\n\t\t\t\n\t\t\t\n\n\t<div id=\"text-349584338\" class=\"text subtitle\">\n\t\t\n\n<p>VAMOS FICAR LIGADOS <\/p>\n\t\t\t<\/div>\n\t\n\t<div id=\"text-791655460\" class=\"text\">\n\t\t\n\n<h2>A Quinta do Marco<\/h2>\n\t\t\n<style>\n#text-791655460 {\n  font-size: 1.875rem;\n}\n<\/style>\n\t<\/div>\n\t\n<p><span style=\"font-weight: 400;\">O Hotel Quinta do Marco \u00e9 o ref\u00fagio perfeito para quem pretende \u201crecarregar baterias\u201d. Localizado em plena serra algarvia, est\u00e1 inserido numa propriedade com 18 hectares, onde a ruralidade e a modernidade se misturam.<\/span><\/p>\n\t<div id=\"gap-1141838840\" class=\"gap-element clearfix\" style=\"display:block; height:auto;\">\n\t\t\n<style>\n#gap-1141838840 {\n  padding-top: 10px;\n}\n<\/style>\n\t<\/div>\n\t\n\n<a rel=\"noopener noreferrer\" href=\"https:\/\/goo.gl\/maps\/aVJu4M3BiPohhAi58\" target=\"_blank\" class=\"button primary is-underline\"  >\n    <span>VER NO MAPA \u2014<\/span>\n  <\/a>\n\n\n\t<div id=\"gap-326621077\" class=\"gap-element clearfix\" style=\"display:block; height:auto;\">\n\t\t\n<style>\n#gap-326621077 {\n  padding-top: 30px;\n}\n<\/style>\n\t<\/div>\n\t\n\n<div class=\"row\"  id=\"row-895906450\">\n\n\n\t<div id=\"col-800528897\" class=\"col small-12 large-12\"  >\n\t\t\t\t<div class=\"col-inner\"  >\n\t\t\t\n\t\t\t\n\n<div class=\"social-icons follow-icons\" ><a href=\"https:\/\/www.facebook.com\/quintadomarco\" target=\"_blank\" data-label=\"Facebook\" rel=\"noopener noreferrer nofollow\" class=\"icon button circle is-outline facebook tooltip\" title=\"Follow on Facebook\" aria-label=\"Follow on Facebook\"><i class=\"icon-facebook\" ><\/i><\/a><a href=\"https:\/\/www.instagram.com\/hotelquintadomarco\/\" target=\"_blank\" rel=\"noopener noreferrer nofollow\" data-label=\"Instagram\" class=\"icon button circle is-outline  instagram tooltip\" title=\"Follow on Instagram\" aria-label=\"Follow on Instagram\"><i class=\"icon-instagram\" ><\/i><\/a><\/div>\n\n\n\t\t<\/div>\n\t\t\t\t\n<style>\n#col-800528897 > .col-inner {\n  margin: 0px 0px 0px -10px;\n}\n<\/style>\n\t<\/div>\n\n\t\n\n<\/div>\n\n\t\t<\/div>\n\t\t\t\t\n<style>\n#col-1769270297 > .col-inner {\n  padding: 40px 10px 20px 10px;\n  margin: -90px 0px 0px 0px;\n}\n@media (min-width:550px) {\n  #col-1769270297 > .col-inner {\n    padding: 20% 15% 10% 15%;\n    margin: -115px 0px 0px 0px;\n  }\n}\n@media (min-width:850px) {\n  #col-1769270297 > .col-inner {\n    padding: 15% 10% 5% 10%;\n    margin: 0px 0px 0px 0px;\n  }\n}\n<\/style>\n\t<\/div>\n\n\t\n\n\t<div id=\"col-1725541368\" class=\"col medium-12 small-12 large-6 medium-col-first\"  >\n\t\t\t\t<div class=\"col-inner\"  >\n\t\t\t\n\t\t\t\n\n\t<div class=\"img has-hover x md-x lg-x y md-y lg-y\" id=\"image_424306160\">\n\t\t\t\t\t\t\t\t<div class=\"img-inner image-cover dark\" style=\"padding-top:100%;\">\n\t\t\t<img loading=\"lazy\" decoding=\"async\" width=\"1024\" height=\"678\" src=\"https:\/\/www.hotelquintadomarco.com\/wp-content\/uploads\/2023\/02\/contactos-lateral.jpg\" class=\"attachment-original size-original\" alt=\"\" srcset=\"https:\/\/www.hotelquintadomarco.com\/wp-content\/uploads\/2023\/02\/contactos-lateral.jpg 1024w, https:\/\/www.hotelquintadomarco.com\/wp-content\/uploads\/2023\/02\/contactos-lateral-300x199.jpg 300w, https:\/\/www.hotelquintadomarco.com\/wp-content\/uploads\/2023\/02\/contactos-lateral-768x509.jpg 768w\" sizes=\"auto, (max-width: 1024px) 100vw, 1024px\" \/>\t\t\t\t\t\t\n\t\t\t\t\t<\/div>\n\t\t\t\t\t\t\t\t\n<style>\n#image_424306160 {\n  width: 100%;\n}\n<\/style>\n\t<\/div>\n\t\n\n\n\t\t<\/div>\n\t\t\t\t\n<style>\n#col-1725541368 > .col-inner {\n  padding: 0px 0px 0px 0px;\n  margin: 0px 0px 0px 0;\n}\n@media (min-width:550px) {\n  #col-1725541368 > .col-inner {\n    padding: 0px 50px 0px 50px;\n  }\n}\n@media (min-width:850px) {\n  #col-1725541368 > .col-inner {\n    padding: 0px 0px 0px 0px;\n    margin: 0px 0px 0px -60px;\n  }\n}\n<\/style>\n\t<\/div>\n\n\t\n\n<\/div>\n\t<div id=\"text-606022368\" class=\"text hidden\">\n\t\t\n\n<h2>Redes Sociais<\/h2>\n\t\t\n<style>\n#text-606022368 {\n  font-size: 0.75rem;\n}\n<\/style>\n\t<\/div>\n\t\n\t<div id=\"gap-245363709\" class=\"gap-element clearfix\" style=\"display:block; height:auto;\">\n\t\t\n<style>\n#gap-245363709 {\n  padding-top: 90px;\n}\n<\/style>\n\t<\/div>\n\t\n\n\t<div class=\"img has-hover ramo-flower-image x md-x lg-x y md-y lg-y\" id=\"image_401988761\">\n\t\t\t\t\t\t\t\t<div class=\"img-inner dark\" >\n\t\t\t<img loading=\"lazy\" decoding=\"async\" width=\"235\" height=\"465\" src=\"https:\/\/www.hotelquintadomarco.com\/wp-content\/uploads\/2023\/02\/ramo-de-folhas.png\" class=\"attachment-medium_large size-medium_large\" alt=\"\" srcset=\"https:\/\/www.hotelquintadomarco.com\/wp-content\/uploads\/2023\/02\/ramo-de-folhas.png 235w, https:\/\/www.hotelquintadomarco.com\/wp-content\/uploads\/2023\/02\/ramo-de-folhas-152x300.png 152w\" sizes=\"auto, (max-width: 235px) 100vw, 235px\" \/>\t\t\t\t\t\t\n\t\t\t\t\t<\/div>\n\t\t\t\t\t\t\t\t\n<style>\n#image_401988761 {\n  width: 100%;\n}\n<\/style>\n\t<\/div>\n\t\n\n\n\t\t<\/div>\n\n\t\t\n<style>\n#section_750453715 {\n  padding-top: 0px;\n  padding-bottom: 0px;\n  background-color: rgb(249, 249, 242);\n}\n#section_750453715 .ux-shape-divider--top svg {\n  height: 150px;\n  --divider-top-width: 100%;\n}\n#section_750453715 .ux-shape-divider--bottom svg {\n  height: 150px;\n  --divider-width: 100%;\n}\n<\/style>\n\t<\/section>\n\t\n\n\t<section class=\"section main-wrapper booking-section\" id=\"section_91962226\">\n\t\t<div class=\"bg section-bg fill bg-fill  bg-loaded\" >\n\n\t\t\t\n\t\t\t\n\t\t\t\n\n\t\t<\/div>\n\n\t\t\n\n\t\t<div class=\"section-content relative\">\n\t\t\t\n\n<div class=\"row\"  id=\"row-1028623538\">\n\n\n\t<div id=\"col-613775871\" class=\"col medium-2 small-12 large-2\"  >\n\t\t\t\t<div class=\"col-inner\"  >\n\t\t\t\n\t\t\t\n\n\n\t\t<\/div>\n\t\t\t\t\t<\/div>\n\n\t\n\n\t<div id=\"col-770379548\" class=\"col medium-8 small-12 large-8\"  >\n\t\t\t\t<div class=\"col-inner\"  >\n\t\t\t\n\t\t\t\n\n\t<div id=\"text-3160935743\" class=\"text title\">\n\t\t\n\n<h2>Fale Connosco<\/h2>\n\t\t\n<style>\n#text-3160935743 {\n  font-size: 3.25rem;\n}\n<\/style>\n\t<\/div>\n\t\n\t<div id=\"gap-1441699562\" class=\"gap-element clearfix\" style=\"display:block; height:auto;\">\n\t\t\n<style>\n#gap-1441699562 {\n  padding-top: 30px;\n}\n<\/style>\n\t<\/div>\n\t\n\n<p>Por favor preencha todos os campos. Responderemos em breve. N\u00e3o utilizamos os seus dados para campanhas de marketing ou outros fins.<\/p>\n\t<div id=\"gap-1317160112\" class=\"gap-element clearfix\" style=\"display:block; height:auto;\">\n\t\t\n<style>\n#gap-1317160112 {\n  padding-top: 30px;\n}\n<\/style>\n\t<\/div>\n\t\n\n\n<div class=\"wpcf7 no-js\" id=\"wpcf7-f1300-o1\" lang=\"pt-PT\" dir=\"ltr\" data-wpcf7-id=\"1300\">\n<div class=\"screen-reader-response\"><p role=\"status\" aria-live=\"polite\" aria-atomic=\"true\"><\/p> <ul><\/ul><\/div>\n<form action=\"\/pt\/wp-json\/wp\/v2\/pages\/1284#wpcf7-f1300-o1\" method=\"post\" class=\"wpcf7-form init\" aria-label=\"Formul\u00e1rio de contacto\" novalidate=\"novalidate\" data-status=\"init\">\n<fieldset class=\"hidden-fields-container\"><input type=\"hidden\" name=\"_wpcf7\" value=\"1300\" \/><input type=\"hidden\" name=\"_wpcf7_version\" value=\"6.1.4\" \/><input type=\"hidden\" name=\"_wpcf7_locale\" value=\"pt_PT\" \/><input type=\"hidden\" name=\"_wpcf7_unit_tag\" value=\"wpcf7-f1300-o1\" \/><input type=\"hidden\" name=\"_wpcf7_container_post\" value=\"0\" \/><input type=\"hidden\" name=\"_wpcf7_posted_data_hash\" value=\"\" \/>\n<\/fieldset>\n<div class=\"flex-row form-flat medium-flex-wrap\">\n\t<div class=\"flex-col flex-grow\">\n\t\t<p><span class=\"wpcf7-form-control-wrap\" data-name=\"your-name\"><input size=\"40\" maxlength=\"400\" class=\"wpcf7-form-control wpcf7-text wpcf7-validates-as-required\" aria-required=\"true\" aria-invalid=\"false\" placeholder=\"O seu nome (obrigat\u00f3rio)\" value=\"\" type=\"text\" name=\"your-name\" \/><\/span><br \/>\n<span class=\"wpcf7-form-control-wrap\" data-name=\"your-email\"><input size=\"40\" maxlength=\"400\" class=\"wpcf7-form-control wpcf7-email wpcf7-validates-as-required wpcf7-text wpcf7-validates-as-email\" aria-required=\"true\" aria-invalid=\"false\" placeholder=\"O seu e-mail (obrigat\u00f3rio)\" value=\"\" type=\"email\" name=\"your-email\" \/><\/span><br \/>\n<span class=\"wpcf7-form-control-wrap\" data-name=\"message\"><textarea cols=\"40\" rows=\"10\" maxlength=\"2000\" class=\"wpcf7-form-control wpcf7-textarea\" aria-invalid=\"false\" placeholder=\"A sua mensagem\" name=\"message\"><\/textarea><\/span><br \/>\n<span class=\"wpcf7-form-control-wrap\" data-name=\"acceptance-671\"><span class=\"wpcf7-form-control wpcf7-acceptance\"><span class=\"wpcf7-list-item\"><label><input type=\"checkbox\" name=\"acceptance-671\" value=\"1\" aria-invalid=\"false\" \/><span class=\"wpcf7-list-item-label\">Os dados pessoais que recebemos por meio deste formul\u00e1rio ser\u00e3o utilizados exclusivamente para o tratamento da sua consulta. Consequentemente, n\u00e3o receber\u00e1 nenhuma correspond\u00eancia n\u00e3o solicitada com base nas informa\u00e7\u00f5es enviadas aqui. Para obter mais informa\u00e7\u00f5es, consulte nossa \"Pol\u00edtica de Privacidade\".<\/span><\/label><\/span><\/span><\/span><br \/>\n<input class=\"wpcf7-form-control wpcf7-submit has-spinner button\" type=\"submit\" value=\"Enviar Mensagem\" \/>\n\t\t<\/p>\n\t<\/div>\n<\/div><div class=\"wpcf7-response-output\" aria-hidden=\"true\"><\/div>\n<\/form>\n<\/div>\n\n\n\n\t\t<\/div>\n\t\t\t\t\t<\/div>\n\n\t\n\n\t<div id=\"col-1940913754\" class=\"col hide-for-small medium-2 small-12 large-2\"  >\n\t\t\t\t<div class=\"col-inner\"  >\n\t\t\t\n\t\t\t\n\n\n\t\t<\/div>\n\t\t\t\t\t<\/div>\n\n\t\n\n<\/div>\n\n\t\t<\/div>\n\n\t\t\n<style>\n#section_91962226 {\n  padding-top: 60px;\n  padding-bottom: 60px;\n  background-color: #cfd0b6;\n}\n#section_91962226 .ux-shape-divider--top svg {\n  height: 150px;\n  --divider-top-width: 100%;\n}\n#section_91962226 .ux-shape-divider--bottom svg {\n  height: 150px;\n  --divider-width: 100%;\n}\n<\/style>\n\t<\/section>\n\t\n\n\n","protected":false},"excerpt":{"rendered":"","protected":false},"author":2,"featured_media":0,"parent":0,"menu_order":0,"comment_status":"closed","ping_status":"closed","template":"page-transparent-header-light.php","meta":{"footnotes":""},"class_list":["post-1284","page","type-page","status-publish","hentry"],"yoast_head":"<!-- This site is optimized with the Yoast SEO Premium plugin v20.2.1 (Yoast SEO v26.6) - https:\/\/yoast.com\/wordpress\/plugins\/seo\/ -->\n<title>Contactos - Hotel Rural Quinta do Marco, Tavira<\/title>\n<meta name=\"description\" content=\"Entre em contacto com o Hotel Rural Quinta do Marco para a sua pr\u00f3xima viagem ao Algarve. Entre em contato connosco para reservas e recomenda\u00e7\u00f5es personalizadas\" \/>\n<meta name=\"robots\" content=\"index, follow, max-snippet:-1, max-image-preview:large, max-video-preview:-1\" \/>\n<link rel=\"canonical\" href=\"https:\/\/www.hotelquintadomarco.com\/pt\/contactos\/\" \/>\n<meta property=\"og:locale\" content=\"pt_PT\" \/>\n<meta property=\"og:type\" content=\"article\" \/>\n<meta property=\"og:title\" content=\"Contactos\" \/>\n<meta property=\"og:description\" content=\"Entre em contacto com o Hotel Rural Quinta do Marco para a sua pr\u00f3xima viagem ao Algarve. Entre em contato connosco para reservas e recomenda\u00e7\u00f5es personalizadas\" \/>\n<meta property=\"og:url\" content=\"https:\/\/www.hotelquintadomarco.com\/pt\/contactos\/\" \/>\n<meta property=\"og:site_name\" content=\"Quinta do Marco\" \/>\n<meta property=\"article:modified_time\" content=\"2023-03-08T11:10:49+00:00\" \/>\n<meta name=\"twitter:card\" content=\"summary_large_image\" \/>\n<meta name=\"twitter:label1\" content=\"Tempo estimado de leitura\" \/>\n\t<meta name=\"twitter:data1\" content=\"4 minutos\" \/>\n<script type=\"application\/ld+json\" class=\"yoast-schema-graph\">{\"@context\":\"https:\/\/schema.org\",\"@graph\":[{\"@type\":\"WebPage\",\"@id\":\"https:\/\/www.hotelquintadomarco.com\/contactos\/\",\"url\":\"https:\/\/www.hotelquintadomarco.com\/contactos\/\",\"name\":\"Contactos - Hotel Rural Quinta do Marco, Tavira\",\"isPartOf\":{\"@id\":\"https:\/\/www.hotelquintadomarco.com\/#website\"},\"datePublished\":\"2023-02-09T17:38:19+00:00\",\"dateModified\":\"2023-03-08T11:10:49+00:00\",\"description\":\"Entre em contacto com o Hotel Rural Quinta do Marco para a sua pr\u00f3xima viagem ao Algarve. Entre em contato connosco para reservas e recomenda\u00e7\u00f5es personalizadas\",\"breadcrumb\":{\"@id\":\"https:\/\/www.hotelquintadomarco.com\/contactos\/#breadcrumb\"},\"inLanguage\":\"pt-PT\",\"potentialAction\":[{\"@type\":\"ReadAction\",\"target\":[\"https:\/\/www.hotelquintadomarco.com\/contactos\/\"]}]},{\"@type\":\"BreadcrumbList\",\"@id\":\"https:\/\/www.hotelquintadomarco.com\/contactos\/#breadcrumb\",\"itemListElement\":[{\"@type\":\"ListItem\",\"position\":1,\"name\":\"In\u00edcio\",\"item\":\"https:\/\/www.hotelquintadomarco.com\/\"},{\"@type\":\"ListItem\",\"position\":2,\"name\":\"Contactos\"}]},{\"@type\":\"WebSite\",\"@id\":\"https:\/\/www.hotelquintadomarco.com\/#website\",\"url\":\"https:\/\/www.hotelquintadomarco.com\/\",\"name\":\"Quinta do Marco\",\"description\":\"Ecoturismo\",\"potentialAction\":[{\"@type\":\"SearchAction\",\"target\":{\"@type\":\"EntryPoint\",\"urlTemplate\":\"https:\/\/www.hotelquintadomarco.com\/?s={search_term_string}\"},\"query-input\":{\"@type\":\"PropertyValueSpecification\",\"valueRequired\":true,\"valueName\":\"search_term_string\"}}],\"inLanguage\":\"pt-PT\"}]}<\/script>\n<!-- \/ Yoast SEO Premium plugin. -->","yoast_head_json":{"title":"Contactos - Hotel Rural Quinta do Marco, Tavira","description":"Entre em contacto com o Hotel Rural Quinta do Marco para a sua pr\u00f3xima viagem ao Algarve. Entre em contato connosco para reservas e recomenda\u00e7\u00f5es personalizadas","robots":{"index":"index","follow":"follow","max-snippet":"max-snippet:-1","max-image-preview":"max-image-preview:large","max-video-preview":"max-video-preview:-1"},"canonical":"https:\/\/www.hotelquintadomarco.com\/pt\/contactos\/","og_locale":"pt_PT","og_type":"article","og_title":"Contactos","og_description":"Entre em contacto com o Hotel Rural Quinta do Marco para a sua pr\u00f3xima viagem ao Algarve. Entre em contato connosco para reservas e recomenda\u00e7\u00f5es personalizadas","og_url":"https:\/\/www.hotelquintadomarco.com\/pt\/contactos\/","og_site_name":"Quinta do Marco","article_modified_time":"2023-03-08T11:10:49+00:00","twitter_card":"summary_large_image","twitter_misc":{"Tempo estimado de leitura":"4 minutos"},"schema":{"@context":"https:\/\/schema.org","@graph":[{"@type":"WebPage","@id":"https:\/\/www.hotelquintadomarco.com\/contactos\/","url":"https:\/\/www.hotelquintadomarco.com\/contactos\/","name":"Contactos - Hotel Rural Quinta do Marco, Tavira","isPartOf":{"@id":"https:\/\/www.hotelquintadomarco.com\/#website"},"datePublished":"2023-02-09T17:38:19+00:00","dateModified":"2023-03-08T11:10:49+00:00","description":"Entre em contacto com o Hotel Rural Quinta do Marco para a sua pr\u00f3xima viagem ao Algarve. Entre em contato connosco para reservas e recomenda\u00e7\u00f5es personalizadas","breadcrumb":{"@id":"https:\/\/www.hotelquintadomarco.com\/contactos\/#breadcrumb"},"inLanguage":"pt-PT","potentialAction":[{"@type":"ReadAction","target":["https:\/\/www.hotelquintadomarco.com\/contactos\/"]}]},{"@type":"BreadcrumbList","@id":"https:\/\/www.hotelquintadomarco.com\/contactos\/#breadcrumb","itemListElement":[{"@type":"ListItem","position":1,"name":"In\u00edcio","item":"https:\/\/www.hotelquintadomarco.com\/"},{"@type":"ListItem","position":2,"name":"Contactos"}]},{"@type":"WebSite","@id":"https:\/\/www.hotelquintadomarco.com\/#website","url":"https:\/\/www.hotelquintadomarco.com\/","name":"Quinta do Marco","description":"Ecoturismo","potentialAction":[{"@type":"SearchAction","target":{"@type":"EntryPoint","urlTemplate":"https:\/\/www.hotelquintadomarco.com\/?s={search_term_string}"},"query-input":{"@type":"PropertyValueSpecification","valueRequired":true,"valueName":"search_term_string"}}],"inLanguage":"pt-PT"}]}},"_links":{"self":[{"href":"https:\/\/www.hotelquintadomarco.com\/pt\/wp-json\/wp\/v2\/pages\/1284","targetHints":{"allow":["GET"]}}],"collection":[{"href":"https:\/\/www.hotelquintadomarco.com\/pt\/wp-json\/wp\/v2\/pages"}],"about":[{"href":"https:\/\/www.hotelquintadomarco.com\/pt\/wp-json\/wp\/v2\/types\/page"}],"author":[{"embeddable":true,"href":"https:\/\/www.hotelquintadomarco.com\/pt\/wp-json\/wp\/v2\/users\/2"}],"replies":[{"embeddable":true,"href":"https:\/\/www.hotelquintadomarco.com\/pt\/wp-json\/wp\/v2\/comments?post=1284"}],"version-history":[{"count":1,"href":"https:\/\/www.hotelquintadomarco.com\/pt\/wp-json\/wp\/v2\/pages\/1284\/revisions"}],"predecessor-version":[{"id":2193,"href":"https:\/\/www.hotelquintadomarco.com\/pt\/wp-json\/wp\/v2\/pages\/1284\/revisions\/2193"}],"wp:attachment":[{"href":"https:\/\/www.hotelquintadomarco.com\/pt\/wp-json\/wp\/v2\/media?parent=1284"}],"curies":[{"name":"wp","href":"https:\/\/api.w.org\/{rel}","templated":true}]}}