{"id":1316,"date":"2023-02-09T18:34:07","date_gmt":"2023-02-09T18:34:07","guid":{"rendered":"https:\/\/www.hotelquintadomarco.com\/?page_id=1316"},"modified":"2025-06-05T12:43:53","modified_gmt":"2025-06-05T12:43:53","slug":"faqs","status":"publish","type":"page","link":"https:\/\/www.hotelquintadomarco.com\/pt\/faqs\/","title":{"rendered":"FAQ&#8217;s"},"content":{"rendered":"\n\t<section class=\"section main-wrapper\" id=\"section_1177180319\">\n\t\t<div class=\"bg section-bg fill bg-fill  bg-loaded\" >\n\n\t\t\t\n\t\t\t\n\t\t\t\n\n\t\t<\/div>\n\n\t\t\n\n\t\t<div class=\"section-content relative\">\n\t\t\t\n\n<div class=\"slider-wrapper relative\" id=\"slider-1301827165\" style=\"background-color:rgb(255,255,255);\">\n    <div class=\"slider slider-nav-simple slider-nav-normal slider-nav-light slider-style-normal\"\n        data-flickity-options='{\n            \"cellAlign\": \"center\",\n            \"imagesLoaded\": true,\n            \"lazyLoad\": 1,\n            \"freeScroll\": false,\n            \"wrapAround\": false,\n            \"autoPlay\": false,\n            \"pauseAutoPlayOnHover\" : false,\n            \"prevNextButtons\": false,\n            \"contain\" : true,\n            \"adaptiveHeight\" : true,\n            \"dragThreshold\" : 10,\n            \"percentPosition\": true,\n            \"pageDots\": false,\n            \"rightToLeft\": false,\n            \"draggable\": false,\n            \"selectedAttraction\": 0.1,\n            \"parallax\" : 2,\n            \"friction\": 0.6        }'\n        >\n        \n\n\n  <div class=\"banner has-hover\" id=\"banner-256615727\">\n          <div class=\"banner-inner fill\">\n        <div class=\"banner-bg fill\" >\n            <div class=\"bg fill bg-fill \"><\/div>\n                        <div class=\"overlay\"><\/div>            \n                    <\/div>\n\t\t\n        <div class=\"banner-layers container\">\n            <div class=\"fill banner-link\"><\/div>            \n\n   <div id=\"text-box-1638305443\" class=\"text-box banner-layer x0 md-x0 lg-x0 y70 md-y95 lg-y95 res-text\">\n                                <div class=\"text-box-content text dark\">\n              \n              <div class=\"text-inner text-center\">\n                  \n\n\t<div id=\"text-1912143489\" class=\"text cover-title\">\n\t\t\n\n<h1>FAQ&#8217;s<\/h1>\n\t\t\n<style>\n#text-1912143489 {\n  font-size: 0.75rem;\n  line-height: 0.75;\n  text-align: left;\n}\n@media (min-width:550px) {\n  #text-1912143489 {\n    font-size: 1rem;\n  }\n}\n<\/style>\n\t<\/div>\n\t\n\t<div id=\"gap-14546430\" class=\"gap-element clearfix\" style=\"display:block; height:auto;\">\n\t\t\n<style>\n#gap-14546430 {\n  padding-top: 60px;\n}\n@media (min-width:550px) {\n  #gap-14546430 {\n    padding-top: 100px;\n  }\n}\n<\/style>\n\t<\/div>\n\t\n\n\n              <\/div>\n           <\/div>\n                            \n<style>\n#text-box-1638305443 .text-inner {\n  padding: 0px 15px 0px 15px;\n}\n#text-box-1638305443 {\n  width: 100%;\n}\n#text-box-1638305443 .text-box-content {\n  font-size: 100%;\n}\n@media (min-width:550px) {\n  #text-box-1638305443 {\n    width: 63%;\n  }\n}\n<\/style>\n    <\/div>\n \n\n        <\/div>\n      <\/div>\n\n            \n<style>\n#banner-256615727 {\n  padding-top: 515px;\n}\n#banner-256615727 .bg.bg-loaded {\n  background-image: url(https:\/\/www.hotelquintadomarco.com\/wp-content\/uploads\/2023\/02\/DJI_0133-1.jpg);\n}\n#banner-256615727 .overlay {\n  background-color: rgba(0, 0, 0, 0.6);\n}\n#banner-256615727 .bg {\n  background-position: 0% 57%;\n}\n#banner-256615727 .ux-shape-divider--top svg {\n  height: 150px;\n  --divider-top-width: 100%;\n}\n#banner-256615727 .ux-shape-divider--bottom svg {\n  height: 150px;\n  --divider-width: 100%;\n}\n<\/style>\n  <\/div>\n\n\n\n     <\/div>\n\n     <div class=\"loading-spin dark large centered\"><\/div>\n\n     \t<\/div>\n\n\n\n\t\t<\/div>\n\n\t\t\n<style>\n#section_1177180319 {\n  padding-top: 0px;\n  padding-bottom: 0px;\n}\n#section_1177180319 .ux-shape-divider--top svg {\n  height: 150px;\n  --divider-top-width: 100%;\n}\n#section_1177180319 .ux-shape-divider--bottom svg {\n  height: 150px;\n  --divider-width: 100%;\n}\n<\/style>\n\t<\/section>\n\t\n\n\t<section class=\"section main-wrapper booking-section\" id=\"section_1301682811\">\n\t\t<div class=\"bg section-bg fill bg-fill  bg-loaded\" >\n\n\t\t\t\n\t\t\t\n\t\t\t\n\n\t\t<\/div>\n\n\t\t\n\n\t\t<div class=\"section-content relative\">\n\t\t\t\n\n<div class=\"row\"  id=\"row-516811792\">\n\n\n\t<div id=\"col-673305394\" class=\"col header-wrapper small-12 large-12\"  >\n\t\t\t\t<div class=\"col-inner\"  >\n\t\t\t\n\t\t\t\n\n\t<div id=\"text-1763396117\" class=\"text title\">\n\t\t\n\n<h2>Perguntas Frequentes<\/h2>\n\t\t\n<style>\n#text-1763396117 {\n  font-size: 3.25rem;\n}\n<\/style>\n\t<\/div>\n\t\n\n\t\t<\/div>\n\t\t\t\t\t<\/div>\n\n\t\n\n<\/div>\n<div class=\"row\"  id=\"row-1432125541\">\n\n\n\t<div id=\"col-653685303\" class=\"col small-12 large-12\"  >\n\t\t\t\t<div class=\"col-inner\"  >\n\t\t\t\n\t\t\t\n\n\t<div id=\"gap-1452074180\" class=\"gap-element clearfix\" style=\"display:block; height:auto;\">\n\t\t\n<style>\n#gap-1452074180 {\n  padding-top: 30px;\n}\n<\/style>\n\t<\/div>\n\t\n\n<div class=\"accordion\">\n\n<div id=\"accordion-575131712\" class=\"accordion-item\"><a id=\"accordion-575131712-label\" href=\"#\" class=\"accordion-title plain\" aria-expanded=\"false\" aria-controls=\"accordion-575131712-content\"><button class=\"toggle\" aria-label=\"Toggle\"><i class=\"icon-angle-down\"><\/i><\/button><span>Qual o hor\u00e1rio de funcionamento da Rece\u00e7\u00e3o?<\/span><\/a><div id=\"accordion-575131712-content\" class=\"accordion-inner\" aria-labelledby=\"accordion-575131712-label\">\n\n<p>A Rece\u00e7\u00e3o funciona entre as 8h e as 21h. No entanto, na \u00e9poca baixa, o hor\u00e1rio ser\u00e1 garantido entre as 9h e as 17h30. Estar\u00e1 sempre algum colaborador presente para ajudar os h\u00f3spedes do Hotel.<\/p>\n\n<\/div><\/div>\n<div id=\"accordion-2607601678\" class=\"accordion-item\"><a id=\"accordion-2607601678-label\" href=\"#\" class=\"accordion-title plain\" aria-expanded=\"false\" aria-controls=\"accordion-2607601678-content\"><button class=\"toggle\" aria-label=\"Toggle\"><i class=\"icon-angle-down\"><\/i><\/button><span>Qual o hor\u00e1rio de check-in e check-out?<\/span><\/a><div id=\"accordion-2607601678-content\" class=\"accordion-inner\" aria-labelledby=\"accordion-2607601678-label\">\n\n<p><span style=\"font-weight: 400;\">O hor\u00e1rio de check-in \u00e9 a partir das 15:00 e o hor\u00e1rio de check-out \u00e9 at\u00e9 \u00e0s 12:00.<\/span><\/p>\n\n<\/div><\/div>\n<div id=\"accordion-1274358713\" class=\"accordion-item\"><a id=\"accordion-1274358713-label\" href=\"#\" class=\"accordion-title plain\" aria-expanded=\"false\" aria-controls=\"accordion-1274358713-content\"><button class=\"toggle\" aria-label=\"Toggle\"><i class=\"icon-angle-down\"><\/i><\/button><span>Como me posso deslocar do aeroporto at\u00e9 ao Hotel?<\/span><\/a><div id=\"accordion-1274358713-content\" class=\"accordion-inner\" aria-labelledby=\"accordion-1274358713-label\">\n\n<p>\u00c9 recomendado que os clientes tenham viatura pr\u00f3pria. Em alternativa, o Hotel trabalha com uma empresa de transfers externa. Para mais informa\u00e7\u00f5es acerca deste servi\u00e7o contacte-nos via telef\u00f3nica ou atrav\u00e9s de e-mail.<\/p>\n\n<\/div><\/div>\n\n<\/div>\n<div class=\"accordion\">\n\n<div id=\"accordion-3994913064\" class=\"accordion-item\"><a id=\"accordion-3994913064-label\" href=\"#\" class=\"accordion-title plain\" aria-expanded=\"false\" aria-controls=\"accordion-3994913064-content\"><button class=\"toggle\" aria-label=\"Toggle\"><i class=\"icon-angle-down\"><\/i><\/button><span>O Hotel providencia camas-extras e ber\u00e7os nos quartos e cadeiras de beb\u00e9s no restaurante?<\/span><\/a><div id=\"accordion-3994913064-content\" class=\"accordion-inner\" aria-labelledby=\"accordion-3994913064-label\">\n\n<p>As camas-extras, ber\u00e7os e cadeiras de refei\u00e7\u00e3o est\u00e3o sujeitas a disponibilidade. Caso precise de algum destes itens, adicione o \u201cpedido especial\u201d \u00e0 sua reserva.<\/p>\n\n<\/div><\/div>\n<div id=\"accordion-2501111913\" class=\"accordion-item\"><a id=\"accordion-2501111913-label\" href=\"#\" class=\"accordion-title plain\" aria-expanded=\"false\" aria-controls=\"accordion-2501111913-content\"><button class=\"toggle\" aria-label=\"Toggle\"><i class=\"icon-angle-down\"><\/i><\/button><span>\u00c9 permitido fumar no Hotel?<\/span><\/a><div id=\"accordion-2501111913-content\" class=\"accordion-inner\" aria-labelledby=\"accordion-2501111913-label\">\n\n<p>\u00c9 estritamente proibido fumar nos espa\u00e7os fechados dentro do hotel, independentemente do tipo de cigarro. No entanto, \u00e9 permitido fumar nas varandas dos quartos e em todos os espa\u00e7os exteriores.<\/p>\n\n<\/div><\/div>\n<div id=\"accordion-3066229419\" class=\"accordion-item\"><a id=\"accordion-3066229419-label\" href=\"#\" class=\"accordion-title plain\" aria-expanded=\"false\" aria-controls=\"accordion-3066229419-content\"><button class=\"toggle\" aria-label=\"Toggle\"><i class=\"icon-angle-down\"><\/i><\/button><span>Existem roup\u00f5es nos quartos?<\/span><\/a><div id=\"accordion-3066229419-content\" class=\"accordion-inner\" aria-labelledby=\"accordion-3066229419-label\">\n\n<p>Os roup\u00f5es n\u00e3o est\u00e3o dispon\u00edveis nos quartos. Ser\u00e3o disponibilizados mediante solicita\u00e7\u00e3o dos h\u00f3spedes.<\/p>\n\n<\/div><\/div>\n<div id=\"accordion-2208330896\" class=\"accordion-item\"><a id=\"accordion-2208330896-label\" href=\"#\" class=\"accordion-title plain\" aria-expanded=\"false\" aria-controls=\"accordion-2208330896-content\"><button class=\"toggle\" aria-label=\"Toggle\"><i class=\"icon-angle-down\"><\/i><\/button><span>Os quartos t\u00eam ferro de engomar e t\u00e1bua de passar a ferro?<\/span><\/a><div id=\"accordion-2208330896-content\" class=\"accordion-inner\" aria-labelledby=\"accordion-2208330896-label\">\n\n<p>Sim, mediante disponibilidade e pedido antecipado na Rece\u00e7\u00e3o.<\/p>\n\n<\/div><\/div>\n<div id=\"accordion-2571930818\" class=\"accordion-item\"><a id=\"accordion-2571930818-label\" href=\"#\" class=\"accordion-title plain\" aria-expanded=\"false\" aria-controls=\"accordion-2571930818-content\"><button class=\"toggle\" aria-label=\"Toggle\"><i class=\"icon-angle-down\"><\/i><\/button><span>Como funcionam os perdidos e achados?<\/span><\/a><div id=\"accordion-2571930818-content\" class=\"accordion-inner\" aria-labelledby=\"accordion-2571930818-label\">\n\n<p>Ap\u00f3s a sua partida, qualquer objeto esquecido no quarto (exceto roupa interior) \u00e9 guardado no Hotel durante 1 ano, 1 m\u00eas e 1 dia. Caso tenha deixado algum bem pessoal, por favor contacte a nossa equipa atrav\u00e9s de e-mail.<\/p>\n\n<\/div><\/div>\n<div id=\"accordion-483763459\" class=\"accordion-item\"><a id=\"accordion-483763459-label\" href=\"#\" class=\"accordion-title plain\" aria-expanded=\"false\" aria-controls=\"accordion-483763459-content\"><button class=\"toggle\" aria-label=\"Toggle\"><i class=\"icon-angle-down\"><\/i><\/button><span>S\u00e3o pet friendly?<\/span><\/a><div id=\"accordion-483763459-content\" class=\"accordion-inner\" aria-labelledby=\"accordion-483763459-label\">\n\n<p>O Hotel deixou de aceitar animais de estima\u00e7\u00e3o desde janeiro de 2023. No entanto, disponibiliza uma lista de recomenda\u00e7\u00f5es de hot\u00e9is para animais de estima\u00e7\u00e3o na zona.<\/p>\n\n<\/div><\/div>\n<div id=\"accordion-1341072167\" class=\"accordion-item\"><a id=\"accordion-1341072167-label\" href=\"#\" class=\"accordion-title plain\" aria-expanded=\"false\" aria-controls=\"accordion-1341072167-content\"><button class=\"toggle\" aria-label=\"Toggle\"><i class=\"icon-angle-down\"><\/i><\/button><span>Fornecem toalhas de piscina na rece\u00e7\u00e3o?<\/span><\/a><div id=\"accordion-1341072167-content\" class=\"accordion-inner\" aria-labelledby=\"accordion-1341072167-label\">\n\n<p>Sim, as toalhas de piscina s\u00e3o disponibilizadas mediante solicita\u00e7\u00e3o do h\u00f3spede. Estas podem ser mantidas at\u00e9 ao final da estadia e t\u00eam um custo de 2\u20ac cada.<\/p>\n\n<\/div><\/div>\n<div id=\"accordion-1132810649\" class=\"accordion-item\"><a id=\"accordion-1132810649-label\" href=\"#\" class=\"accordion-title plain\" aria-expanded=\"false\" aria-controls=\"accordion-1132810649-content\"><button class=\"toggle\" aria-label=\"Toggle\"><i class=\"icon-angle-down\"><\/i><\/button><span>O Hotel disp\u00f5e de quartos e zonas comuns adaptadas a pessoas com mobilidade reduzida?<\/span><\/a><div id=\"accordion-1132810649-content\" class=\"accordion-inner\" aria-labelledby=\"accordion-1132810649-label\">\n\n<p>O Hotel disp\u00f5e de 2 quartos duplos adaptados a pessoas com mobilidade reduzida. \u00c9 poss\u00edvel aceder ao restaurante, rece\u00e7\u00e3o e piscina atrav\u00e9s de rampas. O restaurante tamb\u00e9m disponibiliza uma casa-de-banho adaptada.<\/p>\n\n<\/div><\/div>\n<div id=\"accordion-2208918770\" class=\"accordion-item\"><a id=\"accordion-2208918770-label\" href=\"#\" class=\"accordion-title plain\" aria-expanded=\"false\" aria-controls=\"accordion-2208918770-content\"><button class=\"toggle\" aria-label=\"Toggle\"><i class=\"icon-angle-down\"><\/i><\/button><span>O Hotel tem gin\u00e1sio?<\/span><\/a><div id=\"accordion-2208918770-content\" class=\"accordion-inner\" aria-labelledby=\"accordion-2208918770-label\">\n\n<p>O Hotel n\u00e3o tem gin\u00e1sio, oferece apenas uma zona exterior com 4 m\u00e1quinas que pode ser utilizada pelos h\u00f3spedes, enquanto desfrutam de uma vista maravilhosa.<\/p>\n\n<\/div><\/div>\n<div id=\"accordion-528147856\" class=\"accordion-item\"><a id=\"accordion-528147856-label\" href=\"#\" class=\"accordion-title plain\" aria-expanded=\"false\" aria-controls=\"accordion-528147856-content\"><button class=\"toggle\" aria-label=\"Toggle\"><i class=\"icon-angle-down\"><\/i><\/button><span>A que horas \u00e9 servido o pequeno-almo\u00e7o?<\/span><\/a><div id=\"accordion-528147856-content\" class=\"accordion-inner\" aria-labelledby=\"accordion-528147856-label\">\n\n<p>O pequeno-almo\u00e7o \u00e9 servido entre as 8h e as 10h (\u00e9poca baixa) e as 8h e as 10h30 (\u00e9poca alta).\u00a0<\/p>\n\n<\/div><\/div>\n<div id=\"accordion-2348924645\" class=\"accordion-item\"><a id=\"accordion-2348924645-label\" href=\"#\" class=\"accordion-title plain\" aria-expanded=\"false\" aria-controls=\"accordion-2348924645-content\"><button class=\"toggle\" aria-label=\"Toggle\"><i class=\"icon-angle-down\"><\/i><\/button><span>No restaurante t\u00eam op\u00e7\u00f5es vegan, gl\u00faten free e sem derivados de latic\u00ednios?<\/span><\/a><div id=\"accordion-2348924645-content\" class=\"accordion-inner\" aria-labelledby=\"accordion-2348924645-label\">\n\n<p>Sim. No entanto, os pedidos especiais devem ser indicados aquando da reserva ou com 48 horas de anteced\u00eancia do check-in, s\u00e3o mediante disponibilidade.<\/p>\n\n<\/div><\/div>\n<div id=\"accordion-1156981127\" class=\"accordion-item\"><a id=\"accordion-1156981127-label\" href=\"#\" class=\"accordion-title plain\" aria-expanded=\"false\" aria-controls=\"accordion-1156981127-content\"><button class=\"toggle\" aria-label=\"Toggle\"><i class=\"icon-angle-down\"><\/i><\/button><span>Os clientes que n\u00e3o est\u00e3o hospedados no Hotel podem usufruir de alguma das comodidades?<\/span><\/a><div id=\"accordion-1156981127-content\" class=\"accordion-inner\" aria-labelledby=\"accordion-1156981127-label\">\n\n<p>O restaurante e massagens est\u00e3o dispon\u00edveis para Clientes n\u00e3o hospedados no Hotel, mediante reserva antecipada.<\/p>\n\n<\/div><\/div>\n<div id=\"accordion-996159215\" class=\"accordion-item\"><a id=\"accordion-996159215-label\" href=\"#\" class=\"accordion-title plain\" aria-expanded=\"false\" aria-controls=\"accordion-996159215-content\"><button class=\"toggle\" aria-label=\"Toggle\"><i class=\"icon-angle-down\"><\/i><\/button><span>Realizam casamentos e batizados? Qual o limite de convidados?<\/span><\/a><div id=\"accordion-996159215-content\" class=\"accordion-inner\" aria-labelledby=\"accordion-996159215-label\">\n\n<p>O Hotel realiza eventos desta natureza. Para mais detalhes acerca deste servi\u00e7o contacte-nos atrav\u00e9s do <a href=\"mailto:comercial@hotelquintadomarco.com\"><span style=\"color: #333333;\">comercial@hotelquintadomarco.com<\/span><\/a><span style=\"color: #333333;\">.<\/span><\/p>\n\n<\/div><\/div>\n\n<\/div>\n\n\t\t<\/div>\n\t\t\t\t\t<\/div>\n\n\t\n\n<\/div>\n\n\t\t<\/div>\n\n\t\t\n<style>\n#section_1301682811 {\n  padding-top: 60px;\n  padding-bottom: 60px;\n  background-color: rgb(255,255,255);\n}\n#section_1301682811 .ux-shape-divider--top svg {\n  height: 150px;\n  --divider-top-width: 100%;\n}\n#section_1301682811 .ux-shape-divider--bottom svg {\n  height: 150px;\n  --divider-width: 100%;\n}\n<\/style>\n\t<\/section>\n\t\n\n\n","protected":false},"excerpt":{"rendered":"","protected":false},"author":2,"featured_media":0,"parent":0,"menu_order":0,"comment_status":"closed","ping_status":"closed","template":"page-transparent-header-light.php","meta":{"footnotes":""},"class_list":["post-1316","page","type-page","status-publish","hentry"],"yoast_head":"<!-- This site is optimized with the Yoast SEO Premium plugin v20.2.1 (Yoast SEO v26.6) - https:\/\/yoast.com\/wordpress\/plugins\/seo\/ -->\n<title>Esclare\u00e7a as suas d\u00favidas: FAQ Hotel Rural Quinta do Marco<\/title>\n<meta name=\"description\" content=\"Encontre respostas \u00e0s suas d\u00favidas sobre o Hotel Rural Quinta do Marco na nossa sec\u00e7\u00e3o de FAQ. Obtenha a informa\u00e7\u00e3o de que necessita para planear a sua viagem\" \/>\n<meta name=\"robots\" content=\"index, follow, max-snippet:-1, max-image-preview:large, max-video-preview:-1\" \/>\n<link rel=\"canonical\" href=\"https:\/\/www.hotelquintadomarco.com\/pt\/faqs\/\" \/>\n<meta property=\"og:locale\" content=\"pt_PT\" \/>\n<meta property=\"og:type\" content=\"article\" \/>\n<meta property=\"og:title\" content=\"FAQ&#039;s\" \/>\n<meta property=\"og:description\" content=\"Encontre respostas \u00e0s suas d\u00favidas sobre o Hotel Rural Quinta do Marco na nossa sec\u00e7\u00e3o de FAQ. Obtenha a informa\u00e7\u00e3o de que necessita para planear a sua viagem\" \/>\n<meta property=\"og:url\" content=\"https:\/\/www.hotelquintadomarco.com\/pt\/faqs\/\" \/>\n<meta property=\"og:site_name\" content=\"Quinta do Marco\" \/>\n<meta property=\"article:modified_time\" content=\"2025-06-05T12:43:53+00:00\" \/>\n<meta name=\"twitter:card\" content=\"summary_large_image\" \/>\n<meta name=\"twitter:label1\" content=\"Tempo estimado de leitura\" \/>\n\t<meta name=\"twitter:data1\" content=\"6 minutos\" \/>\n<script type=\"application\/ld+json\" class=\"yoast-schema-graph\">{\"@context\":\"https:\/\/schema.org\",\"@graph\":[{\"@type\":\"WebPage\",\"@id\":\"https:\/\/www.hotelquintadomarco.com\/faqs\/\",\"url\":\"https:\/\/www.hotelquintadomarco.com\/faqs\/\",\"name\":\"Esclare\u00e7a as suas d\u00favidas: FAQ Hotel Rural Quinta do Marco\",\"isPartOf\":{\"@id\":\"https:\/\/www.hotelquintadomarco.com\/#website\"},\"datePublished\":\"2023-02-09T18:34:07+00:00\",\"dateModified\":\"2025-06-05T12:43:53+00:00\",\"description\":\"Encontre respostas \u00e0s suas d\u00favidas sobre o Hotel Rural Quinta do Marco na nossa sec\u00e7\u00e3o de FAQ. Obtenha a informa\u00e7\u00e3o de que necessita para planear a sua viagem\",\"breadcrumb\":{\"@id\":\"https:\/\/www.hotelquintadomarco.com\/faqs\/#breadcrumb\"},\"inLanguage\":\"pt-PT\",\"potentialAction\":[{\"@type\":\"ReadAction\",\"target\":[\"https:\/\/www.hotelquintadomarco.com\/faqs\/\"]}]},{\"@type\":\"BreadcrumbList\",\"@id\":\"https:\/\/www.hotelquintadomarco.com\/faqs\/#breadcrumb\",\"itemListElement\":[{\"@type\":\"ListItem\",\"position\":1,\"name\":\"In\u00edcio\",\"item\":\"https:\/\/www.hotelquintadomarco.com\/\"},{\"@type\":\"ListItem\",\"position\":2,\"name\":\"FAQ&#8217;s\"}]},{\"@type\":\"WebSite\",\"@id\":\"https:\/\/www.hotelquintadomarco.com\/#website\",\"url\":\"https:\/\/www.hotelquintadomarco.com\/\",\"name\":\"Quinta do Marco\",\"description\":\"Ecoturismo\",\"potentialAction\":[{\"@type\":\"SearchAction\",\"target\":{\"@type\":\"EntryPoint\",\"urlTemplate\":\"https:\/\/www.hotelquintadomarco.com\/?s={search_term_string}\"},\"query-input\":{\"@type\":\"PropertyValueSpecification\",\"valueRequired\":true,\"valueName\":\"search_term_string\"}}],\"inLanguage\":\"pt-PT\"}]}<\/script>\n<!-- \/ Yoast SEO Premium plugin. -->","yoast_head_json":{"title":"Esclare\u00e7a as suas d\u00favidas: FAQ Hotel Rural Quinta do Marco","description":"Encontre respostas \u00e0s suas d\u00favidas sobre o Hotel Rural Quinta do Marco na nossa sec\u00e7\u00e3o de FAQ. Obtenha a informa\u00e7\u00e3o de que necessita para planear a sua viagem","robots":{"index":"index","follow":"follow","max-snippet":"max-snippet:-1","max-image-preview":"max-image-preview:large","max-video-preview":"max-video-preview:-1"},"canonical":"https:\/\/www.hotelquintadomarco.com\/pt\/faqs\/","og_locale":"pt_PT","og_type":"article","og_title":"FAQ's","og_description":"Encontre respostas \u00e0s suas d\u00favidas sobre o Hotel Rural Quinta do Marco na nossa sec\u00e7\u00e3o de FAQ. Obtenha a informa\u00e7\u00e3o de que necessita para planear a sua viagem","og_url":"https:\/\/www.hotelquintadomarco.com\/pt\/faqs\/","og_site_name":"Quinta do Marco","article_modified_time":"2025-06-05T12:43:53+00:00","twitter_card":"summary_large_image","twitter_misc":{"Tempo estimado de leitura":"6 minutos"},"schema":{"@context":"https:\/\/schema.org","@graph":[{"@type":"WebPage","@id":"https:\/\/www.hotelquintadomarco.com\/faqs\/","url":"https:\/\/www.hotelquintadomarco.com\/faqs\/","name":"Esclare\u00e7a as suas d\u00favidas: FAQ Hotel Rural Quinta do Marco","isPartOf":{"@id":"https:\/\/www.hotelquintadomarco.com\/#website"},"datePublished":"2023-02-09T18:34:07+00:00","dateModified":"2025-06-05T12:43:53+00:00","description":"Encontre respostas \u00e0s suas d\u00favidas sobre o Hotel Rural Quinta do Marco na nossa sec\u00e7\u00e3o de FAQ. Obtenha a informa\u00e7\u00e3o de que necessita para planear a sua viagem","breadcrumb":{"@id":"https:\/\/www.hotelquintadomarco.com\/faqs\/#breadcrumb"},"inLanguage":"pt-PT","potentialAction":[{"@type":"ReadAction","target":["https:\/\/www.hotelquintadomarco.com\/faqs\/"]}]},{"@type":"BreadcrumbList","@id":"https:\/\/www.hotelquintadomarco.com\/faqs\/#breadcrumb","itemListElement":[{"@type":"ListItem","position":1,"name":"In\u00edcio","item":"https:\/\/www.hotelquintadomarco.com\/"},{"@type":"ListItem","position":2,"name":"FAQ&#8217;s"}]},{"@type":"WebSite","@id":"https:\/\/www.hotelquintadomarco.com\/#website","url":"https:\/\/www.hotelquintadomarco.com\/","name":"Quinta do Marco","description":"Ecoturismo","potentialAction":[{"@type":"SearchAction","target":{"@type":"EntryPoint","urlTemplate":"https:\/\/www.hotelquintadomarco.com\/?s={search_term_string}"},"query-input":{"@type":"PropertyValueSpecification","valueRequired":true,"valueName":"search_term_string"}}],"inLanguage":"pt-PT"}]}},"_links":{"self":[{"href":"https:\/\/www.hotelquintadomarco.com\/pt\/wp-json\/wp\/v2\/pages\/1316","targetHints":{"allow":["GET"]}}],"collection":[{"href":"https:\/\/www.hotelquintadomarco.com\/pt\/wp-json\/wp\/v2\/pages"}],"about":[{"href":"https:\/\/www.hotelquintadomarco.com\/pt\/wp-json\/wp\/v2\/types\/page"}],"author":[{"embeddable":true,"href":"https:\/\/www.hotelquintadomarco.com\/pt\/wp-json\/wp\/v2\/users\/2"}],"replies":[{"embeddable":true,"href":"https:\/\/www.hotelquintadomarco.com\/pt\/wp-json\/wp\/v2\/comments?post=1316"}],"version-history":[{"count":4,"href":"https:\/\/www.hotelquintadomarco.com\/pt\/wp-json\/wp\/v2\/pages\/1316\/revisions"}],"predecessor-version":[{"id":8101,"href":"https:\/\/www.hotelquintadomarco.com\/pt\/wp-json\/wp\/v2\/pages\/1316\/revisions\/8101"}],"wp:attachment":[{"href":"https:\/\/www.hotelquintadomarco.com\/pt\/wp-json\/wp\/v2\/media?parent=1316"}],"curies":[{"name":"wp","href":"https:\/\/api.w.org\/{rel}","templated":true}]}}