{"id":1447,"date":"2023-02-10T14:53:49","date_gmt":"2023-02-10T14:53:49","guid":{"rendered":"https:\/\/www.hotelquintadomarco.com\/?page_id=1447"},"modified":"2024-05-07T13:12:57","modified_gmt":"2024-05-07T13:12:57","slug":"sustentabilidade","status":"publish","type":"page","link":"https:\/\/www.hotelquintadomarco.com\/pt\/sustentabilidade\/","title":{"rendered":"Sustentabilidade"},"content":{"rendered":"\n\t<section class=\"section main-wrapper\" id=\"section_659887560\">\n\t\t<div class=\"bg section-bg fill bg-fill  bg-loaded\" >\n\n\t\t\t\n\t\t\t\n\t\t\t\n\n\t\t<\/div>\n\n\t\t\n\n\t\t<div class=\"section-content relative\">\n\t\t\t\n\n<div class=\"slider-wrapper relative\" id=\"slider-83829634\" style=\"background-color:rgb(255,255,255);\">\n    <div class=\"slider slider-nav-simple slider-nav-normal slider-nav-light slider-style-normal\"\n        data-flickity-options='{\n            \"cellAlign\": \"center\",\n            \"imagesLoaded\": true,\n            \"lazyLoad\": 1,\n            \"freeScroll\": false,\n            \"wrapAround\": false,\n            \"autoPlay\": false,\n            \"pauseAutoPlayOnHover\" : false,\n            \"prevNextButtons\": false,\n            \"contain\" : true,\n            \"adaptiveHeight\" : true,\n            \"dragThreshold\" : 10,\n            \"percentPosition\": true,\n            \"pageDots\": false,\n            \"rightToLeft\": false,\n            \"draggable\": false,\n            \"selectedAttraction\": 0.1,\n            \"parallax\" : 2,\n            \"friction\": 0.6        }'\n        >\n        \n\n\n  <div class=\"banner has-hover\" id=\"banner-358465325\">\n          <div class=\"banner-inner fill\">\n        <div class=\"banner-bg fill\" >\n            <div class=\"bg fill bg-fill \"><\/div>\n                        <div class=\"overlay\"><\/div>            \n                    <\/div>\n\t\t\n        <div class=\"banner-layers container\">\n            <div class=\"fill banner-link\"><\/div>            \n\n   <div id=\"text-box-707704536\" class=\"text-box banner-layer x0 md-x0 lg-x0 y70 md-y95 lg-y95 res-text\">\n                                <div class=\"text-box-content text dark\">\n              \n              <div class=\"text-inner text-center\">\n                  \n\n\t<div id=\"text-407579108\" class=\"text cover-title\">\n\t\t\n\n<h1>Sustentabilidade<\/h1>\n\t\t\n<style>\n#text-407579108 {\n  font-size: 0.75rem;\n  line-height: 0.75;\n  text-align: left;\n}\n@media (min-width:550px) {\n  #text-407579108 {\n    font-size: 1rem;\n  }\n}\n<\/style>\n\t<\/div>\n\t\n\t<div id=\"gap-852493734\" class=\"gap-element clearfix\" style=\"display:block; height:auto;\">\n\t\t\n<style>\n#gap-852493734 {\n  padding-top: 60px;\n}\n@media (min-width:550px) {\n  #gap-852493734 {\n    padding-top: 100px;\n  }\n}\n<\/style>\n\t<\/div>\n\t\n\n\n              <\/div>\n           <\/div>\n                            \n<style>\n#text-box-707704536 .text-inner {\n  padding: 0px 15px 0px 15px;\n}\n#text-box-707704536 {\n  width: 100%;\n}\n#text-box-707704536 .text-box-content {\n  font-size: 100%;\n}\n@media (min-width:550px) {\n  #text-box-707704536 {\n    width: 63%;\n  }\n}\n<\/style>\n    <\/div>\n \n\n        <\/div>\n      <\/div>\n\n            \n<style>\n#banner-358465325 {\n  padding-top: 515px;\n}\n#banner-358465325 .bg.bg-loaded {\n  background-image: url(https:\/\/www.hotelquintadomarco.com\/wp-content\/uploads\/2024\/05\/DJI_0541_highres-scaled.jpg);\n}\n#banner-358465325 .overlay {\n  background-color: rgba(0, 0, 0, 0.6);\n}\n#banner-358465325 .bg {\n  background-position: 0% 60%;\n}\n#banner-358465325 .ux-shape-divider--top svg {\n  height: 150px;\n  --divider-top-width: 100%;\n}\n#banner-358465325 .ux-shape-divider--bottom svg {\n  height: 150px;\n  --divider-width: 100%;\n}\n<\/style>\n  <\/div>\n\n\n\n     <\/div>\n\n     <div class=\"loading-spin dark large centered\"><\/div>\n\n     \t<\/div>\n\n\n\n\t\t<\/div>\n\n\t\t\n<style>\n#section_659887560 {\n  padding-top: 0px;\n  padding-bottom: 0px;\n}\n#section_659887560 .ux-shape-divider--top svg {\n  height: 150px;\n  --divider-top-width: 100%;\n}\n#section_659887560 .ux-shape-divider--bottom svg {\n  height: 150px;\n  --divider-width: 100%;\n}\n<\/style>\n\t<\/section>\n\t\n\n\t<section class=\"section main-wrapper booking-section\" id=\"section_1338670096\">\n\t\t<div class=\"bg section-bg fill bg-fill  bg-loaded\" >\n\n\t\t\t\n\t\t\t\n\t\t\t\n\n\t\t<\/div>\n\n\t\t\n\n\t\t<div class=\"section-content relative\">\n\t\t\t\n\n<div class=\"row\"  id=\"row-923474832\">\n\n\n\t<div id=\"col-1970116739\" class=\"col header-wrapper small-12 large-12\"  >\n\t\t\t\t<div class=\"col-inner\"  >\n\t\t\t\n\t\t\t\n\n\t<div id=\"text-3290052078\" class=\"text title\">\n\t\t\n\n<h2><span style=\"font-size: 85%;\">pequenos,<\/span> Grandes Passos.<\/h2>\n\t\t\n<style>\n#text-3290052078 {\n  font-size: 3.25rem;\n}\n<\/style>\n\t<\/div>\n\t\n\n\t\t<\/div>\n\t\t\t\t\t<\/div>\n\n\t\n\n<\/div>\n<div class=\"row\"  id=\"row-1134103502\">\n\n\n\t<div id=\"col-2010613390\" class=\"col small-12 large-12\"  >\n\t\t\t\t<div class=\"col-inner\"  >\n\t\t\t\n\t\t\t\n\n<p><span style=\"font-weight: 400;\">Localizado no meio da Natureza, o Hotel Quinta do Marco garante-lhe umas f\u00e9rias mais sustent\u00e1veis. A preocupa\u00e7\u00e3o com a sustentabilidade \u00e9 transversal \u00e0s decis\u00f5es tomadas pela equipa do Hotel, com o objetivo de minimizar os impactos ambientais, neste novo conceito de Eco Turismo. Algumas das medidas j\u00e1 tomadas:<\/span><\/p>\n<p>&nbsp;<\/p>\n<ul>\n<li style=\"font-weight: 400;\" aria-level=\"1\"><span style=\"font-weight: 400; color: #3c3c3c;\">Redu\u00e7\u00e3o da utiliza\u00e7\u00e3o de pl\u00e1stico;<\/span><\/li>\n<li style=\"font-weight: 400;\" aria-level=\"1\"><span style=\"font-weight: 400; color: #3c3c3c;\">Os nossos queridos animais, principalmente as ovelhas, o burro e as galinhas, adoram os restos de fruta e vegetais e que s\u00e3o uma \u00f3tima e importante ajuda na manuten\u00e7\u00e3o dos nossos espa\u00e7os verdes. S\u00e3o ainda uma \u00f3tima fonte de fertilizante natural, pelo que evitamos o uso de produtos externos nos nossos terrenos;<\/span><\/li>\n<li style=\"font-weight: 400;\" aria-level=\"1\"><span style=\"font-weight: 400; color: #3c3c3c;\">Gest\u00e3o eficiente do consumo de recursos (\u00e1gua e eletricidade);<\/span><\/li>\n<li style=\"font-weight: 400;\" aria-level=\"1\"><span style=\"font-weight: 400; color: #3c3c3c;\">O aquecimento da \u00e1gua \u00e9 realizado com recurso a pain\u00e9is solares;<\/span><\/li>\n<li style=\"font-weight: 400;\" aria-level=\"1\"><span style=\"font-weight: 400; color: #3c3c3c;\">Utiliza\u00e7\u00e3o de viatura el\u00e9trica na log\u00edstica do Hotel e de buggy el\u00e9trico para apoio \u00e0s atividades de limpeza;<\/span><\/li>\n<li style=\"font-weight: 400;\" aria-level=\"1\"><span style=\"font-weight: 400; color: #3c3c3c;\">O nosso parque de estacionamento est\u00e1 preparado com tomadas de carregamento el\u00e9trico para as viaturas dos nossos h\u00f3spedes;<\/span><\/li>\n<li style=\"font-weight: 400;\" aria-level=\"1\"><span style=\"font-weight: 400; color: #3c3c3c;\">A ilumina\u00e7\u00e3o \u00e9 efetuada com l\u00e2mpadas LED;<\/span><\/li>\n<li style=\"font-weight: 400;\" aria-level=\"1\"><span style=\"font-weight: 400; color: #3c3c3c;\">Instala\u00e7\u00e3o de sensores de presen\u00e7a em zonas comuns do Hotel, evitando o gasto desnecess\u00e1rio de eletricidade;<\/span><\/li>\n<li style=\"font-weight: 400;\" aria-level=\"1\"><span style=\"font-weight: 400; color: #3c3c3c;\">Sistema de corte de ar-condicionado em caso de abertura da janela do quarto;<\/span><\/li>\n<li style=\"font-weight: 400;\" aria-level=\"1\"><span style=\"font-weight: 400; color: #3c3c3c;\">Utiliza\u00e7\u00e3o de equipamentos de baixo consumo;<\/span><\/li>\n<li style=\"font-weight: 400;\" aria-level=\"1\"><span style=\"font-weight: 400; color: #3c3c3c;\">Instala\u00e7\u00e3o de redutores de caudal em todas as torneiras;<\/span><\/li>\n<li style=\"font-weight: 400;\" aria-level=\"1\"><span style=\"font-weight: 400; color: #3c3c3c;\">Utiliza\u00e7\u00e3o de pel\u00edculas protetoras de sol em alguns envidra\u00e7ados do Hotel;<\/span><\/li>\n<li style=\"font-weight: 400;\" aria-level=\"1\"><span style=\"font-weight: 400; color: #3c3c3c;\">As \u00e1reas ajardinadas possuem, maioritariamente, esp\u00e9cies aut\u00f3ctones que reduzem a necessidade de rega. Em 2022 <span style=\"color: #333333;\">plant\u00e1mos<\/span> mais de 200 alfarrobeiras na propriedade;<\/span><\/li>\n<li style=\"font-weight: 400;\" aria-level=\"1\"><span style=\"color: #3c3c3c;\"><i><span style=\"font-weight: 400;\">Amenities <\/span><\/i><span style=\"font-weight: 400;\">disponibilizados em embalagens individuais de reenchimento;<\/span><\/span><\/li>\n<li style=\"font-weight: 400;\" aria-level=\"1\"><span style=\"font-weight: 400; color: #3c3c3c;\">Disponibiliza\u00e7\u00e3o de sacos de lavandaria apenas mediante pedido do Cliente;<\/span><\/li>\n<li style=\"font-weight: 400;\" aria-level=\"1\"><span style=\"font-weight: 400; color: #3c3c3c;\">Compras ajustadas \u00e0s ementas e quantidades servidas, ajustadas para evitar o desperd\u00edcio;<\/span><\/li>\n<li style=\"font-weight: 400;\" aria-level=\"1\"><span style=\"font-weight: 400; color: #3c3c3c;\">Disponibiliza\u00e7\u00e3o de sacos do lixo com diferentes cores, e respetiva sinal\u00e9tica, para reciclagem nos espa\u00e7os comuns;<\/span><\/li>\n<li style=\"font-weight: 400;\" aria-level=\"1\"><span style=\"font-weight: 400; color: #3c3c3c;\">Utiliza\u00e7\u00e3o preferencial por ervas arom\u00e1ticas e outros produtos hort\u00edcolas, da nossa Horta.<\/span><\/li>\n<\/ul>\n\n\t\t<\/div>\n\t\t\t\t\t<\/div>\n\n\t\n\n<\/div>\n\n\t\t<\/div>\n\n\t\t\n<style>\n#section_1338670096 {\n  padding-top: 60px;\n  padding-bottom: 60px;\n  background-color: rgb(255,255,255);\n}\n#section_1338670096 .ux-shape-divider--top svg {\n  height: 150px;\n  --divider-top-width: 100%;\n}\n#section_1338670096 .ux-shape-divider--bottom svg {\n  height: 150px;\n  --divider-width: 100%;\n}\n<\/style>\n\t<\/section>\n\t\n\n","protected":false},"excerpt":{"rendered":"","protected":false},"author":2,"featured_media":0,"parent":0,"menu_order":0,"comment_status":"closed","ping_status":"closed","template":"page-transparent-header-light.php","meta":{"footnotes":""},"class_list":["post-1447","page","type-page","status-publish","hentry"],"yoast_head":"<!-- This site is optimized with the Yoast SEO Premium plugin v20.2.1 (Yoast SEO v26.6) - https:\/\/yoast.com\/wordpress\/plugins\/seo\/ -->\n<title>F\u00e9rias sustent\u00e1veis - Hotel Rural Quinta do Marco, Tavira<\/title>\n<meta name=\"description\" content=\"Situado no meio da natureza, o Hotel Quinta do Marco garante-lhe umas f\u00e9rias mais sustent\u00e1veis. Visite-nos e obtenha a sua experi\u00eancia\" \/>\n<meta name=\"robots\" content=\"index, follow, max-snippet:-1, max-image-preview:large, max-video-preview:-1\" \/>\n<link rel=\"canonical\" href=\"https:\/\/www.hotelquintadomarco.com\/pt\/sustentabilidade\/\" \/>\n<meta property=\"og:locale\" content=\"pt_PT\" \/>\n<meta property=\"og:type\" content=\"article\" \/>\n<meta property=\"og:title\" content=\"Sustentabilidade\" \/>\n<meta property=\"og:description\" content=\"Situado no meio da natureza, o Hotel Quinta do Marco garante-lhe umas f\u00e9rias mais sustent\u00e1veis. Visite-nos e obtenha a sua experi\u00eancia\" \/>\n<meta property=\"og:url\" content=\"https:\/\/www.hotelquintadomarco.com\/pt\/sustentabilidade\/\" \/>\n<meta property=\"og:site_name\" content=\"Quinta do Marco\" \/>\n<meta property=\"article:modified_time\" content=\"2024-05-07T13:12:57+00:00\" \/>\n<meta name=\"twitter:card\" content=\"summary_large_image\" \/>\n<meta name=\"twitter:label1\" content=\"Tempo estimado de leitura\" \/>\n\t<meta name=\"twitter:data1\" content=\"3 minutos\" \/>\n<script type=\"application\/ld+json\" class=\"yoast-schema-graph\">{\"@context\":\"https:\/\/schema.org\",\"@graph\":[{\"@type\":\"WebPage\",\"@id\":\"https:\/\/www.hotelquintadomarco.com\/sustentabilidade\/\",\"url\":\"https:\/\/www.hotelquintadomarco.com\/sustentabilidade\/\",\"name\":\"F\u00e9rias sustent\u00e1veis - Hotel Rural Quinta do Marco, Tavira\",\"isPartOf\":{\"@id\":\"https:\/\/www.hotelquintadomarco.com\/#website\"},\"datePublished\":\"2023-02-10T14:53:49+00:00\",\"dateModified\":\"2024-05-07T13:12:57+00:00\",\"description\":\"Situado no meio da natureza, o Hotel Quinta do Marco garante-lhe umas f\u00e9rias mais sustent\u00e1veis. Visite-nos e obtenha a sua experi\u00eancia\",\"breadcrumb\":{\"@id\":\"https:\/\/www.hotelquintadomarco.com\/sustentabilidade\/#breadcrumb\"},\"inLanguage\":\"pt-PT\",\"potentialAction\":[{\"@type\":\"ReadAction\",\"target\":[\"https:\/\/www.hotelquintadomarco.com\/sustentabilidade\/\"]}]},{\"@type\":\"BreadcrumbList\",\"@id\":\"https:\/\/www.hotelquintadomarco.com\/sustentabilidade\/#breadcrumb\",\"itemListElement\":[{\"@type\":\"ListItem\",\"position\":1,\"name\":\"In\u00edcio\",\"item\":\"https:\/\/www.hotelquintadomarco.com\/\"},{\"@type\":\"ListItem\",\"position\":2,\"name\":\"Sustentabilidade\"}]},{\"@type\":\"WebSite\",\"@id\":\"https:\/\/www.hotelquintadomarco.com\/#website\",\"url\":\"https:\/\/www.hotelquintadomarco.com\/\",\"name\":\"Quinta do Marco\",\"description\":\"Ecoturismo\",\"potentialAction\":[{\"@type\":\"SearchAction\",\"target\":{\"@type\":\"EntryPoint\",\"urlTemplate\":\"https:\/\/www.hotelquintadomarco.com\/?s={search_term_string}\"},\"query-input\":{\"@type\":\"PropertyValueSpecification\",\"valueRequired\":true,\"valueName\":\"search_term_string\"}}],\"inLanguage\":\"pt-PT\"}]}<\/script>\n<!-- \/ Yoast SEO Premium plugin. -->","yoast_head_json":{"title":"F\u00e9rias sustent\u00e1veis - Hotel Rural Quinta do Marco, Tavira","description":"Situado no meio da natureza, o Hotel Quinta do Marco garante-lhe umas f\u00e9rias mais sustent\u00e1veis. Visite-nos e obtenha a sua experi\u00eancia","robots":{"index":"index","follow":"follow","max-snippet":"max-snippet:-1","max-image-preview":"max-image-preview:large","max-video-preview":"max-video-preview:-1"},"canonical":"https:\/\/www.hotelquintadomarco.com\/pt\/sustentabilidade\/","og_locale":"pt_PT","og_type":"article","og_title":"Sustentabilidade","og_description":"Situado no meio da natureza, o Hotel Quinta do Marco garante-lhe umas f\u00e9rias mais sustent\u00e1veis. Visite-nos e obtenha a sua experi\u00eancia","og_url":"https:\/\/www.hotelquintadomarco.com\/pt\/sustentabilidade\/","og_site_name":"Quinta do Marco","article_modified_time":"2024-05-07T13:12:57+00:00","twitter_card":"summary_large_image","twitter_misc":{"Tempo estimado de leitura":"3 minutos"},"schema":{"@context":"https:\/\/schema.org","@graph":[{"@type":"WebPage","@id":"https:\/\/www.hotelquintadomarco.com\/sustentabilidade\/","url":"https:\/\/www.hotelquintadomarco.com\/sustentabilidade\/","name":"F\u00e9rias sustent\u00e1veis - Hotel Rural Quinta do Marco, Tavira","isPartOf":{"@id":"https:\/\/www.hotelquintadomarco.com\/#website"},"datePublished":"2023-02-10T14:53:49+00:00","dateModified":"2024-05-07T13:12:57+00:00","description":"Situado no meio da natureza, o Hotel Quinta do Marco garante-lhe umas f\u00e9rias mais sustent\u00e1veis. Visite-nos e obtenha a sua experi\u00eancia","breadcrumb":{"@id":"https:\/\/www.hotelquintadomarco.com\/sustentabilidade\/#breadcrumb"},"inLanguage":"pt-PT","potentialAction":[{"@type":"ReadAction","target":["https:\/\/www.hotelquintadomarco.com\/sustentabilidade\/"]}]},{"@type":"BreadcrumbList","@id":"https:\/\/www.hotelquintadomarco.com\/sustentabilidade\/#breadcrumb","itemListElement":[{"@type":"ListItem","position":1,"name":"In\u00edcio","item":"https:\/\/www.hotelquintadomarco.com\/"},{"@type":"ListItem","position":2,"name":"Sustentabilidade"}]},{"@type":"WebSite","@id":"https:\/\/www.hotelquintadomarco.com\/#website","url":"https:\/\/www.hotelquintadomarco.com\/","name":"Quinta do Marco","description":"Ecoturismo","potentialAction":[{"@type":"SearchAction","target":{"@type":"EntryPoint","urlTemplate":"https:\/\/www.hotelquintadomarco.com\/?s={search_term_string}"},"query-input":{"@type":"PropertyValueSpecification","valueRequired":true,"valueName":"search_term_string"}}],"inLanguage":"pt-PT"}]}},"_links":{"self":[{"href":"https:\/\/www.hotelquintadomarco.com\/pt\/wp-json\/wp\/v2\/pages\/1447","targetHints":{"allow":["GET"]}}],"collection":[{"href":"https:\/\/www.hotelquintadomarco.com\/pt\/wp-json\/wp\/v2\/pages"}],"about":[{"href":"https:\/\/www.hotelquintadomarco.com\/pt\/wp-json\/wp\/v2\/types\/page"}],"author":[{"embeddable":true,"href":"https:\/\/www.hotelquintadomarco.com\/pt\/wp-json\/wp\/v2\/users\/2"}],"replies":[{"embeddable":true,"href":"https:\/\/www.hotelquintadomarco.com\/pt\/wp-json\/wp\/v2\/comments?post=1447"}],"version-history":[{"count":1,"href":"https:\/\/www.hotelquintadomarco.com\/pt\/wp-json\/wp\/v2\/pages\/1447\/revisions"}],"predecessor-version":[{"id":3837,"href":"https:\/\/www.hotelquintadomarco.com\/pt\/wp-json\/wp\/v2\/pages\/1447\/revisions\/3837"}],"wp:attachment":[{"href":"https:\/\/www.hotelquintadomarco.com\/pt\/wp-json\/wp\/v2\/media?parent=1447"}],"curies":[{"name":"wp","href":"https:\/\/api.w.org\/{rel}","templated":true}]}}